{"id":1279,"date":"2024-06-29T13:49:21","date_gmt":"2024-06-29T05:49:21","guid":{"rendered":"https:\/\/partydecordelight.com\/product\/open-wall-arch-covers-double-sided-color\/"},"modified":"2024-07-21T15:09:08","modified_gmt":"2024-07-21T07:09:08","slug":"open-wall-arch-covers-double-sided-color","status":"publish","type":"product","link":"https:\/\/partydecordelight.com\/de\/product\/open-wall-arch-covers-double-sided-color\/","title":{"rendered":"Doppelseitig mit Double-Color-Polyester-Abdeckungen mit Rei\u00dfverschluss f\u00fcr offene Wand Bogen Rahmen, Hochzeit Bogen Stand, Party Backdrop Bogen Stand Abdeckung"},"content":{"rendered":"<p><strong>Beschreibung:<\/strong><\/p>\n<p>Steigern Sie die visuelle Attraktivit\u00e4t Ihrer Veranstaltung mit unseren doppelseitigen Bogenabdeckungen f\u00fcr offene W\u00e4nde. Diese vielseitigen Abdeckungen sind als Erg\u00e4nzung zu unseren Open Wall Arched Frames konzipiert und bieten eine elegante und anpassbare Kulisse f\u00fcr Hochzeiten, Empf\u00e4nge und andere besondere Anl\u00e4sse.<\/p>\n<p><strong>Wesentliche Merkmale:<\/strong><\/p>\n<p>1. **Doppelseitige Farbe:** Die Abdeckungen verf\u00fcgen \u00fcber ein doppelseitiges Design, so dass Sie w\u00e4hlen, und zeigen zwei verschiedene Farben f\u00fcr zus\u00e4tzliche Vielseitigkeit. Diese Funktion erm\u00f6glicht es Ihnen, Ihre Veranstaltung das Farbschema oder \u00dcbergang zwischen den Farben f\u00fcr verschiedene Teile Ihrer Feier entsprechen.<\/p>\n<p>2. **Hochwertiges Material:** Gefertigt aus Premium-Materialien, sind die Abdeckungen langlebig und bieten eine glatte, luxuri\u00f6se Textur. Das Material wird ausgew\u00e4hlt, um die visuelle Attraktivit\u00e4t des Bogens zu verbessern, wodurch eine anspruchsvolle Kulisse f\u00fcr jede Veranstaltung.<\/p>\n<p>3.  **Einfache Installation:** Entworfen f\u00fcr benutzerfreundliche Montage, k\u00f6nnen die Abdeckungen leicht an der offenen Wand Bogen Frame befestigt werden. Der unkomplizierte Installationsprozess stellt sicher, dass Sie eine atemberaubende Kulisse ohne die Notwendigkeit f\u00fcr umfangreiche Setup-Zeit erstellen k\u00f6nnen.<\/p>\n<p>4. **Kompatibilit\u00e4t:** Speziell zugeschnitten auf unsere Open Wall Arched Frames, sind diese Abdeckungen eine perfekte Erg\u00e4nzung f\u00fcr eine nahtlose und koh\u00e4rente Optik. Die Kompatibilit\u00e4t stellt sicher, dass die Abdeckungen m\u00fchelos die Bogenrahmen erg\u00e4nzen, wodurch ein poliertes und zusammenh\u00e4ngendes Erscheinungsbild.<\/p>\n<p>Verwandeln Sie Ihren Veranstaltungsraum mit den Open Wall Arch Covers Double Sided Color. Sie bieten eine lebendige und anpassbare Kulisse, die Ihren besonderen Anl\u00e4ssen einen Hauch von Eleganz und Charme verleiht. Werten Sie Ihr Eventdekor auf, indem Sie diese vielseitigen Abdeckungen in Ihre Feier integrieren.<\/p>\n<p><strong>Schl\u00fcsselw\u00f6rter:<\/strong><br \/>\nOpen Wall Bogenrahmen, Bogenst\u00e4nder, doppelseitige Stoffbez\u00fcge, zweifarbig, Aluminiumlegierung, Polyester, Hochzeiten, Partys, Fotokabinen, handgefertigt, vielseitiges Design, Haltbarkeit, einfache Pflege, optisch ansprechend. Unser Premium-Polyester-Hintergrundtuch f\u00fcr unseren Kulissenrahmen wird aus hochwertigem Polyestermaterial hergestellt, diese doppelseitige Leinwand bietet au\u00dfergew\u00f6hnliche Vorteile. Die Polyesterzusammensetzung sorgt f\u00fcr Langlebigkeit, Knitterfreiheit und ein makelloses, professionelles Aussehen.<\/p>","protected":false},"excerpt":{"rendered":"<p>Kostenloser Versand innerhalb der USA | 2-5 Tage Lieferung.<\/p>","protected":false},"featured_media":2237,"comment_status":"open","ping_status":"closed","template":"","meta":{"site-sidebar-layout":"default","site-content-layout":"default","ast-global-header-display":"","ast-banner-title-visibility":"","ast-main-header-display":"","ast-hfb-above-header-display":"","ast-hfb-below-header-display":"","ast-hfb-mobile-header-display":"","site-post-title":"","ast-breadcrumbs-content":"","ast-featured-img":"","footer-sml-layout":"","theme-transparent-header-meta":"default","adv-header-id-meta":"","stick-header-meta":"default","header-above-stick-meta":"","header-main-stick-meta":"","header-below-stick-meta":""},"product_cat":[21,35],"product_tag":[151],"class_list":{"0":"post-1279","1":"product","2":"type-product","3":"status-publish","4":"has-post-thumbnail","6":"product_cat-all","7":"product_cat-covers","8":"product_tag-arch-stand-cover","9":"desktop-align-left","10":"tablet-align-left","11":"mobile-align-left","13":"first","14":"instock","15":"sale","16":"taxable","17":"shipping-taxable","18":"purchasable","19":"product-type-variable"},"jetpack_sharing_enabled":true,"_links":{"self":[{"href":"https:\/\/partydecordelight.com\/de\/wp-json\/wp\/v2\/product\/1279","targetHints":{"allow":["GET"]}}],"collection":[{"href":"https:\/\/partydecordelight.com\/de\/wp-json\/wp\/v2\/product"}],"about":[{"href":"https:\/\/partydecordelight.com\/de\/wp-json\/wp\/v2\/types\/product"}],"replies":[{"embeddable":true,"href":"https:\/\/partydecordelight.com\/de\/wp-json\/wp\/v2\/comments?post=1279"}],"version-history":[{"count":3,"href":"https:\/\/partydecordelight.com\/de\/wp-json\/wp\/v2\/product\/1279\/revisions"}],"predecessor-version":[{"id":1946,"href":"https:\/\/partydecordelight.com\/de\/wp-json\/wp\/v2\/product\/1279\/revisions\/1946"}],"wp:featuredmedia":[{"embeddable":true,"href":"https:\/\/partydecordelight.com\/de\/wp-json\/wp\/v2\/media\/2237"}],"wp:attachment":[{"href":"https:\/\/partydecordelight.com\/de\/wp-json\/wp\/v2\/media?parent=1279"}],"wp:term":[{"taxonomy":"product_cat","embeddable":true,"href":"https:\/\/partydecordelight.com\/de\/wp-json\/wp\/v2\/product_cat?post=1279"},{"taxonomy":"product_tag","embeddable":true,"href":"https:\/\/partydecordelight.com\/de\/wp-json\/wp\/v2\/product_tag?post=1279"}],"curies":[{"name":"wp","href":"https:\/\/api.w.org\/{rel}","templated":true}]}}