{"id":1286,"date":"2024-06-29T13:49:23","date_gmt":"2024-06-29T05:49:23","guid":{"rendered":"https:\/\/partydecordelight.com\/product\/pre-order-40%e2%80%b3-tall-5-tier-crystal-glass-pendant-stand-centerpiece-stand%e3%80%90gold%e3%80%91\/"},"modified":"2026-02-08T00:40:03","modified_gmt":"2026-02-08T05:40:03","slug":"pre-order-40%e2%80%b3-tall-5-tier-crystal-glass-pendant-stand-centerpiece-stand%e3%80%90gold%e3%80%91","status":"publish","type":"product","link":"https:\/\/partydecordelight.com\/de\/product\/pre-order-40%e2%80%b3-tall-5-tier-crystal-glass-pendant-stand-centerpiece-stand%e3%80%90gold%e3%80%91\/","title":{"rendered":"40\u2033 hoch 5-Tier Runde Gold Hochzeit Vasen Centerpieces klar Anh\u00e4nger Blume Stand | Sockel Stand f\u00fcr Hochzeit Party Dekoration"},"content":{"rendered":"<p>Werten Sie Ihre Veranstaltungsdekoration mit unseren exquisiten 40\u2033 hohen 5-st\u00f6ckigen Kristallglas-H\u00e4ngest\u00e4ndern auf, die jetzt in einer luxuri\u00f6sen Goldausf\u00fchrung erh\u00e4ltlich sind. Diese St\u00e4nder dienen als auff\u00e4llige Mittelst\u00fccke und verleihen Hochzeiten, Empf\u00e4ngen oder anderen besonderen Anl\u00e4ssen einen Hauch von Opulenz und Raffinesse. Mit einer harmonischen Mischung aus kristalliner Eleganz und metallischer Erhabenheit ist dieses Set dazu bestimmt, zu fesseln und zu beeindrucken.<\/p>\n<p>&nbsp;<\/p>\n<p><strong>Wesentliche Merkmale:<\/strong><\/p>\n<p>1. **Regales Gold-Finish:** Die gl\u00e4nzende Goldbeschichtung verleiht diesen St\u00e4ndern einen k\u00f6niglichen Touch und sorgt daf\u00fcr, dass sie als opulente Blickpunkte in jeder Umgebung auffallen. Der warme und einladende Farbton erg\u00e4nzt verschiedene Farbschemata, so dass sie vielseitig f\u00fcr eine breite Palette von Veranstaltungen.<\/p>\n<p>2. **5-Tier Eleganz:** Stehend hoch bei 40 Zoll, diese St\u00e4nde verf\u00fcgen \u00fcber eine 5-Tier-Design, das einen optisch beeindruckenden Kaskadeneffekt erzeugt. Die Etagen bieten reichlich Platz, um Ihre Lieblingsblumen, Kerzen oder andere dekorative Elemente zu pr\u00e4sentieren, so dass Sie Ihr Mittelst\u00fcck mit Kreativit\u00e4t und Flair anpassen.<\/p>\n<p>3. **Kristallglas-Anh\u00e4nger:** Geschm\u00fcckt mit Kristallglas-Anh\u00e4nger, diese St\u00e4nde funkeln und fangen das Licht, werfen einen faszinierenden Glanz in Ihrem Veranstaltungsraum. Die Kombination von Gold und Kristall verbessert die gesamte luxuri\u00f6se \u00c4sthetik, so dass diese St\u00e4nde eine fesselnde Erg\u00e4nzung zu Ihrem Dekor.<\/p>\n<p>4. **Vielseitige Tafelaufs\u00e4tze:** Ob Sie eine Hochzeit, Gala oder eine gehobene Feier planen, diese St\u00e4nder dienen als vielseitige Tafelaufs\u00e4tze. Arrangieren Sie Blumen, Gr\u00fcnzeug oder sogar Lichterketten, um ein fesselndes Display zu schaffen, das Glamour und Raffinesse ausstrahlt.<\/p>\n<p>5. **Einfache Montage:** Entworfen f\u00fcr die Bequemlichkeit, sind diese St\u00e4nde einfach zu montieren, so dass Sie auf den kreativen Aspekt der Dekoration und nicht die Einrichtung zu konzentrieren. Die robuste Konstruktion sorgt f\u00fcr Stabilit\u00e4t, so dass Sie die Ruhe, wie Sie eine atemberaubende Atmosph\u00e4re f\u00fcr Ihre G\u00e4ste zu schaffen.<\/p>\n<p>Setzen Sie mit den 40\u2033 hohen 5-st\u00f6ckigen Kristallglas-H\u00e4ngest\u00e4ndern in fesselnder Goldoptik ein markantes Zeichen bei Ihrer Veranstaltung. Sichern Sie sich jetzt Ihr Set, um Ihrer Feier einen Hauch von Luxus zu verleihen und ein unvergessliches Erlebnis f\u00fcr Sie und Ihre G\u00e4ste zu garantieren.<\/p>\n<ul>\n<li>Gesamth\u00f6he: 39,4\u2033.<\/li>\n<li>Sockel Gr\u00f6\u00dfe: 11.8\u2033 L x 11.8\u2033W<\/li>\n<li>Kristall-Anh\u00e4nger:4.7\u2033L Gewicht: 45g<\/li>\n<li><strong>Material<\/strong>\u00a0: Metall, Acryl<\/li>\n<li><strong>Farbe:\u00a0<\/strong>Gold, Klar<\/li>\n<li>Gewicht: Rund 25LBs<\/li>\n<li><strong>\u00c4hnlich erforderlich\u00a0<\/strong>Ja Leicht zu montieren<\/li>\n<\/ul>\n<p>Schl\u00fcsselw\u00f6rter:<br \/>\nSockel Stand, Gold, Metall, Zylinder, Baby-Dusche, Party, Desserttisch S\u00e4ule, Hochzeit Hintergrund, Gold \/ Silber Sockeln, Centerpieces<\/p>","protected":false},"excerpt":{"rendered":"<p>Kostenloser Versand innerhalb der USA | 2-5 Tage Lieferung.<\/p>","protected":false},"featured_media":2223,"comment_status":"open","ping_status":"closed","template":"","meta":{"site-sidebar-layout":"default","site-content-layout":"default","ast-global-header-display":"","ast-banner-title-visibility":"","ast-main-header-display":"","ast-hfb-above-header-display":"","ast-hfb-below-header-display":"","ast-hfb-mobile-header-display":"","site-post-title":"","ast-breadcrumbs-content":"","ast-featured-img":"","footer-sml-layout":"","theme-transparent-header-meta":"default","adv-header-id-meta":"","stick-header-meta":"default","header-above-stick-meta":"","header-main-stick-meta":"","header-below-stick-meta":""},"product_cat":[21,37],"product_tag":[143],"class_list":{"0":"post-1286","1":"product","2":"type-product","3":"status-publish","4":"has-post-thumbnail","6":"product_cat-all","7":"product_cat-tabletop-8-centerpieces","8":"product_tag-centerpiece","9":"desktop-align-left","10":"tablet-align-left","11":"mobile-align-left","13":"first","14":"instock","15":"sale","16":"taxable","17":"shipping-taxable","18":"purchasable","19":"product-type-variable"},"jetpack_sharing_enabled":true,"_links":{"self":[{"href":"https:\/\/partydecordelight.com\/de\/wp-json\/wp\/v2\/product\/1286","targetHints":{"allow":["GET"]}}],"collection":[{"href":"https:\/\/partydecordelight.com\/de\/wp-json\/wp\/v2\/product"}],"about":[{"href":"https:\/\/partydecordelight.com\/de\/wp-json\/wp\/v2\/types\/product"}],"replies":[{"embeddable":true,"href":"https:\/\/partydecordelight.com\/de\/wp-json\/wp\/v2\/comments?post=1286"}],"version-history":[{"count":2,"href":"https:\/\/partydecordelight.com\/de\/wp-json\/wp\/v2\/product\/1286\/revisions"}],"predecessor-version":[{"id":1930,"href":"https:\/\/partydecordelight.com\/de\/wp-json\/wp\/v2\/product\/1286\/revisions\/1930"}],"wp:featuredmedia":[{"embeddable":true,"href":"https:\/\/partydecordelight.com\/de\/wp-json\/wp\/v2\/media\/2223"}],"wp:attachment":[{"href":"https:\/\/partydecordelight.com\/de\/wp-json\/wp\/v2\/media?parent=1286"}],"wp:term":[{"taxonomy":"product_cat","embeddable":true,"href":"https:\/\/partydecordelight.com\/de\/wp-json\/wp\/v2\/product_cat?post=1286"},{"taxonomy":"product_tag","embeddable":true,"href":"https:\/\/partydecordelight.com\/de\/wp-json\/wp\/v2\/product_tag?post=1286"}],"curies":[{"name":"wp","href":"https:\/\/api.w.org\/{rel}","templated":true}]}}