{"id":1288,"date":"2024-06-29T13:49:23","date_gmt":"2024-06-29T05:49:23","guid":{"rendered":"https:\/\/partydecordelight.com\/product\/5pcs-37h-8-arms-gold-cluster-candle-holder-candlestick-tabletop-centerpieces\/"},"modified":"2024-07-21T13:22:58","modified_gmt":"2024-07-21T05:22:58","slug":"5pcs-37h-8-arms-gold-cluster-candle-holder-candlestick-tabletop-centerpieces","status":"publish","type":"product","link":"https:\/\/partydecordelight.com\/de\/product\/5pcs-37h-8-arms-gold-cluster-candle-holder-candlestick-tabletop-centerpieces\/","title":{"rendered":"5Pcs | Set 37\u2033H 8 Arme Gold Cluster Kerze Halter Kerzenst\u00e4nder Tischplatte Mittelst\u00fccke"},"content":{"rendered":"<p>Dieser 36\u2033H 8 Arms Gold Cluster Kerzenhalter Party Centerpiece ist perfekt f\u00fcr jeden besonderen Anlass. Es verf\u00fcgt \u00fcber 8 Arme, die jeweils eine Kerze halten k\u00f6nnen, so dass es eine sch\u00f6ne und auff\u00e4llige Mittelst\u00fcck. Dieser atemberaubende, goldfarbene Kerzenhalter wird jede Veranstaltung zum Strahlen bringen. Mit seiner H\u00f6he von 36\u2033 ist er ein toller Blickfang f\u00fcr jeden Tisch oder jede Veranstaltung. Verleihen Sie Ihrer Veranstaltung einen Hauch von Eleganz mit diesem sch\u00f6nen Kerzenhalter.<\/p>\n<p><strong>Spezifikation:<\/strong><\/p>\n<p>Packung: 5 St\u00fcck pro Set<\/p>\n<p>Material: Metall und Glas<\/p>\n<p>Farbe: Gold<\/p>\n<p>Gesamth\u00f6he: 37\"<\/p>\n<p>Basis-Durchmesser: 11\"<\/p>\n<p>Anzahl der St\u00e4mme: 8<\/p>\n<p>Glasschirme: 8<\/p>\n<p>Gesamth\u00f6he f\u00fcr 8 Halter: 24,4\u2033H X2, 28\u2033HX2, 32,3\u2033HX2, 36,2\u2033 HX2<\/p>\n<p>Glas Gr\u00f6\u00dfe: 9.8 \"H 2\u2033D<\/p>\n<p>Jedes Paket enth\u00e4lt:<\/p>\n<p>Eine Schachtel f\u00fcr die St\u00e4be<\/p>\n<p>Eine Box f\u00fcr Glasschirme<\/p>\n<p>Eine Schachtel f\u00fcr die Lichtschalen und Sockel.<\/p>\n<p>Montage erforderlich: Ja<\/p>\n<p>Anlass: Hochzeit, Baby Shower Party, oder jede andere Party, Haus, Garten<\/p>\n<p>Farbe: Gold<\/p>\n<p><strong>Alle Gr\u00f6\u00dfen sind ungef\u00e4hre Angaben<\/strong><\/p>\n<p><a href=\"https:\/\/youtu.be\/UzJ2cMV_wDI\" target=\"_blank\" rel=\"noopener\"><strong>Bitte klicken Sie f\u00fcr<\/strong><\/a><strong> <a href=\"https:\/\/youtu.be\/8rOd_c20yq8\">Anleitung f\u00fcr die Montage von<\/a><\/strong><a href=\"https:\/\/youtu.be\/UzJ2cMV_wDI\" target=\"_blank\" rel=\"noopener\"><strong>\u00a0diese\u00a0<\/strong><\/a>Artikel.<\/p>","protected":false},"excerpt":{"rendered":"<p>Kostenloser Versand innerhalb der USA | 2-5 Tage Lieferung.<\/p>","protected":false},"featured_media":2210,"comment_status":"open","ping_status":"closed","template":"","meta":{"site-sidebar-layout":"default","site-content-layout":"default","ast-global-header-display":"","ast-banner-title-visibility":"","ast-main-header-display":"","ast-hfb-above-header-display":"","ast-hfb-below-header-display":"","ast-hfb-mobile-header-display":"","site-post-title":"","ast-breadcrumbs-content":"","ast-featured-img":"","footer-sml-layout":"","theme-transparent-header-meta":"default","adv-header-id-meta":"","stick-header-meta":"default","header-above-stick-meta":"","header-main-stick-meta":"","header-below-stick-meta":""},"product_cat":[21,37],"product_tag":[142,141],"class_list":{"0":"post-1288","1":"product","2":"type-product","3":"status-publish","4":"has-post-thumbnail","6":"product_cat-all","7":"product_cat-tabletop-8-centerpieces","8":"product_tag-candelabra","9":"product_tag-candle-holder","10":"desktop-align-left","11":"tablet-align-left","12":"mobile-align-left","14":"first","15":"instock","16":"sale","17":"taxable","18":"shipping-taxable","19":"purchasable","20":"product-type-simple"},"jetpack_sharing_enabled":true,"_links":{"self":[{"href":"https:\/\/partydecordelight.com\/de\/wp-json\/wp\/v2\/product\/1288","targetHints":{"allow":["GET"]}}],"collection":[{"href":"https:\/\/partydecordelight.com\/de\/wp-json\/wp\/v2\/product"}],"about":[{"href":"https:\/\/partydecordelight.com\/de\/wp-json\/wp\/v2\/types\/product"}],"replies":[{"embeddable":true,"href":"https:\/\/partydecordelight.com\/de\/wp-json\/wp\/v2\/comments?post=1288"}],"version-history":[{"count":4,"href":"https:\/\/partydecordelight.com\/de\/wp-json\/wp\/v2\/product\/1288\/revisions"}],"predecessor-version":[{"id":2211,"href":"https:\/\/partydecordelight.com\/de\/wp-json\/wp\/v2\/product\/1288\/revisions\/2211"}],"wp:featuredmedia":[{"embeddable":true,"href":"https:\/\/partydecordelight.com\/de\/wp-json\/wp\/v2\/media\/2210"}],"wp:attachment":[{"href":"https:\/\/partydecordelight.com\/de\/wp-json\/wp\/v2\/media?parent=1288"}],"wp:term":[{"taxonomy":"product_cat","embeddable":true,"href":"https:\/\/partydecordelight.com\/de\/wp-json\/wp\/v2\/product_cat?post=1288"},{"taxonomy":"product_tag","embeddable":true,"href":"https:\/\/partydecordelight.com\/de\/wp-json\/wp\/v2\/product_tag?post=1288"}],"curies":[{"name":"wp","href":"https:\/\/api.w.org\/{rel}","templated":true}]}}