{"id":1292,"date":"2024-06-29T13:49:24","date_gmt":"2024-06-29T05:49:24","guid":{"rendered":"https:\/\/partydecordelight.com\/product\/6pcs-for-2-sets-crystal-glass-candle-holder-candlestick-party-centerpiece\/"},"modified":"2025-12-25T14:18:43","modified_gmt":"2025-12-25T19:18:43","slug":"6pcs-for-2-sets-crystal-glass-candle-holder-candlestick-party-centerpiece","status":"publish","type":"product","link":"https:\/\/partydecordelight.com\/de\/product\/6pcs-for-2-sets-crystal-glass-candle-holder-candlestick-party-centerpiece\/","title":{"rendered":"6Pcs f\u00fcr 2 Sets Kristallglas Kerzenhalter Kerzenst\u00e4nder Party Tafelaufsatz"},"content":{"rendered":"<p>Spezifikation:<br \/>\nPaket: 2 Sets (6 St\u00fcck) (ein Set f\u00fcr 3 St\u00fcck)<br \/>\nMaterial: Kristallglas<br \/>\nAnlass: Hochzeit, Baby Shower Party, oder jede andere Party, Haus, Garten &amp; Etc.<br \/>\nH\u00f6he f\u00fcr jedes Exemplar: 23,6\u2033 &amp; 25,6\u2033 &amp; 27,6\u2033<br \/>\nMa\u00dfe f\u00fcr das Paket: 24.4\u2033X20.1\u2033X11\u2033<br \/>\nAlle Gr\u00f6\u00dfen sind ungef\u00e4hre Angaben<\/p>\n<p>&nbsp;<\/p>\n<p>\u2728 **Produkt-Highlights** \u2728<\/p>\n<p>Jedes Set enth\u00e4lt 3 elegante Kristallglas-Kerzenhalter, die Ihre Partydekoration aufwerten und Ihren Feierlichkeiten einen Hauch von zeitlosem Glamour verleihen. Diese mit Pr\u00e4zision und Liebe zum Detail gefertigten Kerzenhalter kombinieren den Glanz von Kristall mit der W\u00e4rme von Kerzenlicht.<\/p>\n<p>\u2728 **Warum w\u00e4hlen Sie unsere Kristallglas-Kerzenst\u00e4nder?** \u2728<\/p>\n<p>1. **Zeitlose Eleganz**: Diese Kerzenhalter strahlen mit ihrem kristallklaren Glas und dem filigranen Design eine zeitlose Eleganz aus. Sie fangen das flackernde Kerzenlicht ein und reflektieren es wundersch\u00f6n, wodurch ein fesselndes Ambiente entsteht.<\/p>\n<p>2. **Wandelbares Dekor**: Ob es sich um ein romantisches Abendessen, einen gro\u00dfen Hochzeitsempfang oder einen anderen besonderen Anlass handelt, diese Kerzenleuchter sind vielseitig und anpassungsf\u00e4hig. Sie dienen als exquisite Tafelaufs\u00e4tze oder Statement-St\u00fccke auf Kaminsimsen und Tischen.<\/p>\n<p>3. **Unvergessliche Momente**: Unsere Kerzenst\u00e4nder werden mit Sorgfalt aus hochwertigen Materialien hergestellt und sind f\u00fcr eine lange Lebensdauer ausgelegt. Sie sind nicht nur Dekoration; sie sind Erbst\u00fccke, die unz\u00e4hlige Versammlungen zu verbessern und zu schaffen gehegten Erinnerungen.<\/p>\n<p>\u2728 **Warum bei [Party Decor Delight] einkaufen?** \u2728<\/p>\n<p>Bei [Party Decor Delight] ist es unsere Leidenschaft, jeden Moment unvergesslich zu machen. Unsere Kristallglas-Kerzenst\u00e4nder sind ein Beweis f\u00fcr unser Engagement f\u00fcr Qualit\u00e4t, Stil und au\u00dfergew\u00f6hnliche Kundenerlebnisse.<\/p>\n<p>\u2728 **Bestellen Sie Ihre Bestellung noch heute** \u2728<\/p>\n<p>Erh\u00f6hen Sie die Eleganz Ihrer Veranstaltungsdekoration mit unseren Kerzenhaltern aus Kristallglas. Sie sind das Herzst\u00fcck Ihrer Feier und verbreiten ein warmes und einladendes Licht, das Ihre G\u00e4ste verzaubert.<\/p>\n<p>Verpassen Sie nicht die Gelegenheit, Luxus und Raffinesse in Ihre Veranstaltung zu bringen. Entdecken Sie die unendlichen M\u00f6glichkeiten mit unseren Kerzenleuchtern und verwandeln Sie Ihre besonderen Momente in zeitlose Erinnerungen.<\/p>\n<p>Willkommen in einer Welt voller Sch\u00f6nheit, Handwerkskunst und unvergesslicher Feste. Willkommen bei [Party Decor Delight].<\/p>\n<p>Bestellen Sie Ihre Kristallglas-Kerzenhalter-Sets noch heute und lassen Sie Ihre Zusammenk\u00fcnfte in zeitlosem Glanz erstrahlen!<\/p>\n<p><strong>Schl\u00fcsselw\u00f6rter:<\/strong><br \/>\nKristallglas-Kerzenhalter, handgefertigt, Zylinder-Cluster-Design, Hurricane-Kristall, Tafelaufsatz, Tischdekoration, Bodenakzent, Wohndekoration, Hochzeitsgeschenk, Geschenk zum Jahrestag, Geschenk zur Einweihung, hochwertige Materialien, langlebig, symmetrisches Design, kristallklares Finish, vielseitig einsetzbar.<\/p>","protected":false},"excerpt":{"rendered":"<p>Kostenloser Versand innerhalb der USA | 2-5 Tage Lieferung.<\/p>","protected":false},"featured_media":2194,"comment_status":"open","ping_status":"closed","template":"","meta":{"site-sidebar-layout":"default","site-content-layout":"default","ast-global-header-display":"","ast-banner-title-visibility":"","ast-main-header-display":"","ast-hfb-above-header-display":"","ast-hfb-below-header-display":"","ast-hfb-mobile-header-display":"","site-post-title":"","ast-breadcrumbs-content":"","ast-featured-img":"","footer-sml-layout":"","theme-transparent-header-meta":"default","adv-header-id-meta":"","stick-header-meta":"default","header-above-stick-meta":"","header-main-stick-meta":"","header-below-stick-meta":""},"product_cat":[21,37],"product_tag":[142,141],"class_list":{"0":"post-1292","1":"product","2":"type-product","3":"status-publish","4":"has-post-thumbnail","6":"product_cat-all","7":"product_cat-tabletop-8-centerpieces","8":"product_tag-candelabra","9":"product_tag-candle-holder","10":"desktop-align-left","11":"tablet-align-left","12":"mobile-align-left","14":"first","15":"instock","16":"sale","17":"taxable","18":"shipping-taxable","19":"purchasable","20":"product-type-simple"},"jetpack_sharing_enabled":true,"_links":{"self":[{"href":"https:\/\/partydecordelight.com\/de\/wp-json\/wp\/v2\/product\/1292","targetHints":{"allow":["GET"]}}],"collection":[{"href":"https:\/\/partydecordelight.com\/de\/wp-json\/wp\/v2\/product"}],"about":[{"href":"https:\/\/partydecordelight.com\/de\/wp-json\/wp\/v2\/types\/product"}],"replies":[{"embeddable":true,"href":"https:\/\/partydecordelight.com\/de\/wp-json\/wp\/v2\/comments?post=1292"}],"version-history":[{"count":2,"href":"https:\/\/partydecordelight.com\/de\/wp-json\/wp\/v2\/product\/1292\/revisions"}],"predecessor-version":[{"id":1870,"href":"https:\/\/partydecordelight.com\/de\/wp-json\/wp\/v2\/product\/1292\/revisions\/1870"}],"wp:featuredmedia":[{"embeddable":true,"href":"https:\/\/partydecordelight.com\/de\/wp-json\/wp\/v2\/media\/2194"}],"wp:attachment":[{"href":"https:\/\/partydecordelight.com\/de\/wp-json\/wp\/v2\/media?parent=1292"}],"wp:term":[{"taxonomy":"product_cat","embeddable":true,"href":"https:\/\/partydecordelight.com\/de\/wp-json\/wp\/v2\/product_cat?post=1292"},{"taxonomy":"product_tag","embeddable":true,"href":"https:\/\/partydecordelight.com\/de\/wp-json\/wp\/v2\/product_tag?post=1292"}],"curies":[{"name":"wp","href":"https:\/\/api.w.org\/{rel}","templated":true}]}}