{"id":1293,"date":"2024-06-29T13:49:24","date_gmt":"2024-06-29T05:49:24","guid":{"rendered":"https:\/\/partydecordelight.com\/product\/light-gold-shimmer-wall-backdrop-sequins-self-locking-panels\/"},"modified":"2024-07-14T06:56:56","modified_gmt":"2024-07-13T22:56:56","slug":"light-gold-shimmer-wall-backdrop-sequins-self-locking-panels","status":"publish","type":"product","link":"https:\/\/partydecordelight.com\/de\/product\/light-gold-shimmer-wall-backdrop-sequins-self-locking-panels\/","title":{"rendered":"Hellgold schimmernde Wand, aufger\u00fcstet mit PC-Gitterrahmen, schimmernder Hintergrund, Pailletten-Wandhintergrund, schimmernde Wandpaneele"},"content":{"rendered":"<p>\ud83c\udf1f **Spezifikationen:** \ud83c\udf1f<\/p>\n<p>Gr\u00f6\u00dfe: Die Gr\u00f6\u00dfe f\u00fcr jede Platte ist 12\u2033X12\u2033<br \/>\n36 Paneele k\u00f6nnen eine 6FTX6FT schimmernde Wand bilden<br \/>\n49 Paneele k\u00f6nnen eine 7FTX7FT schimmernde Wand bilden<br \/>\n64 Paneele k\u00f6nnen eine schimmernde Wand von 8FTX8FT bilden<br \/>\nFarbe: Hellgold<br \/>\nAnlass: Hochzeit, Baby Shower Party, oder jede andere Party, Haus, Garten<br \/>\nAlle Gr\u00f6\u00dfen sind ungef\u00e4hre Ma\u00dfe und Farben k\u00f6nnen aufgrund unterschiedlicher Displays variieren.<\/p>\n<p>&nbsp;<\/p>\n<p>\u2728 Unser glamour\u00f6ser, hellgolden schimmernder Wandhintergrund wird vorgestellt! \u2728<\/p>\n<p>Verwandeln Sie jeden Raum in eine Szene wie aus einem M\u00e4rchen mit unseren exquisiten Light Gold Shimmer Wall Backdrop Sequins Self-Locking Panels. Ganz gleich, ob Sie eine traumhafte Hochzeit, ein glamour\u00f6ses Fotoshooting oder eine aufsehenerregende Veranstaltung planen, diese schimmernden Paneele verleihen Ihrer Einrichtung einen Hauch von Magie und Luxus.<\/p>\n<p>&nbsp;<\/p>\n<p>\ud83c\udf1f **Schl\u00fcsselmerkmale:** \ud83c\udf1f<\/p>\n<p>1. **Schillernde Eleganz:** Unsere Light Gold Shimmer Wall Backdrop ist entworfen, um eine atemberaubende Atmosph\u00e4re zu schaffen. Die schimmernden Pailletten-Paneele fangen und reflektieren das Licht wundersch\u00f6n und verleihen Ihrem Raum ein fesselndes Funkeln, das sicher einen bleibenden Eindruck hinterl\u00e4sst.<\/p>\n<p>2. **Selbstverriegelung Panels:** Einrichten Ihrer Kulisse war noch nie so einfach. Diese Paneele kommen mit einem benutzerfreundlichen Selbstverriegelungsmechanismus, der es Ihnen erm\u00f6glicht, sie m\u00fchelos zu verbinden, um eine nahtlose und sichere Passform zu gew\u00e4hrleisten. Keine Notwendigkeit f\u00fcr zus\u00e4tzliche Werkzeuge oder komplizierte Installationen!<\/p>\n<p>3. **Anpassbare Gr\u00f6\u00dfe:** Ob Sie einen Hintergrund f\u00fcr eine kleine intime Versammlung oder eine gro\u00dfe Veranstaltung ben\u00f6tigen, sind unsere Platten anpassbar an Ihren Raum passen. Sie k\u00f6nnen leicht die Breite und H\u00f6he anpassen, um die perfekte Kulisse Gr\u00f6\u00dfe f\u00fcr Ihre Bed\u00fcrfnisse zu schaffen.<\/p>\n<p>4. **Versatile Decor:** Die Light Gold Farbe ist vielseitig und zeitlos, so dass es f\u00fcr verschiedene Anl\u00e4sse geeignet. Verwenden Sie es als Photobooth-Hintergrund, ein Kopf-Tisch-Hintergrund bei Hochzeiten, oder als eine atemberaubende Akzent St\u00fcck in Ihrem Haus Dekor.<\/p>\n<p>5. **Hochwertige Materialien:** Hergestellt aus Premium-Qualit\u00e4t Pailletten und Stoff, ist unsere Kulisse gebaut, um zu halten. Es ist langlebig, leicht zu reinigen, und kann f\u00fcr mehrere Veranstaltungen wiederverwendet werden.<\/p>\n<p>6. **Unendliche M\u00f6glichkeiten:** Werden Sie kreativ und erg\u00e4nzen Sie die Kulisse mit zus\u00e4tzlichen Dekorationselementen wie Blumenarrangements, Lichterketten oder Beschilderungen, die zu Ihrem Veranstaltungsthema oder Ihrem pers\u00f6nlichen Stil passen.<\/p>\n<p>&nbsp;<\/p>\n<p>\ud83c\udf1f **Warum unsere schimmernde Wandkulisse w\u00e4hlen?** \ud83c\udf1f<\/p>\n<p>Wir von [Party Decor 419] helfen Ihnen mit Leidenschaft, unvergessliche Momente zu schaffen. Unser Light Gold Shimmer Wall Backdrop ist mehr als nur eine Dekoration; es ist ein Statement, das jedem Anlass einen Hauch von Glamour verleiht. Ganz gleich, ob Sie ein Heimwerker oder ein professioneller Veranstaltungsplaner sind, unsere Kulisse ist so konzipiert, dass Sie Ihre Dekoration im Handumdrehen umsetzen k\u00f6nnen.<\/p>\n<p>&nbsp;<\/p>\n<p>Heben Sie Ihre Dekoration auf die n\u00e4chste Stufe der Raffinesse und des Charmes. Machen Sie Ihre Veranstaltung oder Ihr Fotoshooting zu einem unvergesslichen Erlebnis mit unseren selbstschlie\u00dfenden Pailletten-Paneelen in Hellgold-Schimmer. Bestellen Sie sie noch heute und lassen Sie die Magie beginnen! \ud83c\udf1f<br \/>\nSchl\u00fcsselw\u00f6rter:<br \/>\nPC (Polycarbonat) Grid Clip Shimmer Wall, innovatives Design, einfache Installation, faszinierender Schimmereffekt, leicht, langlebig, vielseitig einsetzbar, Premium PC, Veranstaltungsdekorationen, die Wahl des Veranstaltungsplaners.<\/p>","protected":false},"excerpt":{"rendered":"<p>Kostenloser Versand innerhalb der USA | 2-5 Tage Lieferung.<\/p>","protected":false},"featured_media":1719,"comment_status":"open","ping_status":"closed","template":"","meta":{"site-sidebar-layout":"default","site-content-layout":"default","ast-global-header-display":"","ast-banner-title-visibility":"","ast-main-header-display":"","ast-hfb-above-header-display":"","ast-hfb-below-header-display":"","ast-hfb-mobile-header-display":"","site-post-title":"","ast-breadcrumbs-content":"","ast-featured-img":"","footer-sml-layout":"","theme-transparent-header-meta":"default","adv-header-id-meta":"","stick-header-meta":"default","header-above-stick-meta":"","header-main-stick-meta":"","header-below-stick-meta":""},"product_cat":[21,38],"product_tag":[63,50,110,115,116,109,112,111,108,114,118,117,113],"class_list":{"0":"post-1293","1":"product","2":"type-product","3":"status-publish","4":"has-post-thumbnail","6":"product_cat-all","7":"product_cat-shimmer-wall","8":"product_tag-backdrop","9":"product_tag-durable","10":"product_tag-easy-installation","11":"product_tag-event-decorations","12":"product_tag-event-planners-choice","13":"product_tag-innovative-design","14":"product_tag-lightweight","15":"product_tag-mesmerizing-shimmer-effect","16":"product_tag-pc-polycarbonate-grid-clip-shimmer-wall","17":"product_tag-premium-pc","18":"product_tag-shimmer-panel","19":"product_tag-shimmer-wall","20":"product_tag-versatile-use","21":"desktop-align-left","22":"tablet-align-left","23":"mobile-align-left","25":"first","26":"instock","27":"sale","28":"taxable","29":"shipping-taxable","30":"purchasable","31":"product-type-variable"},"jetpack_sharing_enabled":true,"_links":{"self":[{"href":"https:\/\/partydecordelight.com\/de\/wp-json\/wp\/v2\/product\/1293","targetHints":{"allow":["GET"]}}],"collection":[{"href":"https:\/\/partydecordelight.com\/de\/wp-json\/wp\/v2\/product"}],"about":[{"href":"https:\/\/partydecordelight.com\/de\/wp-json\/wp\/v2\/types\/product"}],"replies":[{"embeddable":true,"href":"https:\/\/partydecordelight.com\/de\/wp-json\/wp\/v2\/comments?post=1293"}],"version-history":[{"count":3,"href":"https:\/\/partydecordelight.com\/de\/wp-json\/wp\/v2\/product\/1293\/revisions"}],"predecessor-version":[{"id":1767,"href":"https:\/\/partydecordelight.com\/de\/wp-json\/wp\/v2\/product\/1293\/revisions\/1767"}],"wp:featuredmedia":[{"embeddable":true,"href":"https:\/\/partydecordelight.com\/de\/wp-json\/wp\/v2\/media\/1719"}],"wp:attachment":[{"href":"https:\/\/partydecordelight.com\/de\/wp-json\/wp\/v2\/media?parent=1293"}],"wp:term":[{"taxonomy":"product_cat","embeddable":true,"href":"https:\/\/partydecordelight.com\/de\/wp-json\/wp\/v2\/product_cat?post=1293"},{"taxonomy":"product_tag","embeddable":true,"href":"https:\/\/partydecordelight.com\/de\/wp-json\/wp\/v2\/product_tag?post=1293"}],"curies":[{"name":"wp","href":"https:\/\/api.w.org\/{rel}","templated":true}]}}