{"id":1316,"date":"2024-06-29T13:49:32","date_gmt":"2024-06-29T05:49:32","guid":{"rendered":"https:\/\/partydecordelight.com\/product\/fancy-silver-shimmer-wall-backdrop-sequins-self-locking-panels\/"},"modified":"2025-07-28T18:28:30","modified_gmt":"2025-07-28T23:28:30","slug":"fancy-silver-shimmer-wall-backdrop-sequins-self-locking-panels","status":"publish","type":"product","link":"https:\/\/partydecordelight.com\/de\/product\/fancy-silver-shimmer-wall-backdrop-sequins-self-locking-panels\/","title":{"rendered":"Fancy Silver Shimmer Wall, aufger\u00fcstet mit PC Grid Base Frame, Shimmer Backdrop, Sequin Wall Backdrop, Shimmer Wall Panels"},"content":{"rendered":"<p><strong>Spezifikation:<\/strong><\/p>\n<p>Gr\u00f6\u00dfe: Die Gr\u00f6\u00dfe f\u00fcr jede Platte ist 12\u2033X12\u2033<\/p>\n<p>36 Paneele k\u00f6nnen eine 6FTX6FT schimmernde Wand bilden<\/p>\n<p>49 Paneele k\u00f6nnen eine 7FTX7FT schimmernde Wand bilden<\/p>\n<p>64 Paneele k\u00f6nnen eine 8FTX8FT schimmernde Wand bilden<\/p>\n<p>Farbe: Fancy Silber<\/p>\n<p><strong>Alle Produkte in Mirror-Farbe sind gl\u00e4nzend. Alle Fancy Farbe Produkte werden verschiedene ausgefallene Farben brechen.<\/strong><\/p>\n<p>Anlass: Hochzeit, Baby Shower Party, oder jede andere Party, Haus, Garten<\/p>\n<p><strong>Alle Gr\u00f6\u00dfen sind ungef\u00e4hre Ma\u00dfe und die Farben k\u00f6nnen aufgrund der unterschiedlichen Anzeige variieren.<\/strong><br \/>\nUnsere atemberaubende Shimmer Wall Backdrop Pailletten - Erh\u00f6hen Sie Ihre Veranstaltung mit Eleganz und Glamour!<\/p>\n<p>\u2728 **Ein Hauch von Glamour mit schimmernden Pailletten als Wandhintergrund!** \u2728<\/p>\n<p>Verwandeln Sie Ihre besonderen Anl\u00e4sse in unvergessliche Erlebnisse mit der fesselnden Anziehungskraft unserer Shimmer Wall Backdrop Sequins. Egal, ob es sich um eine Hochzeit, eine Geburtstagsfeier, eine Brautparty oder eine andere Veranstaltung handelt, die einen Hauch von Raffinesse verdient, diese selbstschlie\u00dfenden Paneele werden die Kulisse sein, die die Show stiehlt.<\/p>\n<p>**Schl\u00fcsselmerkmale:**<\/p>\n<p>\ud83d\udc96 **Exquisite Pailletten:** Unser schimmernder Wandhintergrund ist mit hochwertigen Pailletten verziert, die Eleganz ausstrahlen und Ihrer Veranstaltung einen Hauch von Luxus verleihen.<\/p>\n<p>\ud83d\udd12 **M\u00fchelos selbstverriegelnde Paneele:** Verabschieden Sie sich von einem komplizierten Aufbau! Unsere Paneele verf\u00fcgen \u00fcber einen einzigartigen Selbstverriegelungsmechanismus, der die Montage zum Kinderspiel macht. Es sind keine zus\u00e4tzlichen Werkzeuge oder Klammern erforderlich - die Paneele lassen sich m\u00fchelos zusammenstecken.<\/p>\n<p>\ud83c\udf89 **Vielseitig und wiederverwendbar:** Diese schimmernden Wandhintergr\u00fcnde sind ideal f\u00fcr Hochzeiten, Partys, Fotokabinen und mehr. Nach der Veranstaltung, zerlegen und speichern sie f\u00fcr zuk\u00fcnftige Feiern.<\/p>\n<p>\ud83d\udcf8 **Fotografische Brillanz:** Schaffen Sie atemberaubende Fotomotive f\u00fcr sich und Ihre G\u00e4ste. Beobachten Sie, wie die schicken rosa Pailletten jede Aufnahme in ein Kunstwerk verwandeln.<\/p>\n<p>\ud83e\uddfd **Einfache Wartung:** Unf\u00e4lle k\u00f6nnen passieren, aber unsere Schimmerwand ist ein Kinderspiel zu reinigen und zu warten, so dass sie auch nach vielen Veranstaltungen noch hell leuchtet.<\/p>\n<p>\ud83c\udfa8 **Anpassbare Gr\u00f6\u00dfe:** Passen Sie die Kulisse an Ihren Raum an. F\u00fcgen Sie Paneele hinzu oder entfernen Sie sie, um die gew\u00fcnschte Breite und H\u00f6he zu erreichen, und passen Sie sich m\u00fchelos an jeden Veranstaltungsort an.<\/p>\n<p>\ud83d\udc51 **Erh\u00f6hen Sie Ihre Veranstaltung:** Hinterlassen Sie einen bleibenden Eindruck mit einer eleganten und raffinierten Kulisse, die das Ambiente Ihrer Feier unterstreicht.<\/p>\n<p>\u2728 **Dazzle and Delight:** Beeindrucken Sie Ihre G\u00e4ste mit der Verlockung der rosa Pailletten, die Ihre Veranstaltung auf ein Niveau von Raffinesse und Glamour heben.<\/p>\n<p>Ganz gleich, ob Sie eine m\u00e4rchenhafte Hochzeit, eine schicke Soir\u00e9e oder ein skurriles Fotoshooting planen, unsere Shimmer Wall Backdrop Pailletten werden Ihre Vision auf schillernde Weise zum Leben erwecken. Bringen Sie Ihre Veranstaltung zum Strahlen - bestellen Sie sie noch heute und lassen Sie die Magie beginnen!<\/p>\n<p>[Party Decor Delight] - Wo Eleganz auf Feierlichkeit trifft! \ud83d\udc96\u2728<\/p>\n<p>Schl\u00fcsselw\u00f6rter:<br \/>\nPC (Polycarbonat) Grid Clip Shimmer Wall, innovatives Design, einfache Installation, faszinierender Schimmereffekt, leicht, langlebig, vielseitig einsetzbar, Premium PC, Veranstaltungsdekorationen, die Wahl des Veranstaltungsplaners.<\/p>","protected":false},"excerpt":{"rendered":"<h6 class=\"bls__product-title mb-5\">Kostenloser Versand innerhalb der USA | 2-5 Tage Lieferung.<\/h6>","protected":false},"featured_media":1785,"comment_status":"open","ping_status":"closed","template":"","meta":{"site-sidebar-layout":"default","site-content-layout":"default","ast-global-header-display":"","ast-banner-title-visibility":"","ast-main-header-display":"","ast-hfb-above-header-display":"","ast-hfb-below-header-display":"","ast-hfb-mobile-header-display":"","site-post-title":"","ast-breadcrumbs-content":"","ast-featured-img":"","footer-sml-layout":"","theme-transparent-header-meta":"default","adv-header-id-meta":"","stick-header-meta":"default","header-above-stick-meta":"","header-main-stick-meta":"","header-below-stick-meta":""},"product_cat":[21,38],"product_tag":[],"class_list":{"0":"post-1316","1":"product","2":"type-product","3":"status-publish","4":"has-post-thumbnail","6":"product_cat-all","7":"product_cat-shimmer-wall","8":"desktop-align-left","9":"tablet-align-left","10":"mobile-align-left","12":"first","13":"instock","14":"sale","15":"taxable","16":"shipping-taxable","17":"purchasable","18":"product-type-variable"},"jetpack_sharing_enabled":true,"_links":{"self":[{"href":"https:\/\/partydecordelight.com\/de\/wp-json\/wp\/v2\/product\/1316","targetHints":{"allow":["GET"]}}],"collection":[{"href":"https:\/\/partydecordelight.com\/de\/wp-json\/wp\/v2\/product"}],"about":[{"href":"https:\/\/partydecordelight.com\/de\/wp-json\/wp\/v2\/types\/product"}],"replies":[{"embeddable":true,"href":"https:\/\/partydecordelight.com\/de\/wp-json\/wp\/v2\/comments?post=1316"}],"version-history":[{"count":2,"href":"https:\/\/partydecordelight.com\/de\/wp-json\/wp\/v2\/product\/1316\/revisions"}],"predecessor-version":[{"id":1789,"href":"https:\/\/partydecordelight.com\/de\/wp-json\/wp\/v2\/product\/1316\/revisions\/1789"}],"wp:featuredmedia":[{"embeddable":true,"href":"https:\/\/partydecordelight.com\/de\/wp-json\/wp\/v2\/media\/1785"}],"wp:attachment":[{"href":"https:\/\/partydecordelight.com\/de\/wp-json\/wp\/v2\/media?parent=1316"}],"wp:term":[{"taxonomy":"product_cat","embeddable":true,"href":"https:\/\/partydecordelight.com\/de\/wp-json\/wp\/v2\/product_cat?post=1316"},{"taxonomy":"product_tag","embeddable":true,"href":"https:\/\/partydecordelight.com\/de\/wp-json\/wp\/v2\/product_tag?post=1316"}],"curies":[{"name":"wp","href":"https:\/\/api.w.org\/{rel}","templated":true}]}}