{"id":1359,"date":"2024-06-29T13:49:47","date_gmt":"2024-06-29T05:49:47","guid":{"rendered":"https:\/\/partydecordelight.com\/product\/round-wedding-arch-6ft-tall-white-metal-wedding-backdropcircle-ring-cover\/"},"modified":"2026-03-29T20:05:03","modified_gmt":"2026-03-30T01:05:03","slug":"round-wedding-arch-6ft-tall-white-metal-wedding-backdropcircle-ring-cover","status":"publish","type":"product","link":"https:\/\/partydecordelight.com\/de\/product\/round-wedding-arch-6ft-tall-white-metal-wedding-backdropcircle-ring-cover\/","title":{"rendered":"Runde Hochzeit Bogen, 6Ft hohe wei\u00dfe Metall Hochzeit Kulisse, Ballon Frame Stand, Bogen Stand"},"content":{"rendered":"<p>Spezifikation:<br \/>\nDurchmesser des Kreises: 6 Fu\u00df<br \/>\nMaterial: Rostfreier Stahl<br \/>\nMontage erforderlich: Ja<br \/>\nAnlass: Hochzeit, Baby Shower Party, oder jede andere Party, Haus, Garten<br \/>\nAlle Gr\u00f6\u00dfen sind ungef\u00e4hre Angaben.<\/p>\n<p>1. Mit Pr\u00e4zision und Sorgfalt gefertigt, erhebt sich unser 6 Fu\u00df hoher Bogen in einem zeitlosen wei\u00dfen Metallfinish und strahlt Raffinesse und Charme aus.<br \/>\n2. Die kreisf\u00f6rmige Ringabdeckung verleiht dem Ganzen einen Hauch von Skurrilit\u00e4t und Zauber und schafft eine faszinierende Kulisse f\u00fcr Ihr Eheversprechen, Ihre Fotos und Erinnerungen, die ein Leben lang halten werden.<br \/>\n3. Vielseitig und einfach zu montieren, ist dieser Bogen die perfekte Erg\u00e4nzung f\u00fcr jeden Veranstaltungsort, von Gartenzeremonien im Freien bis hin zu rustikalen Scheunenhochzeiten und eleganten Ballsaalveranstaltungen.<br \/>\n4. Es ist Ihre leere Leinwand, die Sie ganz nach Ihrem Hochzeitsthema und Ihrer Farbpalette gestalten k\u00f6nnen. Wir sind hier, um Ihre Vision in die Realit\u00e4t umzusetzen.<\/p>\n<p>Gestalten Sie noch heute die Hochzeit Ihrer Tr\u00e4ume mit unserem runden Hochzeitsbogen und lassen Sie Ihre Liebesgeschichte in den Mittelpunkt r\u00fccken!<\/p>","protected":false},"excerpt":{"rendered":"<p>Kostenloser Versand innerhalb der USA | 2-5 Tage Lieferung.<\/p>","protected":false},"featured_media":2084,"comment_status":"open","ping_status":"closed","template":"","meta":{"site-sidebar-layout":"default","site-content-layout":"default","ast-global-header-display":"","ast-banner-title-visibility":"","ast-main-header-display":"","ast-hfb-above-header-display":"","ast-hfb-below-header-display":"","ast-hfb-mobile-header-display":"","site-post-title":"","ast-breadcrumbs-content":"","ast-featured-img":"","footer-sml-layout":"","theme-transparent-header-meta":"default","adv-header-id-meta":"","stick-header-meta":"default","header-above-stick-meta":"","header-main-stick-meta":"","header-below-stick-meta":""},"product_cat":[21,34],"product_tag":[99,105,64,106,101,100,102],"class_list":{"0":"post-1359","1":"product","2":"type-product","3":"status-publish","4":"has-post-thumbnail","6":"product_cat-all","7":"product_cat-backdrop-stands","8":"product_tag-adjustable-backdrop-frame","9":"product_tag-backdrop-kit","10":"product_tag-backdrop-stand","11":"product_tag-balloon-frame","12":"product_tag-event-backdrop","13":"product_tag-photobooth-stand","14":"product_tag-photography-backdrop","15":"desktop-align-left","16":"tablet-align-left","17":"mobile-align-left","19":"first","20":"instock","21":"sale","22":"taxable","23":"shipping-taxable","24":"purchasable","25":"product-type-simple"},"jetpack_sharing_enabled":true,"_links":{"self":[{"href":"https:\/\/partydecordelight.com\/de\/wp-json\/wp\/v2\/product\/1359","targetHints":{"allow":["GET"]}}],"collection":[{"href":"https:\/\/partydecordelight.com\/de\/wp-json\/wp\/v2\/product"}],"about":[{"href":"https:\/\/partydecordelight.com\/de\/wp-json\/wp\/v2\/types\/product"}],"replies":[{"embeddable":true,"href":"https:\/\/partydecordelight.com\/de\/wp-json\/wp\/v2\/comments?post=1359"}],"version-history":[{"count":3,"href":"https:\/\/partydecordelight.com\/de\/wp-json\/wp\/v2\/product\/1359\/revisions"}],"predecessor-version":[{"id":1762,"href":"https:\/\/partydecordelight.com\/de\/wp-json\/wp\/v2\/product\/1359\/revisions\/1762"}],"wp:featuredmedia":[{"embeddable":true,"href":"https:\/\/partydecordelight.com\/de\/wp-json\/wp\/v2\/media\/2084"}],"wp:attachment":[{"href":"https:\/\/partydecordelight.com\/de\/wp-json\/wp\/v2\/media?parent=1359"}],"wp:term":[{"taxonomy":"product_cat","embeddable":true,"href":"https:\/\/partydecordelight.com\/de\/wp-json\/wp\/v2\/product_cat?post=1359"},{"taxonomy":"product_tag","embeddable":true,"href":"https:\/\/partydecordelight.com\/de\/wp-json\/wp\/v2\/product_tag?post=1359"}],"curies":[{"name":"wp","href":"https:\/\/api.w.org\/{rel}","templated":true}]}}