{"id":1361,"date":"2024-06-29T13:49:48","date_gmt":"2024-06-29T05:49:48","guid":{"rendered":"https:\/\/partydecordelight.com\/product\/40pcs-set-10%e2%80%b3-tall-white-flickering-flameless-battery-operated-led-taper-candle\/"},"modified":"2026-02-08T00:23:42","modified_gmt":"2026-02-08T05:23:42","slug":"40pcs-set-10%e2%80%b3-tall-white-flickering-flameless-battery-operated-led-taper-candle","status":"publish","type":"product","link":"https:\/\/partydecordelight.com\/de\/product\/40pcs-set-10%e2%80%b3-tall-white-flickering-flameless-battery-operated-led-taper-candle\/","title":{"rendered":"30Pcs\/Set 10\u2033 hoch wei\u00df flackernde flammenlose batteriebetriebene LED-Kerze Kegel"},"content":{"rendered":"<p>Spezifikation:<br \/>\nMenge: 30 LED-Kerzen pro Bestellung<br \/>\nMaterial: Kunststoff<br \/>\nLED-Kerze H\u00f6he: 10\u2033<br \/>\nBasis-Durchmesser: 0,75\u2033.<br \/>\nBatterien: 2x AAA-Batterien (nicht im Lieferumfang enthalten)<br \/>\nAlle Gr\u00f6\u00dfen sind ungef\u00e4hre Angaben<\/p>\n<p>&nbsp;<\/p>\n<p>\ud83d\udd6f\ufe0f **Erh\u00f6hen Sie Ihren Raum mit 10\u2033 hohen wei\u00dfen flackernden flammenlosen batteriebetriebenen LED-Kegelkerzen** \ud83d\udd6f\ufe0f<\/p>\n<p>\u2728 *Verwandeln Sie Ihr Zuhause und Ihre Veranstaltungen mit dem hypnotisierenden Schein unserer LED-Kerzen!* \u2728<\/p>\n<p>**Produkt-Highlights:**<\/p>\n<p>\ud83c\udf1f **Realistisches Flammenflackern:** Diese LED-Spitzkerzen ahmen den Charme von echtem Kerzenlicht mit einem sanften, realistischen Flackern nach und schaffen so ein zauberhaftes Ambiente.<\/p>\n<p>\ud83d\udd0b **Batteriebetrieben:** Keine Unordnung oder Wachstropfen mehr - unsere Kerzen werden von langlebigen Batterien betrieben, die daf\u00fcr sorgen, dass sie stundenlang brillant leuchten.<\/p>\n<p>\ud83d\udeab **Sicher &amp; Sorgenfrei:** Genie\u00dfen Sie die W\u00e4rme des Kerzenlichts ohne die Sicherheitsbedenken. Perfekt f\u00fcr Haushalte mit Kindern und Haustieren oder als atemberaubende Dekoration f\u00fcr Veranstaltungen.<\/p>\n<p>\ud83d\udd6f\ufe0f **Zeitloses wei\u00dfes Design:** Unsere klassischen wei\u00dfen Kerzen f\u00fcgen sich m\u00fchelos in jeden Einrichtungsstil ein und sind somit ideal f\u00fcr Hochzeiten, Partys oder zur Versch\u00f6nerung von Wohnr\u00e4umen.<\/p>\n<p>\ud83d\udca1 **Vielseitig einsetzbar:** Ob bei einem romantischen Abendessen, einer Urlaubsfeier oder einem gem\u00fctlichen Abend, diese Kerzen sorgen mit Leichtigkeit f\u00fcr Stimmung.<\/p>\n<p>\ud83d\udcb0 **Wirtschaftlich:** Die LED-Technologie sorgt f\u00fcr eine lange Lebensdauer und spart Ihnen Geld f\u00fcr den Austausch herk\u00f6mmlicher Kerzen.<\/p>\n<p>\ud83c\udfe1 **Home Decor Essential:** Schaffen Sie eine ruhige Atmosph\u00e4re in Ihrem Haus oder Veranstaltungsraum mit diesen eleganten Kerzen.<\/p>\n<p>\ud83c\udf89 **Perfekt f\u00fcr besondere Anl\u00e4sse:** Verleihen Sie Hochzeiten, Partys oder anderen Feierlichkeiten einen Hauch von Magie.<\/p>\n<p>Entdecken Sie die Sch\u00f6nheit des Kerzenlichts ohne die Nachteile der traditionellen Kerzen. Unsere 10\u2033 gro\u00dfen wei\u00dfen, flackernden, batteriebetriebenen LED-Kerzen sind die ultimative Wahl, um eine bezaubernde Atmosph\u00e4re zu schaffen. Bestellen Sie jetzt und lassen Sie die Eleganz des LED-Kerzenlichts Ihre Welt erleuchten! \u2728<\/p>\n<p>[Party Decor Delight] - Das Leben erhellen, eine Kerze nach der anderen \ud83d\udd6f\ufe0f<\/p>\n<p>&nbsp;<\/p>","protected":false},"excerpt":{"rendered":"<p>Kostenloser Versand innerhalb der USA | 2-5 Tage Lieferung.<\/p>","protected":false},"featured_media":2080,"comment_status":"open","ping_status":"closed","template":"","meta":{"site-sidebar-layout":"default","site-content-layout":"default","ast-global-header-display":"","ast-banner-title-visibility":"","ast-main-header-display":"","ast-hfb-above-header-display":"","ast-hfb-below-header-display":"","ast-hfb-mobile-header-display":"","site-post-title":"","ast-breadcrumbs-content":"","ast-featured-img":"","footer-sml-layout":"","theme-transparent-header-meta":"default","adv-header-id-meta":"","stick-header-meta":"default","header-above-stick-meta":"","header-main-stick-meta":"","header-below-stick-meta":""},"product_cat":[21,37],"product_tag":[150],"class_list":{"0":"post-1361","1":"product","2":"type-product","3":"status-publish","4":"has-post-thumbnail","6":"product_cat-all","7":"product_cat-tabletop-8-centerpieces","8":"product_tag-led-candles","9":"desktop-align-left","10":"tablet-align-left","11":"mobile-align-left","13":"first","14":"instock","15":"sale","16":"taxable","17":"shipping-taxable","18":"purchasable","19":"product-type-simple"},"jetpack_sharing_enabled":true,"_links":{"self":[{"href":"https:\/\/partydecordelight.com\/de\/wp-json\/wp\/v2\/product\/1361","targetHints":{"allow":["GET"]}}],"collection":[{"href":"https:\/\/partydecordelight.com\/de\/wp-json\/wp\/v2\/product"}],"about":[{"href":"https:\/\/partydecordelight.com\/de\/wp-json\/wp\/v2\/types\/product"}],"replies":[{"embeddable":true,"href":"https:\/\/partydecordelight.com\/de\/wp-json\/wp\/v2\/comments?post=1361"}],"version-history":[{"count":4,"href":"https:\/\/partydecordelight.com\/de\/wp-json\/wp\/v2\/product\/1361\/revisions"}],"predecessor-version":[{"id":2432,"href":"https:\/\/partydecordelight.com\/de\/wp-json\/wp\/v2\/product\/1361\/revisions\/2432"}],"wp:featuredmedia":[{"embeddable":true,"href":"https:\/\/partydecordelight.com\/de\/wp-json\/wp\/v2\/media\/2080"}],"wp:attachment":[{"href":"https:\/\/partydecordelight.com\/de\/wp-json\/wp\/v2\/media?parent=1361"}],"wp:term":[{"taxonomy":"product_cat","embeddable":true,"href":"https:\/\/partydecordelight.com\/de\/wp-json\/wp\/v2\/product_cat?post=1361"},{"taxonomy":"product_tag","embeddable":true,"href":"https:\/\/partydecordelight.com\/de\/wp-json\/wp\/v2\/product_tag?post=1361"}],"curies":[{"name":"wp","href":"https:\/\/api.w.org\/{rel}","templated":true}]}}