{"id":1362,"date":"2024-06-29T13:49:48","date_gmt":"2024-06-29T05:49:48","guid":{"rendered":"https:\/\/partydecordelight.com\/product\/crystal-glass-pendant-stand-2pcs-per-set-24h-party-wedding-centerpieces\/"},"modified":"2025-04-05T22:18:34","modified_gmt":"2025-04-06T03:18:34","slug":"crystal-glass-pendant-stand-2pcs-per-set-24h-party-wedding-centerpieces","status":"publish","type":"product","link":"https:\/\/partydecordelight.com\/de\/product\/crystal-glass-pendant-stand-2pcs-per-set-24h-party-wedding-centerpieces\/","title":{"rendered":"Kristallglas Anh\u00e4nger Stand, 2Pcs pro Set 24\u2033H Party &amp; Hochzeit Mittelst\u00fccke"},"content":{"rendered":"<p>Spezifikation:<br \/>\nPackung: 2 St\u00fcck pro Set in einer Packung<br \/>\nMaterial: Kristallglas<br \/>\nGewichtswiderstand: Rund 15lbs<br \/>\nDie Form: Quadratisch<br \/>\nGesamth\u00f6he: 24\u2033<br \/>\nDurchmesser oben: 10,5\u2033.<br \/>\nBasis-Durchmesser: 7,5\u2033<br \/>\nMa\u00dfe f\u00fcr das Paket: 26\u2033X16\u2033X8.7\u2033<br \/>\nMontage erforderlich: Ja<br \/>\nAnlass: Hochzeit, Baby Shower Party, oder jede andere Party, Haus, Garten<br \/>\nAlle Gr\u00f6\u00dfen sind ungef\u00e4hre Angaben<\/p>\n<p>&nbsp;<\/p>\n<p>\u2728 **Produktdetails** \u2728<\/p>\n<p>Dieses Set besteht aus zwei eleganten Kristallglas-Anh\u00e4ngerst\u00e4ndern, die jeweils 24 Zoll hoch sind. Diese St\u00e4nder sind sorgf\u00e4ltig gefertigt und bringen zeitlose Eleganz und Raffinesse zu Ihren besonderen Anl\u00e4ssen.<\/p>\n<p>\u2728 **Warum unsere Kristallglas-Anh\u00e4nger w\u00e4hlen?** \u2728<\/p>\n<p>1. **Zeitlose Eleganz**: Mit Pr\u00e4zision aus hochwertigem Glas gefertigt, strahlen diese St\u00e4nder eine zeitlose Sch\u00f6nheit aus, die sie zu einer fesselnden Erg\u00e4nzung f\u00fcr jede Tischdekoration macht.<\/p>\n<p>2. **Vielseitiges Design**: Unsere St\u00e4nder sind so konzipiert, vielseitig zu sein, so dass Sie sie mit verschiedenen dekorativen Elementen anpassen, von h\u00e4ngenden Kristallen und Blumenarrangements zu Kerzen und LED-Leuchten.<\/p>\n<p>3. **Einzigartig und anpassungsf\u00e4hig**: Ihre Veranstaltung ist einzigartig, und so sind auch Ihre Vorlieben. Diese St\u00e4nde k\u00f6nnen auf Ihr Thema und Farbschema zugeschnitten werden, um eine perfekte Passform f\u00fcr Ihre Feier zu gew\u00e4hrleisten.<\/p>\n<p>\u2728 **Warum bei [Party Decor 419] einkaufen?** \u2728<\/p>\n<p>Wir von [Party Decor 419] haben es uns zur Aufgabe gemacht, Ihnen Produkte von h\u00f6chster Qualit\u00e4t zu liefern, die das Ambiente Ihrer besonderen Veranstaltungen aufwerten. Unsere Crystal Glass Pendant Stands sind nicht nur Mittelst\u00fccke, sondern spiegeln Ihren Stil und Ihre Liebe zum Detail wider.<\/p>\n<p>\u2728 **Bestellen Sie Ihre Bestellung noch heute** \u2728<\/p>\n<p>Erh\u00f6hen Sie Ihre Veranstaltungsdekoration mit unserem Crystal Glass Pendant Stand Set auf ein neues Niveau. Machen Sie Ihre Feier zu einer schimmernden Sensation, die bei Ihren G\u00e4sten einen bleibenden Eindruck hinterlassen wird.<\/p>\n<p>Lassen Sie sich diese Gelegenheit nicht entgehen, Ihrer Veranstaltung einen Hauch von Luxus und Raffinesse zu verleihen. Entdecken Sie die unendlichen M\u00f6glichkeiten mit unseren Kristallglas-Anh\u00e4nger-St\u00e4ndern und lassen Sie Ihre Tafeldekoration funkeln und verzaubern.<\/p>\n<p>Bestellen Sie Ihr Kristallglas-Anh\u00e4nger-Set noch heute und machen Sie Ihr Fest zu etwas ganz Besonderem!<\/p>\n<p>&nbsp;<\/p>","protected":false},"excerpt":{"rendered":"<p>Kostenloser Versand innerhalb der USA | 2-5 Tage Lieferung.<\/p>","protected":false},"featured_media":2077,"comment_status":"open","ping_status":"closed","template":"","meta":{"site-sidebar-layout":"default","site-content-layout":"default","ast-global-header-display":"","ast-banner-title-visibility":"","ast-main-header-display":"","ast-hfb-above-header-display":"","ast-hfb-below-header-display":"","ast-hfb-mobile-header-display":"","site-post-title":"","ast-breadcrumbs-content":"","ast-featured-img":"","footer-sml-layout":"","theme-transparent-header-meta":"default","adv-header-id-meta":"","stick-header-meta":"default","header-above-stick-meta":"","header-main-stick-meta":"","header-below-stick-meta":""},"product_cat":[21,37],"product_tag":[142,141],"class_list":{"0":"post-1362","1":"product","2":"type-product","3":"status-publish","4":"has-post-thumbnail","6":"product_cat-all","7":"product_cat-tabletop-8-centerpieces","8":"product_tag-candelabra","9":"product_tag-candle-holder","10":"desktop-align-left","11":"tablet-align-left","12":"mobile-align-left","14":"first","15":"instock","16":"sale","17":"taxable","18":"shipping-taxable","19":"purchasable","20":"product-type-simple"},"jetpack_sharing_enabled":true,"_links":{"self":[{"href":"https:\/\/partydecordelight.com\/de\/wp-json\/wp\/v2\/product\/1362","targetHints":{"allow":["GET"]}}],"collection":[{"href":"https:\/\/partydecordelight.com\/de\/wp-json\/wp\/v2\/product"}],"about":[{"href":"https:\/\/partydecordelight.com\/de\/wp-json\/wp\/v2\/types\/product"}],"replies":[{"embeddable":true,"href":"https:\/\/partydecordelight.com\/de\/wp-json\/wp\/v2\/comments?post=1362"}],"version-history":[{"count":2,"href":"https:\/\/partydecordelight.com\/de\/wp-json\/wp\/v2\/product\/1362\/revisions"}],"predecessor-version":[{"id":1878,"href":"https:\/\/partydecordelight.com\/de\/wp-json\/wp\/v2\/product\/1362\/revisions\/1878"}],"wp:featuredmedia":[{"embeddable":true,"href":"https:\/\/partydecordelight.com\/de\/wp-json\/wp\/v2\/media\/2077"}],"wp:attachment":[{"href":"https:\/\/partydecordelight.com\/de\/wp-json\/wp\/v2\/media?parent=1362"}],"wp:term":[{"taxonomy":"product_cat","embeddable":true,"href":"https:\/\/partydecordelight.com\/de\/wp-json\/wp\/v2\/product_cat?post=1362"},{"taxonomy":"product_tag","embeddable":true,"href":"https:\/\/partydecordelight.com\/de\/wp-json\/wp\/v2\/product_tag?post=1362"}],"curies":[{"name":"wp","href":"https:\/\/api.w.org\/{rel}","templated":true}]}}