{"id":1367,"date":"2024-06-29T13:49:49","date_gmt":"2024-06-29T05:49:49","guid":{"rendered":"https:\/\/partydecordelight.com\/product\/3pcs-arch-chiara-backdrop-stand-walls-for-party-flowers-balloons-portable-bag\/"},"modified":"2025-04-05T22:19:42","modified_gmt":"2025-04-06T03:19:42","slug":"3pcs-arch-chiara-backdrop-stand-walls-for-party-flowers-balloons-portable-bag","status":"publish","type":"product","link":"https:\/\/partydecordelight.com\/de\/product\/3pcs-arch-chiara-backdrop-stand-walls-for-party-flowers-balloons-portable-bag\/","title":{"rendered":"3PCs verdickte Aluminiumlegierung Bogen Hintergrund Stand, Hochzeit Bogen Stand Party Hintergrund, Ballon Bogen Stand, Blumenbogen Stand, Zeremonie Bogen Stand"},"content":{"rendered":"<p>1. Abdeckungen sind auch in einem separaten Link f\u00fcr den gew\u00f6lbten Kulissenst\u00e4nder erh\u00e4ltlich.<br \/>\n2. Der Chiara Backdrop Stand zeichnet sich durch sein leichtes und dennoch stabiles Design aus.<br \/>\n3. Es kommt mit einer tragbaren Tasche f\u00fcr einfachen Transport und Lagerung.<br \/>\n4. Die Bogenw\u00e4nde sind aus haltbarem Material, das den Test der Zeit bestehen wird, und sind perfekt f\u00fcr die Schaffung einer atemberaubenden Kulisse f\u00fcr Ihre Partydekoration. Mit diesem Set k\u00f6nnen Sie ganz einfach eine sch\u00f6ne und auff\u00e4llige Dekoration f\u00fcr jeden Anlass erstellen.<\/p>\n<p><strong>Spezifikation:<\/strong><\/p>\n<p>Das Paket enth\u00e4lt:<br \/>\n1\uff093 S\u00e4tze von B\u00f6gen<br \/>\n2\uff09schwarze Aufbewahrungsbeutel<br \/>\n3\uff09Anweisungen<\/p>\n<p>Gr\u00f6\u00dfe: 3ft*5ft &amp; 4ft*7ft &amp; 3ft*6ft<\/p>\n<p>Material: Rostfreier Stahl<\/p>\n<p>Abdeckungen sind gegen einen Aufpreis erh\u00e4ltlich<\/p>\n<p>Ma\u00dfe f\u00fcr das Paket: 33.5\u2033X13\u2033X9\u2033<\/p>\n<p>Montage erforderlich: Ja<\/p>\n<p>Anlass: Hochzeit, Baby Shower Party, oder jede andere Party, Haus, Garten<\/p>\n<p>Alle Gr\u00f6\u00dfen sind ungef\u00e4hre Angaben<\/p>\n<p>Schl\u00fcsselw\u00f6rter:<br \/>\nBogen Hintergrund Stand, Hochzeit Bogen Stand, Party Hintergrund Stand, Ballon Bogen Stand, Blumen Bogen Stand, Zeremonie Bogen Stand<\/p>\n<p><a href=\"https:\/\/youtu.be\/MaJD7nNpVJQ\" target=\"_blank\" rel=\"noopener\"><strong>Bitte klicken Sie f\u00fcr<\/strong><\/a><strong> <a href=\"https:\/\/youtu.be\/8rOd_c20yq8\">Anleitung f\u00fcr die Montage von<\/a><\/strong><a href=\"https:\/\/youtu.be\/MaJD7nNpVJQ\" target=\"_blank\" rel=\"noopener\"><strong>\u00a0diese\u00a0<\/strong><\/a>Artikel.<\/p>","protected":false},"excerpt":{"rendered":"<p>Kostenloser Versand innerhalb der USA | 2-5 Tage Lieferung.<\/p>","protected":false},"featured_media":2042,"comment_status":"open","ping_status":"closed","template":"","meta":{"site-sidebar-layout":"default","site-content-layout":"default","ast-global-header-display":"","ast-banner-title-visibility":"","ast-main-header-display":"","ast-hfb-above-header-display":"","ast-hfb-below-header-display":"","ast-hfb-mobile-header-display":"","site-post-title":"","ast-breadcrumbs-content":"","ast-featured-img":"","footer-sml-layout":"","theme-transparent-header-meta":"default","adv-header-id-meta":"","stick-header-meta":"default","header-above-stick-meta":"","header-main-stick-meta":"","header-below-stick-meta":""},"product_cat":[21,34],"product_tag":[97,98,64,94,96,95,93,92],"class_list":{"0":"post-1367","1":"product","2":"type-product","3":"status-publish","4":"has-post-thumbnail","6":"product_cat-all","7":"product_cat-backdrop-stands","8":"product_tag-arch-backdrop-stand","9":"product_tag-arch-stand","10":"product_tag-backdrop-stand","11":"product_tag-balloon-arch-stand","12":"product_tag-ceremony-arch-stand","13":"product_tag-floral-arch-stand","14":"product_tag-party-background-stand","15":"product_tag-wedding-arch-stand","16":"desktop-align-left","17":"tablet-align-left","18":"mobile-align-left","20":"first","21":"instock","22":"sale","23":"taxable","24":"shipping-taxable","25":"purchasable","26":"product-type-simple"},"jetpack_sharing_enabled":true,"_links":{"self":[{"href":"https:\/\/partydecordelight.com\/de\/wp-json\/wp\/v2\/product\/1367","targetHints":{"allow":["GET"]}}],"collection":[{"href":"https:\/\/partydecordelight.com\/de\/wp-json\/wp\/v2\/product"}],"about":[{"href":"https:\/\/partydecordelight.com\/de\/wp-json\/wp\/v2\/types\/product"}],"replies":[{"embeddable":true,"href":"https:\/\/partydecordelight.com\/de\/wp-json\/wp\/v2\/comments?post=1367"}],"version-history":[{"count":4,"href":"https:\/\/partydecordelight.com\/de\/wp-json\/wp\/v2\/product\/1367\/revisions"}],"predecessor-version":[{"id":2046,"href":"https:\/\/partydecordelight.com\/de\/wp-json\/wp\/v2\/product\/1367\/revisions\/2046"}],"wp:featuredmedia":[{"embeddable":true,"href":"https:\/\/partydecordelight.com\/de\/wp-json\/wp\/v2\/media\/2042"}],"wp:attachment":[{"href":"https:\/\/partydecordelight.com\/de\/wp-json\/wp\/v2\/media?parent=1367"}],"wp:term":[{"taxonomy":"product_cat","embeddable":true,"href":"https:\/\/partydecordelight.com\/de\/wp-json\/wp\/v2\/product_cat?post=1367"},{"taxonomy":"product_tag","embeddable":true,"href":"https:\/\/partydecordelight.com\/de\/wp-json\/wp\/v2\/product_tag?post=1367"}],"curies":[{"name":"wp","href":"https:\/\/api.w.org\/{rel}","templated":true}]}}