{"id":1374,"date":"2024-06-29T13:49:53","date_gmt":"2024-06-29T05:49:53","guid":{"rendered":"https:\/\/partydecordelight.com\/product\/pre-order-3-piece-set-metal-gold-twist-plated-floral-dessert-table-pedestals\/"},"modified":"2026-02-08T00:40:03","modified_gmt":"2026-02-08T05:40:03","slug":"pre-order-3-piece-set-metal-gold-twist-plated-floral-dessert-table-pedestals","status":"publish","type":"product","link":"https:\/\/partydecordelight.com\/de\/product\/pre-order-3-piece-set-metal-gold-twist-plated-floral-dessert-table-pedestals\/","title":{"rendered":"3-teiliges Set | Twist Metal Gold Pedestal Dessert &amp; Blumenst\u00e4nder | Gold Round Metal Cylinder f\u00fcr Hochzeiten, Partys und Veranstaltungen"},"content":{"rendered":"<p>Dieser goldfarbene Partydekorationssockel mit Blumendekoration ist perfekt f\u00fcr jede besondere Veranstaltung oder Gelegenheit. Er verf\u00fcgt \u00fcber ein wundersch\u00f6nes goldenes Twist-Plate-Design, das Ihrem Dessert- oder Kuchentisch einen Hauch von Eleganz und Raffinesse verleihen wird. Die robuste Konstruktion sorgt daf\u00fcr, dass Ihr Tisch w\u00e4hrend der gesamten Party stabil steht. Mit seinem sch\u00f6nen Design l\u00e4sst dieser Sockel jeden Kuchen- oder Nachspeisentisch atemberaubend und stilvoll aussehen. Er ist die perfekte Erg\u00e4nzung f\u00fcr jede Feier.<\/p>\n<p>&nbsp;<\/p>\n<p><strong>Spezifikation:<\/strong><\/p>\n<p>Material: Metall &amp; Acryl<\/p>\n<p>Anlass: Hochzeit, Baby Shower Party, oder jede andere Party, Haus, Garten<\/p>\n<p>Farbe: Vergoldet<br \/>\nGr\u00f6\u00dfenoptionen:<br \/>\nPaket enthalten: 1 x 23.6\u2033 H Bar+1 x 27.6 H\" Bar+1 x 31.5\u2033 H Bar+ 3 x19.7\u2033 Bases<\/p>\n<p>Gr\u00f6\u00dfe: #A: 23,6\u2033 H #B: 27,6 H\" #C: 31,5\u2033 H<\/p>\n<p>Top Base Gr\u00f6\u00dfe: 19,7\u2033 T x 4\u2033 H<\/p>\n<p>Durchmesser der Bodenplatte: 13,8\" Di<\/p>\n<p>Anpassen erforderlich: Ja Leicht zu montieren<\/p>\n<p>Gewichtskapazit\u00e4t: bis zu 20LBs<\/p>\n<p><strong>3-teiliges Set (alle 3 Gr\u00f6\u00dfen A+B+C)<\/strong><\/p>\n<p><strong>Alle Gr\u00f6\u00dfen sind ungef\u00e4hre Angaben<\/strong><\/p>\n<p><strong>Schl\u00fcsselw\u00f6rter:<\/strong><br \/>\nGold Sockel steht, Zylinder-Display steht, Dessert Tischdekoration, floralen Hintergrund steht, Veranstaltung Dekoration, Hochzeit Mittelst\u00fcck, Party liefert.<\/p>\n<p>&nbsp;<\/p>\n<p><a href=\"https:\/\/youtu.be\/OTBfkcP7q-s\" target=\"_blank\" rel=\"noopener\"><strong>Bitte klicken Sie f\u00fcr<\/strong><\/a><strong> <a href=\"https:\/\/youtu.be\/8rOd_c20yq8\">Anweisungen <\/a><\/strong><a href=\"https:\/\/youtu.be\/OTBfkcP7q-s\" target=\"_blank\" rel=\"noopener\"><strong>zu montieren<\/strong><\/a><a href=\"https:\/\/youtu.be\/OTBfkcP7q-s\" target=\"_blank\" rel=\"noopener\"><strong>\u00a0dieser Metall-Drehtisch in Gold Sockel<\/strong><\/a>.<\/p>","protected":false},"excerpt":{"rendered":"<p>Kostenloser Versand innerhalb der USA | 2-5 Tage Lieferung.<\/p>","protected":false},"featured_media":2015,"comment_status":"open","ping_status":"closed","template":"","meta":{"site-sidebar-layout":"default","site-content-layout":"default","ast-global-header-display":"","ast-banner-title-visibility":"","ast-main-header-display":"","ast-hfb-above-header-display":"","ast-hfb-below-header-display":"","ast-hfb-mobile-header-display":"","site-post-title":"","ast-breadcrumbs-content":"","ast-featured-img":"","footer-sml-layout":"","theme-transparent-header-meta":"default","adv-header-id-meta":"","stick-header-meta":"default","header-above-stick-meta":"","header-main-stick-meta":"","header-below-stick-meta":""},"product_cat":[21,34],"product_tag":[63,64,55,54,66,67,68,65,53],"class_list":{"0":"post-1374","1":"product","2":"type-product","3":"status-publish","4":"has-post-thumbnail","6":"product_cat-all","7":"product_cat-backdrop-stands","8":"product_tag-backdrop","9":"product_tag-backdrop-stand","10":"product_tag-baptism-decor","11":"product_tag-birthday-party-decor","12":"product_tag-cylinder-display-stands","13":"product_tag-dessert-table-decor","14":"product_tag-floral-backdrop-stands","15":"product_tag-gold-pedestal-stands","16":"product_tag-wedding-decorations","17":"desktop-align-left","18":"tablet-align-left","19":"mobile-align-left","21":"first","22":"instock","23":"sale","24":"taxable","25":"shipping-taxable","26":"purchasable","27":"product-type-simple"},"jetpack_sharing_enabled":true,"_links":{"self":[{"href":"https:\/\/partydecordelight.com\/de\/wp-json\/wp\/v2\/product\/1374","targetHints":{"allow":["GET"]}}],"collection":[{"href":"https:\/\/partydecordelight.com\/de\/wp-json\/wp\/v2\/product"}],"about":[{"href":"https:\/\/partydecordelight.com\/de\/wp-json\/wp\/v2\/types\/product"}],"replies":[{"embeddable":true,"href":"https:\/\/partydecordelight.com\/de\/wp-json\/wp\/v2\/comments?post=1374"}],"version-history":[{"count":4,"href":"https:\/\/partydecordelight.com\/de\/wp-json\/wp\/v2\/product\/1374\/revisions"}],"predecessor-version":[{"id":1757,"href":"https:\/\/partydecordelight.com\/de\/wp-json\/wp\/v2\/product\/1374\/revisions\/1757"}],"wp:featuredmedia":[{"embeddable":true,"href":"https:\/\/partydecordelight.com\/de\/wp-json\/wp\/v2\/media\/2015"}],"wp:attachment":[{"href":"https:\/\/partydecordelight.com\/de\/wp-json\/wp\/v2\/media?parent=1374"}],"wp:term":[{"taxonomy":"product_cat","embeddable":true,"href":"https:\/\/partydecordelight.com\/de\/wp-json\/wp\/v2\/product_cat?post=1374"},{"taxonomy":"product_tag","embeddable":true,"href":"https:\/\/partydecordelight.com\/de\/wp-json\/wp\/v2\/product_tag?post=1374"}],"curies":[{"name":"wp","href":"https:\/\/api.w.org\/{rel}","templated":true}]}}