{"id":1375,"date":"2024-06-29T13:49:53","date_gmt":"2024-06-29T05:49:53","guid":{"rendered":"https:\/\/partydecordelight.com\/product\/pre-order-48h-clear-10-arm-crystal-cluster-round-taper-candelabra-candle-holder\/"},"modified":"2026-02-08T00:24:45","modified_gmt":"2026-02-08T05:24:45","slug":"pre-order-48h-clear-10-arm-crystal-cluster-round-taper-candelabra-candle-holder","status":"publish","type":"product","link":"https:\/\/partydecordelight.com\/de\/product\/pre-order-48h-clear-10-arm-crystal-cluster-round-taper-candelabra-candle-holder\/","title":{"rendered":"10 Arme 48\u2033 hoch Kristallglas Kandelaber | Hochzeit Mittelst\u00fccke | S\u00e4ule Kerzenhalter mit Spiegel Basis"},"content":{"rendered":"<p>Dieser 48\u2033 Clear 10 Arm Crystal Cluster Round Taper Candelabra ist perfekt f\u00fcr die Schaffung einer atemberaubenden Mittelst\u00fcck f\u00fcr jede Veranstaltung. Das elegante Design verf\u00fcgt \u00fcber zehn Arme mit Kristall-Clustern geschm\u00fcckt und ist perfekt f\u00fcr Kegel-Kerzen zu halten. Es wird sicher sein, eine Aussage zu machen und wird die perfekte Erg\u00e4nzung zu jeder Veranstaltung sein.<\/p>\n<p>&nbsp;<\/p>\n<p><strong>Spezifikation:<\/strong><\/p>\n<p>Material: Kristallglas<\/p>\n<p>Gesamth\u00f6he: 48\u2033<\/p>\n<p>Anzahl der St\u00e4mme: 10<\/p>\n<p>Vorbau AX2: 20\u2033H<\/p>\n<p>Stiel B X2: 23\u2033H<\/p>\n<p>Vorbau C X2: 27,5\u2033H<\/p>\n<p>Vorbau D X2: 31\u2033H<\/p>\n<p>Vorbau E X2: 35\u2033H<\/p>\n<p>Anzahl der Farbt\u00f6ne: 10<\/p>\n<p>H\u00f6he jedes Schirms: 14\u2033.<\/p>\n<p>Durchmesser jedes Schirms: 2.4\u2033.<\/p>\n<p>Basis-Durchmesser des runden Spiegels: 14\u2033<\/p>\n<p>Ma\u00dfe f\u00fcr das Paket: 40\u2033X23.2\u2033X8.3\u2033<\/p>\n<p><strong>Alle Gr\u00f6\u00dfen sind ungef\u00e4hre Angaben<\/strong><\/p>\n<p><strong>Bitte klicken Sie f\u00fcr <a href=\"https:\/\/youtu.be\/8rOd_c20yq8\" target=\"_blank\" rel=\"noopener\">Anleitung f\u00fcr die Montage des 10-armigen 48\u2033-Kerzenhalters<\/a><\/strong><\/p>\n<p><strong>Schl\u00fcsselw\u00f6rter:<\/strong><br \/>\nKristallglas-Kerzenhalter, handgefertigt, Zylinder-Cluster-Design, Hurricane-Kristall, Tafelaufsatz, Tischdekoration, Bodenakzent, Wohndekoration, Hochzeitsgeschenk, Geschenk zum Jahrestag, Geschenk zur Einweihung, hochwertige Materialien, langlebig, symmetrisches Design, kristallklares Finish, vielseitig einsetzbar.<\/p>","protected":false},"excerpt":{"rendered":"<p>Kostenloser Versand innerhalb der USA | 2-5 Tage Lieferung.<\/p>","protected":false},"featured_media":2021,"comment_status":"open","ping_status":"closed","template":"","meta":{"site-sidebar-layout":"default","site-content-layout":"default","ast-global-header-display":"","ast-banner-title-visibility":"","ast-main-header-display":"","ast-hfb-above-header-display":"","ast-hfb-below-header-display":"","ast-hfb-mobile-header-display":"","site-post-title":"","ast-breadcrumbs-content":"","ast-featured-img":"","footer-sml-layout":"","theme-transparent-header-meta":"default","adv-header-id-meta":"","stick-header-meta":"default","header-above-stick-meta":"","header-main-stick-meta":"","header-below-stick-meta":""},"product_cat":[21,37],"product_tag":[142,141],"class_list":{"0":"post-1375","1":"product","2":"type-product","3":"status-publish","4":"has-post-thumbnail","6":"product_cat-all","7":"product_cat-tabletop-8-centerpieces","8":"product_tag-candelabra","9":"product_tag-candle-holder","10":"desktop-align-left","11":"tablet-align-left","12":"mobile-align-left","14":"first","15":"instock","16":"sale","17":"taxable","18":"shipping-taxable","19":"purchasable","20":"product-type-simple"},"jetpack_sharing_enabled":true,"_links":{"self":[{"href":"https:\/\/partydecordelight.com\/de\/wp-json\/wp\/v2\/product\/1375","targetHints":{"allow":["GET"]}}],"collection":[{"href":"https:\/\/partydecordelight.com\/de\/wp-json\/wp\/v2\/product"}],"about":[{"href":"https:\/\/partydecordelight.com\/de\/wp-json\/wp\/v2\/types\/product"}],"replies":[{"embeddable":true,"href":"https:\/\/partydecordelight.com\/de\/wp-json\/wp\/v2\/comments?post=1375"}],"version-history":[{"count":2,"href":"https:\/\/partydecordelight.com\/de\/wp-json\/wp\/v2\/product\/1375\/revisions"}],"predecessor-version":[{"id":1864,"href":"https:\/\/partydecordelight.com\/de\/wp-json\/wp\/v2\/product\/1375\/revisions\/1864"}],"wp:featuredmedia":[{"embeddable":true,"href":"https:\/\/partydecordelight.com\/de\/wp-json\/wp\/v2\/media\/2021"}],"wp:attachment":[{"href":"https:\/\/partydecordelight.com\/de\/wp-json\/wp\/v2\/media?parent=1375"}],"wp:term":[{"taxonomy":"product_cat","embeddable":true,"href":"https:\/\/partydecordelight.com\/de\/wp-json\/wp\/v2\/product_cat?post=1375"},{"taxonomy":"product_tag","embeddable":true,"href":"https:\/\/partydecordelight.com\/de\/wp-json\/wp\/v2\/product_tag?post=1375"}],"curies":[{"name":"wp","href":"https:\/\/api.w.org\/{rel}","templated":true}]}}