{"id":1482,"date":"2024-06-29T20:53:21","date_gmt":"2024-06-29T12:53:21","guid":{"rendered":"https:\/\/partydecordelight.com\/?post_type=product&#038;p=1482"},"modified":"2026-03-08T01:05:30","modified_gmt":"2026-03-08T06:05:30","slug":"cylinder","status":"publish","type":"product","link":"https:\/\/partydecordelight.com\/de\/product\/cylinder\/","title":{"rendered":"Satz von 5 wei\u00dfen Metall-Zylinder Prop Sockel steht f\u00fcr Hochzeit Gang, Runde Sockel S\u00e4ule Display-Boxen | Dicke Stahlplatte Kuchen steht | Event-Dekorationen | Geburtstag Party-Dekor"},"content":{"rendered":"<p><img fetchpriority=\"high\" decoding=\"async\" class=\"alignnone wp-image-1469\" src=\"https:\/\/partydecordelight.com\/wp-content\/uploads\/2024\/06\/22-300x56.jpg\" alt=\"\" width=\"825\" height=\"154\" srcset=\"https:\/\/partydecordelight.com\/wp-content\/uploads\/2024\/06\/22-300x56.jpg 300w, https:\/\/partydecordelight.com\/wp-content\/uploads\/2024\/06\/22-1024x193.jpg 1024w, https:\/\/partydecordelight.com\/wp-content\/uploads\/2024\/06\/22-768x144.jpg 768w, https:\/\/partydecordelight.com\/wp-content\/uploads\/2024\/06\/22-1536x289.jpg 1536w, https:\/\/partydecordelight.com\/wp-content\/uploads\/2024\/06\/22.jpg 1803w\" sizes=\"(max-width: 825px) 100vw, 825px\" \/><\/p>\n<p><strong>Merkmale:<\/strong><br \/>\n1. Leicht zu lagern, kann zusammen f\u00fcr die Lagerung verschachtelt werden, so dass sie nicht zu viel Platz einnehmen.<br \/>\n2. Wiederverwendbar. Die Qualit\u00e4t ist gut, da wir gutes und dickes Metallmaterial verwenden.<br \/>\n3. Der Stoffbezug ist abnehmbar und waschbar und kann leicht ausgetauscht werden.<\/p>\n<p><strong>Spezifikation:<\/strong><br \/>\nMaterial: Metall (gute Qualit\u00e4t, dick)<br \/>\nJede Packung enth\u00e4lt: 5 St\u00fcck pro Set<br \/>\nAnlass: Hochzeit, Baby Shower Party, oder jede andere Party, Haus, Garten, etc.<br \/>\nFarbe f\u00fcr die Zylinder: Wei\u00df<br \/>\nGr\u00f6\u00dfe f\u00fcr die Zylinder:<br \/>\n#1: 35\u2033H x16 \"T<br \/>\n#2: 30\u2033H x14\u2033D<br \/>\n#3: 24\u2033H x 13\u2033D<br \/>\n#4: 22\u2033H x 12\u2033D<br \/>\n#5: 20\u2033H x 11\u2033D.<br \/>\nAlle Gr\u00f6\u00dfen sind ungef\u00e4hre Angaben<\/p>\n<p>Dieses St\u00e4nderset wurde speziell entwickelt, um Hochzeiten und Veranstaltungen optisch aufzuwerten. Die aus hochwertigem Metall gefertigten St\u00e4nder bieten sowohl Haltbarkeit als auch ein elegantes, modernes Design. Das Set besteht aus f\u00fcnf St\u00e4ndern mit einem runden Sockel an der Spitze, der eine stabile Basis f\u00fcr die von Ihnen gew\u00e4hlten Dekorationen bietet. Sie bieten einen stabilen Halt f\u00fcr Kulissen und sorgen f\u00fcr einen fesselnden Blickfang w\u00e4hrend Ihrer Feier. Verleihen Sie Ihrer Hochzeitsdekoration einen eleganten Touch mit diesen Metall-Zylinderst\u00e4ndern Runder Sockel Hochzeitskulissenst\u00e4nder S\u00e4ulen.<\/p>\n<p><strong>Schl\u00fcsselw\u00f6rter:<\/strong><br \/>\nTortenst\u00e4nder, Dessertst\u00e4nder, Displayst\u00e4nder, Zylinderst\u00e4nder, Sockelst\u00e4nder, Metalls\u00e4ulen, stabil, langlebig, vielseitig, handgefertigt, Hochzeitsdekoration, Geburtstagsfeierdekoration, Taufdekoration, Modedisplay, Marketinghalter, Pflanzenst\u00e4nder, Kunstdisplay<\/p>\n<p>&nbsp;<\/p>","protected":false},"excerpt":{"rendered":"<p>Kostenloser Versand innerhalb der USA | 2-5 Tage Lieferung.<\/p>","protected":false},"featured_media":2000,"comment_status":"open","ping_status":"closed","template":"","meta":{"site-sidebar-layout":"default","site-content-layout":"default","ast-global-header-display":"","ast-banner-title-visibility":"","ast-main-header-display":"","ast-hfb-above-header-display":"","ast-hfb-below-header-display":"","ast-hfb-mobile-header-display":"","site-post-title":"","ast-breadcrumbs-content":"","ast-featured-img":"","footer-sml-layout":"","theme-transparent-header-meta":"default","adv-header-id-meta":"","stick-header-meta":"default","header-above-stick-meta":"","header-main-stick-meta":"","header-below-stick-meta":""},"product_cat":[21,34],"product_tag":[63,64,55,54,43,60,46,44,45,50,48,61,47,62,49,53],"class_list":{"0":"post-1482","1":"product","2":"type-product","3":"status-publish","4":"has-post-thumbnail","6":"product_cat-all","7":"product_cat-backdrop-stands","8":"product_tag-backdrop","9":"product_tag-backdrop-stand","10":"product_tag-baptism-decor","11":"product_tag-birthday-party-decor","12":"product_tag-cake-stands","13":"product_tag-cylinder","14":"product_tag-cylinder-stands","15":"product_tag-dessert-stands","16":"product_tag-display-stands","17":"product_tag-durable","18":"product_tag-metal-pillars","19":"product_tag-pedestal","20":"product_tag-pedestal-plinth-stands","21":"product_tag-plinth","22":"product_tag-stable","23":"product_tag-wedding-decorations","24":"desktop-align-left","25":"tablet-align-left","26":"mobile-align-left","28":"first","29":"instock","30":"sale","31":"featured","32":"taxable","33":"shipping-taxable","34":"purchasable","35":"product-type-simple"},"jetpack_sharing_enabled":true,"_links":{"self":[{"href":"https:\/\/partydecordelight.com\/de\/wp-json\/wp\/v2\/product\/1482","targetHints":{"allow":["GET"]}}],"collection":[{"href":"https:\/\/partydecordelight.com\/de\/wp-json\/wp\/v2\/product"}],"about":[{"href":"https:\/\/partydecordelight.com\/de\/wp-json\/wp\/v2\/types\/product"}],"replies":[{"embeddable":true,"href":"https:\/\/partydecordelight.com\/de\/wp-json\/wp\/v2\/comments?post=1482"}],"version-history":[{"count":8,"href":"https:\/\/partydecordelight.com\/de\/wp-json\/wp\/v2\/product\/1482\/revisions"}],"predecessor-version":[{"id":1641,"href":"https:\/\/partydecordelight.com\/de\/wp-json\/wp\/v2\/product\/1482\/revisions\/1641"}],"wp:featuredmedia":[{"embeddable":true,"href":"https:\/\/partydecordelight.com\/de\/wp-json\/wp\/v2\/media\/2000"}],"wp:attachment":[{"href":"https:\/\/partydecordelight.com\/de\/wp-json\/wp\/v2\/media?parent=1482"}],"wp:term":[{"taxonomy":"product_cat","embeddable":true,"href":"https:\/\/partydecordelight.com\/de\/wp-json\/wp\/v2\/product_cat?post=1482"},{"taxonomy":"product_tag","embeddable":true,"href":"https:\/\/partydecordelight.com\/de\/wp-json\/wp\/v2\/product_tag?post=1482"}],"curies":[{"name":"wp","href":"https:\/\/api.w.org\/{rel}","templated":true}]}}