{"id":1575,"date":"2024-07-01T10:04:04","date_gmt":"2024-07-01T02:04:04","guid":{"rendered":"https:\/\/partydecordelight.com\/?page_id=1575"},"modified":"2024-07-01T10:06:54","modified_gmt":"2024-07-01T02:06:54","slug":"return-policy","status":"publish","type":"page","link":"https:\/\/partydecordelight.com\/de_de\/return-policy\/","title":{"rendered":"R\u00fcckgabepolitik"},"content":{"rendered":"<div data-elementor-type=\"wp-page\" data-elementor-id=\"1575\" class=\"elementor elementor-1575\" data-elementor-post-type=\"page\">\n\t\t\t\t<div class=\"elementor-element elementor-element-9b9a43f e-con-full e-flex e-con e-parent\" data-id=\"9b9a43f\" data-element_type=\"container\" data-core-v316-plus=\"true\">\n\t\t\t\t<div class=\"elementor-element elementor-element-ce5d36f elementor-widget elementor-widget-image\" data-id=\"ce5d36f\" data-element_type=\"widget\" data-widget_type=\"image.default\">\n\t\t\t\t<div class=\"elementor-widget-container\">\n\t\t\t<style>\/*! elementor - v3.20.0 - 11-03-2024 *\/\n.elementor-widget-image{text-align:center}.elementor-widget-image a{display:inline-block}.elementor-widget-image a img[src$=\".svg\"]{width:48px}.elementor-widget-image img{vertical-align:middle;display:inline-block}<\/style>\t\t\t\t\t\t\t\t\t\t<img fetchpriority=\"high\" decoding=\"async\" width=\"1803\" height=\"339\" src=\"https:\/\/partydecordelight.com\/wp-content\/uploads\/2024\/06\/22.jpg\" class=\"attachment-full size-full wp-image-1469\" alt=\"\" srcset=\"https:\/\/partydecordelight.com\/wp-content\/uploads\/2024\/06\/22.jpg 1803w, https:\/\/partydecordelight.com\/wp-content\/uploads\/2024\/06\/22-300x56.jpg 300w, https:\/\/partydecordelight.com\/wp-content\/uploads\/2024\/06\/22-1024x193.jpg 1024w, https:\/\/partydecordelight.com\/wp-content\/uploads\/2024\/06\/22-768x144.jpg 768w, https:\/\/partydecordelight.com\/wp-content\/uploads\/2024\/06\/22-1536x289.jpg 1536w\" sizes=\"(max-width: 1803px) 100vw, 1803px\" \/>\t\t\t\t\t\t\t\t\t\t\t\t\t<\/div>\n\t\t\t\t<\/div>\n\t\t\t\t<\/div>\n\t\t<div class=\"elementor-element elementor-element-7a313eb e-flex e-con-boxed e-con e-parent\" data-id=\"7a313eb\" data-element_type=\"container\" data-core-v316-plus=\"true\">\n\t\t\t\t\t<div class=\"e-con-inner\">\n\t\t\t\t<div class=\"elementor-element elementor-element-969fa24 elementor-widget elementor-widget-text-editor\" data-id=\"969fa24\" data-element_type=\"widget\" data-widget_type=\"text-editor.default\">\n\t\t\t\t<div class=\"elementor-widget-container\">\n\t\t\t<style>\/*! elementor - v3.20.0 - 11-03-2024 *\/\n.elementor-widget-text-editor.elementor-drop-cap-view-stacked .elementor-drop-cap{background-color:#69727d;color:#fff}.elementor-widget-text-editor.elementor-drop-cap-view-framed .elementor-drop-cap{color:#69727d;border:3px solid;background-color:transparent}.elementor-widget-text-editor:not(.elementor-drop-cap-view-default) .elementor-drop-cap{margin-top:8px}.elementor-widget-text-editor:not(.elementor-drop-cap-view-default) .elementor-drop-cap-letter{width:1em;height:1em}.elementor-widget-text-editor .elementor-drop-cap{float:left;text-align:center;line-height:1;font-size:50px}.elementor-widget-text-editor .elementor-drop-cap-letter{display:inline-block}<\/style>\t\t\t\t<div id=\"comp-ljf69oba3\" class=\"HcOXKn c9GqVL QxJLC3 comp-ljf69oba3 wixui-rich-text\" data-testid=\"richTextElement\"><p class=\"font_5 wixui-rich-text__text\"><strong><span class=\"wixui-rich-text__text\">Lieferung<\/span><\/strong><\/p><\/div><div id=\"comp-ljf69obb5\" class=\"HcOXKn c9GqVL QxJLC3 comp-ljf69obb5 wixui-rich-text\" data-testid=\"richTextElement\"><p class=\"font_8 wixui-rich-text__text\">Die meisten Artikel sind innerhalb der 48 Staaten versandkostenfrei.<\/p><p class=\"font_8 wixui-rich-text__text\">Wir versenden nur innerhalb der Vereinigten Staaten.<\/p><p class=\"font_8 wixui-rich-text__text\">Der Begriff schlie\u00dft die Bundesstaaten Alaska, Hawaii und alle vor der K\u00fcste gelegenen US-Territorien und Besitzungen wie Puerto Rico, Guam und die Jungferninseln aus.<\/p><p class=\"font_8 wixui-rich-text__text\">Lieferzeit: 3-5 Werktage (variiert je nach Zielort)<\/p><\/div><div id=\"comp-ljf69obm4\" class=\"HcOXKn c9GqVL QxJLC3 comp-ljf69obm4 wixui-rich-text\" data-testid=\"richTextElement\"><p class=\"font_5 wixui-rich-text__text\"><strong><span class=\"wixui-rich-text__text\">Service nach dem Verkauf<\/span><\/strong><\/p><\/div><div id=\"comp-ljf69obn5\" class=\"HcOXKn c9GqVL QxJLC3 comp-ljf69obn5 wixui-rich-text\" data-testid=\"richTextElement\"><p class=\"font_8 wixui-rich-text__text\"><span class=\"wixui-rich-text__text\">1. Wenn die Produkte, die Sie erhalten haben, besch\u00e4digt sind, kontaktieren Sie uns bitte und senden Sie uns Bilder oder Videos der besch\u00e4digten Artikel innerhalb von 3 Tagen. Es tut uns leid, dass wir Ihren Antrag auf Ersatz nicht bearbeiten k\u00f6nnen, wenn Ihre Pakete \u00fcber 3 Tage geliefert werden.<\/span><\/p><p class=\"font_8 wixui-rich-text__text\"><span class=\"wixui-rich-text__text\">2. Wir liefern Ihnen das Ersatzteil innerhalb von 3 Tagen kostenlos, nachdem wir Fotos oder Videos der besch\u00e4digten Artikel erhalten haben.<\/span><\/p><\/div><div id=\"comp-ljf69obz\" class=\"HcOXKn c9GqVL QxJLC3 comp-ljf69obz wixui-rich-text\" data-testid=\"richTextElement\"><p class=\"font_5 wixui-rich-text__text\"><strong><span class=\"wixui-rich-text__text\">R\u00fcckgabepolitik<\/span><\/strong><\/p><\/div><div id=\"comp-ljf69oc0\" class=\"HcOXKn c9GqVL QxJLC3 comp-ljf69oc0 wixui-rich-text\" data-testid=\"richTextElement\"><p class=\"font_8 wixui-rich-text__text\"><span class=\"wixui-rich-text__text\"><span class=\"color_15 wixui-rich-text__text\">Wenn Sie das Produkt nicht m\u00f6gen, nachdem Sie es erhalten haben, k\u00f6nnen Sie den Kundendienst kontaktieren, um das Produkt innerhalb von 3 Tagen nach Erhalt des Produkts zur\u00fcckzusenden, wir senden Ihnen ein R\u00fccksendeetikett, und Sie m\u00fcssen die Hin- und R\u00fccksendegeb\u00fchr tragen. Nach Erhalt des R\u00fccksendeaufklebers bewahren Sie das Produkt bitte innerhalb von 3 Tagen in der Originalverpackung auf Brandneu, wir \u00fcberpr\u00fcfen es nach Erhalt. Wenn es kein Problem gibt, werden wir Ihnen innerhalb von 3 Werktagen zur\u00fcckerstatten, wenn das Produkt gefunden wird, um verwendet werden, werden wir eine Nutzungsgeb\u00fchr von 50% des Produktwertes berechnen.<\/span><\/span><\/p><\/div><div id=\"comp-ljf69oce1\" class=\"HcOXKn c9GqVL QxJLC3 comp-ljf69oce1 wixui-rich-text\" data-testid=\"richTextElement\"><p class=\"font_5 wixui-rich-text__text\"><strong><span class=\"wixui-rich-text__text\">R\u00fcckgabebedingungen f\u00fcr Glasprodukte<\/span><\/strong><\/p><\/div><div id=\"comp-ljf69ocf2\" class=\"HcOXKn c9GqVL QxJLC3 comp-ljf69ocf2 wixui-rich-text\" data-testid=\"richTextElement\"><p class=\"font_8 wixui-rich-text__text\"><span class=\"wixui-rich-text__text\"><span class=\"color_15 wixui-rich-text__text\">Glasprodukte sind leicht zerbrechlich, so dass die Glasteile nicht zur\u00fcckgenommen werden k\u00f6nnen.<\/span><\/span><\/p><\/div>\t\t\t\t\t\t<\/div>\n\t\t\t\t<\/div>\n\t\t\t\t\t<\/div>\n\t\t\t\t<\/div>\n\t\t\t\t<\/div>","protected":false},"excerpt":{"rendered":"<p>Lieferung Die meisten Artikel sind innerhalb der 48 Staaten versandkostenfrei. Wir versenden nur innerhalb der Vereinigten Staaten. Ausgeschlossen sind die Bundesstaaten Alaska, Hawaii und alle vor der K\u00fcste gelegenen US-Territorien und Besitzungen wie Puerto Rico, Guam und die Jungferninseln. Lieferzeit: 3-5 Werktage (variiert je nach Zielort) Kundendienst 1. Wenn die Produkte ...<\/p>\n<p class=\"read-more\"> <a class=\"\" href=\"https:\/\/partydecordelight.com\/de_de\/return-policy\/\"> <span class=\"screen-reader-text\">R\u00fcckgabepolitik<\/span> Weiterlesen &raquo;<\/a><\/p>","protected":false},"author":1,"featured_media":0,"parent":0,"menu_order":0,"comment_status":"closed","ping_status":"closed","template":"","meta":{"site-sidebar-layout":"no-sidebar","site-content-layout":"page-builder","ast-global-header-display":"","ast-banner-title-visibility":"","ast-main-header-display":"","ast-hfb-above-header-display":"","ast-hfb-below-header-display":"","ast-hfb-mobile-header-display":"","site-post-title":"disabled","ast-breadcrumbs-content":"","ast-featured-img":"disabled","footer-sml-layout":"","theme-transparent-header-meta":"","adv-header-id-meta":"","stick-header-meta":"","header-above-stick-meta":"","header-main-stick-meta":"","header-below-stick-meta":"","footnotes":""},"class_list":["post-1575","page","type-page","status-publish","hentry"],"jetpack_sharing_enabled":true,"_links":{"self":[{"href":"https:\/\/partydecordelight.com\/de_de\/wp-json\/wp\/v2\/pages\/1575","targetHints":{"allow":["GET"]}}],"collection":[{"href":"https:\/\/partydecordelight.com\/de_de\/wp-json\/wp\/v2\/pages"}],"about":[{"href":"https:\/\/partydecordelight.com\/de_de\/wp-json\/wp\/v2\/types\/page"}],"author":[{"embeddable":true,"href":"https:\/\/partydecordelight.com\/de_de\/wp-json\/wp\/v2\/users\/1"}],"replies":[{"embeddable":true,"href":"https:\/\/partydecordelight.com\/de_de\/wp-json\/wp\/v2\/comments?post=1575"}],"version-history":[{"count":4,"href":"https:\/\/partydecordelight.com\/de_de\/wp-json\/wp\/v2\/pages\/1575\/revisions"}],"predecessor-version":[{"id":1581,"href":"https:\/\/partydecordelight.com\/de_de\/wp-json\/wp\/v2\/pages\/1575\/revisions\/1581"}],"wp:attachment":[{"href":"https:\/\/partydecordelight.com\/de_de\/wp-json\/wp\/v2\/media?parent=1575"}],"curies":[{"name":"wp","href":"https:\/\/api.w.org\/{rel}","templated":true}]}}