{"id":1278,"date":"2024-06-29T13:49:21","date_gmt":"2024-06-29T05:49:21","guid":{"rendered":"https:\/\/partydecordelight.com\/product\/pre-order-3-pcs-5ft-tall-artificial-cherry-trees%e3%80%90white%e3%80%91\/"},"modified":"2025-02-08T22:00:00","modified_gmt":"2025-02-09T03:00:00","slug":"pre-order-3-pcs-5ft-tall-artificial-cherry-trees%e3%80%90white%e3%80%91","status":"publish","type":"product","link":"https:\/\/partydecordelight.com\/de_de\/product\/pre-order-3-pcs-5ft-tall-artificial-cherry-trees%e3%80%90white%e3%80%91\/","title":{"rendered":"2 PCs | 5ft Tall K\u00fcnstliche Kirschb\u00e4ume\u3010WHITE\u3011"},"content":{"rendered":"<p>2 St\u00fcck Kirschb\u00e4ume in einer Bestellung.<\/p>\n<p>Wir stellen Ihnen unser exquisites Set von 3 k\u00fcnstlichen Kirschb\u00e4umen in einem makellosen Wei\u00df vor, die einen Hauch von Zauber in Ihren Raum bringen. Diese naturgetreuen B\u00e4ume bieten die Sch\u00f6nheit der Natur ohne Pflegeaufwand und sorgen in jeder Umgebung f\u00fcr einen atemberaubenden optischen Eindruck.<\/p>\n<p><strong>Wesentliche Merkmale:<\/strong><\/p>\n<p>1. **Realistisches Design:** Gefertigt mit viel Liebe zum Detail, spiegeln diese k\u00fcnstlichen Kirschb\u00e4ume die zarte Sch\u00f6nheit ihrer nat\u00fcrlichen Gegenst\u00fccke. Die naturgetreuen Zweige und Bl\u00fcten schaffen ein authentisches und fesselndes Aussehen, das Ihrer Umgebung einen Hauch von Eleganz verleiht.<\/p>\n<p>2. **Perfekte H\u00f6he:** Stehend auf einem beeindruckenden 5 Fu\u00df hoch, befehlen diese B\u00e4ume Aufmerksamkeit, w\u00e4hrend sie vielseitig genug, um nahtlos in verschiedene R\u00e4ume passen. Ob als Standalone-Dekor oder als Teil einer gr\u00f6\u00dferen Anordnung verwendet, machen sie eine Aussage in jedem Raum oder Veranstaltung Einstellung.<\/p>\n<p>3. **Versatile Decor:** Die reinen wei\u00dfen Bl\u00fcten verstr\u00f6men ein Gef\u00fchl der Reinheit und Raffinesse, so dass diese k\u00fcnstlichen Kirschb\u00e4ume ideal f\u00fcr Hochzeiten, besondere Anl\u00e4sse, oder die Verbesserung der Atmosph\u00e4re Ihres Hauses. Sie erg\u00e4nzen m\u00fchelos eine Reihe von Themen und Farbschemata.<\/p>\n<p>4. **Durable Construction:** Gefertigt aus hochwertigen Materialien, sind diese B\u00e4ume gebaut, um den Test der Zeit zu \u00fcberstehen. Die robuste Basis sorgt f\u00fcr Stabilit\u00e4t, um sicherzustellen, dass Ihre k\u00fcnstlichen Kirschb\u00e4ume ihre Eleganz und Charme im Laufe der Jahreszeiten zu halten.<\/p>\n<p>5. **Wenig Pflege:** Genie\u00dfen Sie die Sch\u00f6nheit der Kirschbl\u00fcten das ganze Jahr \u00fcber ohne die Notwendigkeit f\u00fcr die Bew\u00e4sserung oder Beschneiden. Unsere k\u00fcnstlichen B\u00e4ume bieten die perfekte L\u00f6sung f\u00fcr diejenigen, die den \u00e4sthetischen Reiz der Natur ohne die Wartung w\u00fcnschen.<\/p>\n<p>Erh\u00f6hen Sie Ihren Raum mit der himmlischen Sch\u00f6nheit unserer 3 PCs | 5ft Tall Artificial Cherry Trees in einem zeitlosen wei\u00dfen Finish. Ganz gleich, ob Sie einen ruhigen Innengarten anlegen oder die Dekoration f\u00fcr eine besondere Veranstaltung aufwerten m\u00f6chten, diese B\u00e4ume werden Sie mit Sicherheit begeistern und inspirieren. Bringen Sie den Charme der Kirschbl\u00fcte mit diesem atemberaubenden Set m\u00fchelos in Ihre Umgebung.<\/p>","protected":false},"excerpt":{"rendered":"<p>Kostenloser Versand innerhalb der USA | 2-5 Tage Lieferung.<\/p>","protected":false},"featured_media":2362,"comment_status":"open","ping_status":"closed","template":"","meta":{"site-sidebar-layout":"default","site-content-layout":"default","ast-global-header-display":"","ast-banner-title-visibility":"","ast-main-header-display":"","ast-hfb-above-header-display":"","ast-hfb-below-header-display":"","ast-hfb-mobile-header-display":"","site-post-title":"","ast-breadcrumbs-content":"","ast-featured-img":"","footer-sml-layout":"","theme-transparent-header-meta":"default","adv-header-id-meta":"","stick-header-meta":"default","header-above-stick-meta":"","header-main-stick-meta":"","header-below-stick-meta":""},"product_cat":[21,39],"product_tag":[148,146],"class_list":{"0":"post-1278","1":"product","2":"type-product","3":"status-publish","4":"has-post-thumbnail","6":"product_cat-all","7":"product_cat-cherry-tree","8":"product_tag-cherry-blossom-tree","9":"product_tag-cherry-tree","10":"desktop-align-left","11":"tablet-align-left","12":"mobile-align-left","14":"first","15":"instock","16":"sale","17":"taxable","18":"shipping-taxable","19":"purchasable","20":"product-type-simple"},"jetpack_sharing_enabled":true,"_links":{"self":[{"href":"https:\/\/partydecordelight.com\/de_de\/wp-json\/wp\/v2\/product\/1278","targetHints":{"allow":["GET"]}}],"collection":[{"href":"https:\/\/partydecordelight.com\/de_de\/wp-json\/wp\/v2\/product"}],"about":[{"href":"https:\/\/partydecordelight.com\/de_de\/wp-json\/wp\/v2\/types\/product"}],"replies":[{"embeddable":true,"href":"https:\/\/partydecordelight.com\/de_de\/wp-json\/wp\/v2\/comments?post=1278"}],"version-history":[{"count":2,"href":"https:\/\/partydecordelight.com\/de_de\/wp-json\/wp\/v2\/product\/1278\/revisions"}],"predecessor-version":[{"id":1924,"href":"https:\/\/partydecordelight.com\/de_de\/wp-json\/wp\/v2\/product\/1278\/revisions\/1924"}],"wp:featuredmedia":[{"embeddable":true,"href":"https:\/\/partydecordelight.com\/de_de\/wp-json\/wp\/v2\/media\/2362"}],"wp:attachment":[{"href":"https:\/\/partydecordelight.com\/de_de\/wp-json\/wp\/v2\/media?parent=1278"}],"wp:term":[{"taxonomy":"product_cat","embeddable":true,"href":"https:\/\/partydecordelight.com\/de_de\/wp-json\/wp\/v2\/product_cat?post=1278"},{"taxonomy":"product_tag","embeddable":true,"href":"https:\/\/partydecordelight.com\/de_de\/wp-json\/wp\/v2\/product_tag?post=1278"}],"curies":[{"name":"wp","href":"https:\/\/api.w.org\/{rel}","templated":true}]}}