{"id":1284,"date":"2024-06-29T13:49:22","date_gmt":"2024-06-29T05:49:22","guid":{"rendered":"https:\/\/partydecordelight.com\/product\/2pcs-45-6-diamond-rhombus-metal-candle-holders%e3%80%90gold%e3%80%91\/"},"modified":"2026-02-08T00:40:03","modified_gmt":"2026-02-08T05:40:03","slug":"2pcs-45-6-diamond-rhombus-metal-candle-holders%e3%80%90gold%e3%80%91","status":"publish","type":"product","link":"https:\/\/partydecordelight.com\/de_de\/product\/2pcs-45-6-diamond-rhombus-metal-candle-holders%e3%80%90gold%e3%80%91\/","title":{"rendered":"2 Sets | 47.2\u2033 hoch Diamant Metall Kandelaber | Hochzeit Tafelaufs\u00e4tze | Party Kerzenhalter | Event Tisch Speisesaal Kandelaber"},"content":{"rendered":"<p>Wir pr\u00e4sentieren unser exquisites SET von 2 | 45.6\" hohen Diamond Rhombus Metall-Kerzenhaltern in luxuri\u00f6sem Gold-Finish. Erh\u00f6hen Sie Ihr Heimdekor mit diesen atemberaubenden St\u00fccken, die Raffinesse, modernes Design und Funktionalit\u00e4t nahtlos miteinander verbinden.<\/p>\n<p>Diese mit Pr\u00e4zision gefertigten Kerzenst\u00e4nder sind 45,6 cm hoch und erzeugen in jedem Raum einen fesselnden visuellen Eindruck. Das einzigartige Rautendesign verleiht ihnen einen Hauch zeitgen\u00f6ssischer Eleganz und macht sie zu einer perfekten Erg\u00e4nzung sowohl f\u00fcr moderne als auch f\u00fcr klassische Innenr\u00e4ume.<\/p>\n<p>Die gl\u00e4nzende Goldoberfl\u00e4che unterstreicht den \u00e4sthetischen Reiz und strahlt Opulenz und W\u00e4rme aus. Diese Kerzenhalter sind nicht nur funktional, sondern dienen auch als Blickfang und verleihen Ihrem Wohnraum, Essbereich oder jedem anderen Raum, in dem Sie eine faszinierende Atmosph\u00e4re schaffen m\u00f6chten, einen Hauch von Glamour.<\/p>\n<p>Diese Kerzenst\u00e4nder sind als Zweier-Set konzipiert und bieten vielseitige Gestaltungsm\u00f6glichkeiten. Ganz gleich, ob Sie sie zusammen f\u00fcr ein auff\u00e4lliges Mittelst\u00fcck oder einzeln als Akzent in verschiedenen Bereichen Ihres Zuhauses aufstellen, diese St\u00fccke werden mit Sicherheit Aufmerksamkeit und Bewunderung erregen.<\/p>\n<p>Die robuste Metallkonstruktion garantiert Langlebigkeit und Stabilit\u00e4t und bietet einen sicheren Stand f\u00fcr Ihre Lieblingskerzen. Schaffen Sie eine einladende Atmosph\u00e4re mit dem sanften Schein des Kerzenlichts, der durch die elegante Form dieser rautenf\u00f6rmigen Kerzenhalter unterstrichen wird.<\/p>\n<p>Verpassen Sie nicht die Gelegenheit, Ihr Zuhause mit dem SET aus 2 | 45,6\" hohen Diamant-Rhombus-Kerzenhaltern aus Metall in einer fesselnden Goldoptik zu versch\u00f6nern. Reservieren Sie Ihr Set jetzt und geh\u00f6ren Sie zu den Ersten, die die Verschmelzung von zeitlosem Design und strahlendem Luxus erleben, die diese Kerzenhalter in Ihre Wohnr\u00e4ume bringen.<\/p>\n<p>Menge: 2 Sets pro Bestellung<br \/>\nMaterial: Metall, Transparentes Acryl<br \/>\nFarbe: Gold<br \/>\nGesamth\u00f6he: 45.6\"<br \/>\nGewicht: 8LBs<br \/>\nSockel : 11,8\u2033 x 8,6\u2033<br \/>\nBasisgewicht: 2LBs<br \/>\nAnzahl der St\u00e4mme: 6<br \/>\nL\u00e4nge der Stiele : 8\u2033x11.8\u2033<br \/>\nGr\u00f6\u00dfe des Halters: 2.1\u2033 D<br \/>\nMontage erforderlich: Ja<\/p>\n<p><strong>Schl\u00fcsselw\u00f6rter:<\/strong><br \/>\nDiamant-Metallrahmen-Kerzenhalter, sechseckiges Design, moderne Eleganz, Heimdekoration, besondere Anl\u00e4sse, vielseitiger Tafelaufsatz, goldene Ausf\u00fchrung, silberne Ausf\u00fchrung, zeitgen\u00f6ssische Raffinesse, luxuri\u00f6ses Geschenk.<\/p>","protected":false},"excerpt":{"rendered":"<p>Kostenloser Versand innerhalb der USA | 2-5 Tage Lieferung.<\/p>","protected":false},"featured_media":2231,"comment_status":"open","ping_status":"closed","template":"","meta":{"site-sidebar-layout":"default","site-content-layout":"default","ast-global-header-display":"","ast-banner-title-visibility":"","ast-main-header-display":"","ast-hfb-above-header-display":"","ast-hfb-below-header-display":"","ast-hfb-mobile-header-display":"","site-post-title":"","ast-breadcrumbs-content":"","ast-featured-img":"","footer-sml-layout":"","theme-transparent-header-meta":"default","adv-header-id-meta":"","stick-header-meta":"default","header-above-stick-meta":"","header-main-stick-meta":"","header-below-stick-meta":""},"product_cat":[21,37],"product_tag":[141,143],"class_list":{"0":"post-1284","1":"product","2":"type-product","3":"status-publish","4":"has-post-thumbnail","6":"product_cat-all","7":"product_cat-tabletop-8-centerpieces","8":"product_tag-candle-holder","9":"product_tag-centerpiece","10":"desktop-align-left","11":"tablet-align-left","12":"mobile-align-left","14":"first","15":"instock","16":"sale","17":"taxable","18":"shipping-taxable","19":"purchasable","20":"product-type-simple"},"jetpack_sharing_enabled":true,"_links":{"self":[{"href":"https:\/\/partydecordelight.com\/de_de\/wp-json\/wp\/v2\/product\/1284","targetHints":{"allow":["GET"]}}],"collection":[{"href":"https:\/\/partydecordelight.com\/de_de\/wp-json\/wp\/v2\/product"}],"about":[{"href":"https:\/\/partydecordelight.com\/de_de\/wp-json\/wp\/v2\/types\/product"}],"replies":[{"embeddable":true,"href":"https:\/\/partydecordelight.com\/de_de\/wp-json\/wp\/v2\/comments?post=1284"}],"version-history":[{"count":2,"href":"https:\/\/partydecordelight.com\/de_de\/wp-json\/wp\/v2\/product\/1284\/revisions"}],"predecessor-version":[{"id":1933,"href":"https:\/\/partydecordelight.com\/de_de\/wp-json\/wp\/v2\/product\/1284\/revisions\/1933"}],"wp:featuredmedia":[{"embeddable":true,"href":"https:\/\/partydecordelight.com\/de_de\/wp-json\/wp\/v2\/media\/2231"}],"wp:attachment":[{"href":"https:\/\/partydecordelight.com\/de_de\/wp-json\/wp\/v2\/media?parent=1284"}],"wp:term":[{"taxonomy":"product_cat","embeddable":true,"href":"https:\/\/partydecordelight.com\/de_de\/wp-json\/wp\/v2\/product_cat?post=1284"},{"taxonomy":"product_tag","embeddable":true,"href":"https:\/\/partydecordelight.com\/de_de\/wp-json\/wp\/v2\/product_tag?post=1284"}],"curies":[{"name":"wp","href":"https:\/\/api.w.org\/{rel}","templated":true}]}}