{"id":1287,"date":"2024-06-29T13:49:23","date_gmt":"2024-06-29T05:49:23","guid":{"rendered":"https:\/\/partydecordelight.com\/product\/2-pcs-36-tall-crystal-glass-pendant-flower-stand-rectangular-flow\/"},"modified":"2026-02-08T00:28:31","modified_gmt":"2026-02-08T05:28:31","slug":"2-pcs-36-tall-crystal-glass-pendant-flower-stand-rectangular-flow","status":"publish","type":"product","link":"https:\/\/partydecordelight.com\/de_de\/product\/2-pcs-36-tall-crystal-glass-pendant-flower-stand-rectangular-flow\/","title":{"rendered":"2 Pcs | 36\u2033 hoch reinem Kristall Anh\u00e4nger rechteckige Blume stehen | Gold Hochzeit Vasen Mittelst\u00fccke | Hochzeit Party Dekoration"},"content":{"rendered":"<p>Wir stellen Ihnen unsere exquisiten 2 St\u00fcck 36\u2033 hohen Kristallglas-Blumenst\u00e4nder vor, eine atemberaubende Erg\u00e4nzung, die das Ambiente Ihrer Hochzeiten, Veranstaltungen oder jeder anderen besonderen Gelegenheit aufwertet. Diese eleganten St\u00e4nder kombinieren Raffinesse mit einem Hauch von modernem Flair, so dass sie die perfekte Wahl f\u00fcr diejenigen, die eine einzigartige und auff\u00e4llige Mittelst\u00fcck suchen.<\/p>\n<p>&nbsp;<\/p>\n<p>Wesentliche Merkmale:<\/p>\n<p>1. **Kristallklare Eleganz:** Gefertigt aus hochwertigem Kristallglas, strahlen diese Anh\u00e4nger Blumenst\u00e4nder zeitlose Eleganz aus. Das kristallklare Design erm\u00f6glicht ein fesselndes Lichtspiel, das jeder Umgebung einen Hauch von Glamour verleiht.<\/p>\n<p>2. **Versatile H\u00f6he:** Stehend bei einem beeindruckenden 36 Zoll hoch, diese St\u00e4nde Befehl Aufmerksamkeit ohne Ihre Blumenarrangements zu \u00fcberschatten. Die H\u00f6he ist ideal f\u00fcr die Schaffung eines Gef\u00fchls der Erhabenheit und machen eine Aussage bei Hochzeiten, Empf\u00e4nge oder gehobene Veranstaltungen.<\/p>\n<p>3. **Floral Finesse:** Die rechteckige Blumenarrangement-Plattform bietet eine ger\u00e4umige und stabile Basis f\u00fcr die Pr\u00e4sentation Ihrer Lieblingsblumen. Arrangieren Sie kaskadierende Blumen, \u00fcppiges Gr\u00fcn oder andere dekorative Elemente, um das Design des Kristallanh\u00e4ngers zu erg\u00e4nzen und eine visuell beeindruckende Pr\u00e4sentation zu schaffen.<\/p>\n<p>4. **Zweierpack:** Dieses Vorbestellungsangebot umfasst zwei St\u00e4nder, mit denen Sie einen symmetrischen und zusammenh\u00e4ngenden Look in Ihrem Veranstaltungsraum schaffen k\u00f6nnen. Ob Sie einen Eingang einrahmen, einen Zeremonienraum schm\u00fccken oder eine Tischdekoration aufwerten, das Doppelpack sorgt f\u00fcr Flexibilit\u00e4t bei Ihren Dekorationsarrangements.<\/p>\n<p>5. **Einfache Montage:** Entworfen mit Bequemlichkeit im Auge, sind diese St\u00e4nde einfach zu montieren, so dass Sie auf den kreativen Aspekt der Dekoration und nicht die Einrichtung zu konzentrieren. Einfache Anweisungen machen den Prozess m\u00fchelos, so dass eine reibungslose und effiziente Vorbereitung f\u00fcr Ihre Veranstaltung.<\/p>\n<p>6. **Qualit\u00e4t Handwerkskunst:** Unsere Anh\u00e4nger Blumenst\u00e4nder sind mit viel Liebe zum Detail gefertigt, um Haltbarkeit und Langlebigkeit zu gew\u00e4hrleisten. Die robuste Konstruktion sorgt daf\u00fcr, dass diese St\u00e4nde nicht nur die \u00c4sthetik Ihrer Veranstaltung zu verbessern, sondern auch den Test der Zeit stehen.<\/p>\n<p>&nbsp;<\/p>\n<p>Setzen Sie bei Ihrer n\u00e4chsten Veranstaltung ein Zeichen mit der bezaubernden Anziehungskraft der 2 PACK | 36\u2033 hohen Kristallglas-Blumenst\u00e4nder mit Anh\u00e4nger. Erh\u00f6hen Sie Ihre Dekoration zu neuen H\u00f6hen und hinterlassen Sie einen bleibenden Eindruck bei Ihren G\u00e4sten.<\/p>\n<p>Es gibt<strong> 2 St\u00fcck in einer Bestellung<\/strong>.<\/p>\n<p><strong>Gesamth\u00f6he:<\/strong> 35,4\u2033 oben<\/p>\n<p><strong>Gr\u00f6\u00dfe:<\/strong> H 8,7\u2033 x L 27,6\u2033 x B 7,5\u2033<\/p>\n<p><strong>Fu\u00dfgr\u00f6\u00dfe:<\/strong> H 0.8\u2033 x L 12.6\u2033 x W 8.7\u2033 Gewicht: 11Lbs f\u00fcr jeden.<\/p>\n<p><strong>Kristall-Anh\u00e4nger:<\/strong>\u00a06\u2033 lang<\/p>\n<p>&nbsp;<\/p>\n<p>&nbsp;<\/p>","protected":false},"excerpt":{"rendered":"<p>Kostenloser Versand innerhalb der USA | 2-5 Tage Lieferung.<\/p>","protected":false},"featured_media":2215,"comment_status":"open","ping_status":"closed","template":"","meta":{"site-sidebar-layout":"default","site-content-layout":"default","ast-global-header-display":"","ast-banner-title-visibility":"","ast-main-header-display":"","ast-hfb-above-header-display":"","ast-hfb-below-header-display":"","ast-hfb-mobile-header-display":"","site-post-title":"","ast-breadcrumbs-content":"","ast-featured-img":"","footer-sml-layout":"","theme-transparent-header-meta":"default","adv-header-id-meta":"","stick-header-meta":"default","header-above-stick-meta":"","header-main-stick-meta":"","header-below-stick-meta":""},"product_cat":[21,37],"product_tag":[143,145,149],"class_list":{"0":"post-1287","1":"product","2":"type-product","3":"status-publish","4":"has-post-thumbnail","6":"product_cat-all","7":"product_cat-tabletop-8-centerpieces","8":"product_tag-centerpiece","9":"product_tag-flower-stand","10":"product_tag-tabletop","11":"desktop-align-left","12":"tablet-align-left","13":"mobile-align-left","15":"first","16":"instock","17":"sale","18":"taxable","19":"shipping-taxable","20":"purchasable","21":"product-type-simple"},"jetpack_sharing_enabled":true,"_links":{"self":[{"href":"https:\/\/partydecordelight.com\/de_de\/wp-json\/wp\/v2\/product\/1287","targetHints":{"allow":["GET"]}}],"collection":[{"href":"https:\/\/partydecordelight.com\/de_de\/wp-json\/wp\/v2\/product"}],"about":[{"href":"https:\/\/partydecordelight.com\/de_de\/wp-json\/wp\/v2\/types\/product"}],"replies":[{"embeddable":true,"href":"https:\/\/partydecordelight.com\/de_de\/wp-json\/wp\/v2\/comments?post=1287"}],"version-history":[{"count":2,"href":"https:\/\/partydecordelight.com\/de_de\/wp-json\/wp\/v2\/product\/1287\/revisions"}],"predecessor-version":[{"id":1927,"href":"https:\/\/partydecordelight.com\/de_de\/wp-json\/wp\/v2\/product\/1287\/revisions\/1927"}],"wp:featuredmedia":[{"embeddable":true,"href":"https:\/\/partydecordelight.com\/de_de\/wp-json\/wp\/v2\/media\/2215"}],"wp:attachment":[{"href":"https:\/\/partydecordelight.com\/de_de\/wp-json\/wp\/v2\/media?parent=1287"}],"wp:term":[{"taxonomy":"product_cat","embeddable":true,"href":"https:\/\/partydecordelight.com\/de_de\/wp-json\/wp\/v2\/product_cat?post=1287"},{"taxonomy":"product_tag","embeddable":true,"href":"https:\/\/partydecordelight.com\/de_de\/wp-json\/wp\/v2\/product_tag?post=1287"}],"curies":[{"name":"wp","href":"https:\/\/api.w.org\/{rel}","templated":true}]}}