{"id":1302,"date":"2024-06-29T13:49:29","date_gmt":"2024-06-29T05:49:29","guid":{"rendered":"https:\/\/partydecordelight.com\/product\/fancy-blue-shimmer-wall-backdrop-sequins-self-locking-panels\/"},"modified":"2025-04-05T22:17:42","modified_gmt":"2025-04-06T03:17:42","slug":"fancy-blue-shimmer-wall-backdrop-sequins-self-locking-panels","status":"publish","type":"product","link":"https:\/\/partydecordelight.com\/de_de\/product\/fancy-blue-shimmer-wall-backdrop-sequins-self-locking-panels\/","title":{"rendered":"Fancy Blue Shimmer Wall Backdrop Pailletten Selbstverriegelung Panels"},"content":{"rendered":"<p>1. Diese schimmernden Wandpaneele sind mit schimmernden Pailletten verziert, die jedem Anlass einen Hauch von Glanz und Eleganz verleihen.<br \/>\n2. Sie sind so konstruiert, dass sie selbstsichernd sind, was eine schnelle und problemlose Installation erm\u00f6glicht.<\/p>\n<p>3. Mit ihrer F\u00e4higkeit, Licht einzufangen und zu reflektieren, erzeugen diese Paneele einen atemberaubenden visuellen Effekt, der die Atmosph\u00e4re verbessert und Hochzeiten, Partys, Fotoshootings und anderen besonderen Veranstaltungen einen Hauch von Luxus verleiht.<br \/>\n4. Die Shimmer Wall Backdrop Sequins Self-Locking Panels sind eine ausgezeichnete Wahl f\u00fcr alle, die eine glamour\u00f6se und auff\u00e4llige Hintergrundl\u00f6sung suchen.<\/p>\n<p>&nbsp;<\/p>\n<p><strong>Spezifikation:<\/strong><br \/>\nGr\u00f6\u00dfe: Die Gr\u00f6\u00dfe f\u00fcr jede Platte ist 12\u2033X12\u2033<br \/>\n36 Paneele k\u00f6nnen eine 6FTX6FT schimmernde Wand bilden<br \/>\n49 Paneele k\u00f6nnen eine 7FTX7FT schimmernde Wand bilden<br \/>\n64 Paneele k\u00f6nnen eine 8FTX8FT schimmernde Wand bilden<br \/>\nFarbe: Fancy Blue<br \/>\nAlle Produkte in Mirror-Farbe sind gl\u00e4nzend. Alle Fancy Farbe Produkte werden verschiedene ausgefallene Farben brechen.<br \/>\nAnlass: Hochzeit, Baby Shower Party, oder jede andere Party, Haus, Garten<br \/>\nAlle Gr\u00f6\u00dfen sind ungef\u00e4hre Ma\u00dfe und die Farben k\u00f6nnen aufgrund der unterschiedlichen Anzeige variieren.<\/p>\n<p><strong>Schl\u00fcsselw\u00f6rter:<\/strong><br \/>\nPC (Polycarbonat) Grid Clip Shimmer Wall, innovatives Design, einfache Installation, faszinierender Schimmereffekt, leicht, langlebig, vielseitig einsetzbar, Premium PC, Eventdekorationen, die Wahl des Eventplaners.<\/p>","protected":false},"excerpt":{"rendered":"<p>Kostenloser Versand innerhalb der USA | 2-5 Tage Lieferung.<\/p>","protected":false},"featured_media":1745,"comment_status":"open","ping_status":"closed","template":"","meta":{"site-sidebar-layout":"default","site-content-layout":"default","ast-global-header-display":"","ast-banner-title-visibility":"","ast-main-header-display":"","ast-hfb-above-header-display":"","ast-hfb-below-header-display":"","ast-hfb-mobile-header-display":"","site-post-title":"","ast-breadcrumbs-content":"","ast-featured-img":"","footer-sml-layout":"","theme-transparent-header-meta":"default","adv-header-id-meta":"","stick-header-meta":"default","header-above-stick-meta":"","header-main-stick-meta":"","header-below-stick-meta":""},"product_cat":[21,38],"product_tag":[63,123,118,117,124],"class_list":{"0":"post-1302","1":"product","2":"type-product","3":"status-publish","4":"has-post-thumbnail","6":"product_cat-all","7":"product_cat-shimmer-wall","8":"product_tag-backdrop","9":"product_tag-sequin-wall-backdrop","10":"product_tag-shimmer-panel","11":"product_tag-shimmer-wall","12":"product_tag-shimmer-wall-panels","13":"desktop-align-left","14":"tablet-align-left","15":"mobile-align-left","17":"first","18":"instock","19":"sale","20":"taxable","21":"shipping-taxable","22":"purchasable","23":"product-type-variable"},"jetpack_sharing_enabled":true,"_links":{"self":[{"href":"https:\/\/partydecordelight.com\/de_de\/wp-json\/wp\/v2\/product\/1302","targetHints":{"allow":["GET"]}}],"collection":[{"href":"https:\/\/partydecordelight.com\/de_de\/wp-json\/wp\/v2\/product"}],"about":[{"href":"https:\/\/partydecordelight.com\/de_de\/wp-json\/wp\/v2\/types\/product"}],"replies":[{"embeddable":true,"href":"https:\/\/partydecordelight.com\/de_de\/wp-json\/wp\/v2\/comments?post=1302"}],"version-history":[{"count":2,"href":"https:\/\/partydecordelight.com\/de_de\/wp-json\/wp\/v2\/product\/1302\/revisions"}],"predecessor-version":[{"id":1764,"href":"https:\/\/partydecordelight.com\/de_de\/wp-json\/wp\/v2\/product\/1302\/revisions\/1764"}],"wp:featuredmedia":[{"embeddable":true,"href":"https:\/\/partydecordelight.com\/de_de\/wp-json\/wp\/v2\/media\/1745"}],"wp:attachment":[{"href":"https:\/\/partydecordelight.com\/de_de\/wp-json\/wp\/v2\/media?parent=1302"}],"wp:term":[{"taxonomy":"product_cat","embeddable":true,"href":"https:\/\/partydecordelight.com\/de_de\/wp-json\/wp\/v2\/product_cat?post=1302"},{"taxonomy":"product_tag","embeddable":true,"href":"https:\/\/partydecordelight.com\/de_de\/wp-json\/wp\/v2\/product_tag?post=1302"}],"curies":[{"name":"wp","href":"https:\/\/api.w.org\/{rel}","templated":true}]}}