{"id":1324,"date":"2024-06-29T13:49:34","date_gmt":"2024-06-29T05:49:34","guid":{"rendered":"https:\/\/partydecordelight.com\/product\/mirror-gold-shimmer-wall-backdrop-sequins-self-locking-panels\/"},"modified":"2026-02-23T16:33:07","modified_gmt":"2026-02-23T21:33:07","slug":"mirror-gold-shimmer-wall-backdrop-sequins-self-locking-panels","status":"publish","type":"product","link":"https:\/\/partydecordelight.com\/de_de\/product\/mirror-gold-shimmer-wall-backdrop-sequins-self-locking-panels\/","title":{"rendered":"Spiegel-Gold-Schimmer-Wand, aufger\u00fcstet mit PC-Gitter-Grundrahmen, Schimmer-Hintergrund, Pailletten-Wand-Hintergrund, Schimmer-Wand-Paneele, selbstverriegelnder Schimmer"},"content":{"rendered":"<p>1. Die Shimmer Wandpaneele sind einfach zu montieren. Sie sind so konstruiert, dass sie selbstverriegelnd sind, was eine schnelle und problemlose Installation erm\u00f6glicht.<br \/>\n2. Mit ihrer F\u00e4higkeit, Licht einzufangen und zu reflektieren, erzeugen diese Paneele einen atemberaubenden visuellen Effekt, der die Atmosph\u00e4re verbessert und Hochzeiten, Partys, Fotoshootings und anderen besonderen Veranstaltungen einen Hauch von Luxus verleiht.<br \/>\n3. Es kann eine fesselnde und glamour\u00f6se Kulisse f\u00fcr verschiedene Veranstaltungen bieten. Diese Paneele sind mit schimmernden Pailletten verziert und verleihen jedem Anlass einen Hauch von Glanz und Eleganz.<br \/>\n4. Die Schimmerwand kann aus mehreren Paneelen bestehen, die eine ausgezeichnete Wahl f\u00fcr diejenigen sind, die eine glamour\u00f6se und auff\u00e4llige L\u00f6sung f\u00fcr den Hintergrund suchen.<\/p>\n<p>&nbsp;<\/p>\n<p><strong>Spezifikation:<\/strong><br \/>\nGr\u00f6\u00dfe: Die Gr\u00f6\u00dfe f\u00fcr jede Platte ist 12\u2033X12\u2033<br \/>\n36 Paneele k\u00f6nnen eine 6FTX6FT schimmernde Wand bilden<br \/>\n49 Paneele k\u00f6nnen eine 7FTX7FT schimmernde Wand bilden<br \/>\n64 Paneele k\u00f6nnen eine 8FTX8FT schimmernde Wand bilden<br \/>\nFarbe: Mirror Gold<br \/>\nAlle Produkte in Mirror-Farbe sind gl\u00e4nzend. Alle Fancy Farbe Produkte werden verschiedene ausgefallene Farben brechen.<br \/>\nAnlass: Hochzeit, Baby Shower Party, oder jede andere Party, Haus, Garten<br \/>\nAlle Gr\u00f6\u00dfen sind ungef\u00e4hre Ma\u00dfe und die Farben k\u00f6nnen aufgrund der unterschiedlichen Anzeige variieren.<\/p>\n<p>Schl\u00fcsselw\u00f6rter:<br \/>\nPC (Polycarbonat) Grid Clip Shimmer Wall, innovatives Design, einfache Installation, faszinierender Schimmereffekt, leicht, langlebig, vielseitig einsetzbar, Premium PC, Eventdekorationen, die Wahl des Eventplaners.<\/p>","protected":false},"excerpt":{"rendered":"<p>Kostenloser Versand innerhalb der USA | 2-5 Tage Lieferung.<\/p>","protected":false},"featured_media":1724,"comment_status":"open","ping_status":"closed","template":"","meta":{"site-sidebar-layout":"default","site-content-layout":"default","ast-global-header-display":"","ast-banner-title-visibility":"","ast-main-header-display":"","ast-hfb-above-header-display":"","ast-hfb-below-header-display":"","ast-hfb-mobile-header-display":"","site-post-title":"","ast-breadcrumbs-content":"","ast-featured-img":"","footer-sml-layout":"","theme-transparent-header-meta":"default","adv-header-id-meta":"","stick-header-meta":"default","header-above-stick-meta":"","header-main-stick-meta":"","header-below-stick-meta":""},"product_cat":[21,38],"product_tag":[120,126,123,122,124,121],"class_list":{"0":"post-1324","1":"product","2":"type-product","3":"status-publish","4":"has-post-thumbnail","6":"product_cat-all","7":"product_cat-shimmer-wall","8":"product_tag-mirror-gold-shimmer-wall","9":"product_tag-self-locking-shimmer","10":"product_tag-sequin-wall-backdrop","11":"product_tag-shimmer-backdrop","12":"product_tag-shimmer-wall-panels","13":"product_tag-upgraded-with-pc-grid-base-frame","14":"desktop-align-left","15":"tablet-align-left","16":"mobile-align-left","18":"first","19":"instock","20":"sale","21":"taxable","22":"shipping-taxable","23":"purchasable","24":"product-type-variable"},"jetpack_sharing_enabled":true,"_links":{"self":[{"href":"https:\/\/partydecordelight.com\/de_de\/wp-json\/wp\/v2\/product\/1324","targetHints":{"allow":["GET"]}}],"collection":[{"href":"https:\/\/partydecordelight.com\/de_de\/wp-json\/wp\/v2\/product"}],"about":[{"href":"https:\/\/partydecordelight.com\/de_de\/wp-json\/wp\/v2\/types\/product"}],"replies":[{"embeddable":true,"href":"https:\/\/partydecordelight.com\/de_de\/wp-json\/wp\/v2\/comments?post=1324"}],"version-history":[{"count":4,"href":"https:\/\/partydecordelight.com\/de_de\/wp-json\/wp\/v2\/product\/1324\/revisions"}],"predecessor-version":[{"id":1721,"href":"https:\/\/partydecordelight.com\/de_de\/wp-json\/wp\/v2\/product\/1324\/revisions\/1721"}],"wp:featuredmedia":[{"embeddable":true,"href":"https:\/\/partydecordelight.com\/de_de\/wp-json\/wp\/v2\/media\/1724"}],"wp:attachment":[{"href":"https:\/\/partydecordelight.com\/de_de\/wp-json\/wp\/v2\/media?parent=1324"}],"wp:term":[{"taxonomy":"product_cat","embeddable":true,"href":"https:\/\/partydecordelight.com\/de_de\/wp-json\/wp\/v2\/product_cat?post=1324"},{"taxonomy":"product_tag","embeddable":true,"href":"https:\/\/partydecordelight.com\/de_de\/wp-json\/wp\/v2\/product_tag?post=1324"}],"curies":[{"name":"wp","href":"https:\/\/api.w.org\/{rel}","templated":true}]}}