{"id":1326,"date":"2024-06-29T13:49:35","date_gmt":"2024-06-29T05:49:35","guid":{"rendered":"https:\/\/partydecordelight.com\/product\/3pcs-set-covers-for-round-chiara-backdrop-stand-walls\/"},"modified":"2024-07-21T12:21:54","modified_gmt":"2024-07-21T04:21:54","slug":"3pcs-set-covers-for-round-chiara-backdrop-stand-walls","status":"publish","type":"product","link":"https:\/\/partydecordelight.com\/de_de\/product\/3pcs-set-covers-for-round-chiara-backdrop-stand-walls\/","title":{"rendered":"3 St\u00fcck doppelseitige Stoffabdeckungen mit Rei\u00dfverschluss f\u00fcr Hochzeit gew\u00f6lbt Backdrop steht Blume Stand"},"content":{"rendered":"<p>Die 3 St\u00fcck\/Set Abdeckungen f\u00fcr den runden Chiara Backdrop Stand Walls umfassen drei Abdeckungen, die perfekt auf den Stand zugeschnitten sind. Diese Abdeckungen bieten Vielseitigkeit und Stil, so dass Sie m\u00fchelos das Aussehen Ihrer Kulisse f\u00fcr verschiedene Veranstaltungen \u00e4ndern k\u00f6nnen. Sie sind in einer Reihe von Farben, Mustern und Ausf\u00fchrungen erh\u00e4ltlich und bieten Optionen, die zu Ihrem gew\u00fcnschten Thema oder Ihrer \u00c4sthetik passen.<\/p>\n<p>Mit diesen Abdeckungen k\u00f6nnen Sie Ihren Kulissenst\u00e4nder m\u00fchelos in ein aufmerksamkeitsstarkes Mittelst\u00fcck verwandeln. Egal, ob es sich um eine Hochzeit, eine Party oder ein Fotoshooting handelt, mit diesen Abdeckungen schaffen Sie eine ansprechende Kulisse, die das Gesamtambiente aufwertet und Ihrer Veranstaltung einen stilvollen Touch verleiht.<\/p>\n<p>&nbsp;<\/p>\n<p><strong>Spezifikation:<\/strong><\/p>\n<p>Paket: Ein Satz von Abdeckungen f\u00fcr 3Pcs\/Satz der runden Chiara Backdrop Stand W\u00e4nde<\/p>\n<p>Material: Milchfaser-Gewebe<\/p>\n<p>Farbe: Wei\u00df, Hellbohnenpaste, Lila, Kaffee, Hellblau, Schwarz<\/p>\n<p>Anlass: Hochzeit, Baby Shower Party, oder jede andere Party, Haus, Garten<\/p>\n<p><strong>Alle Gr\u00f6\u00dfen sind ungef\u00e4hre Angaben.<\/strong><\/p>\n<p>Schl\u00fcsselw\u00f6rter:<br \/>\nArched Backdrop Stand, Double-sided Fabric Covers, Wedding Arch Stand, Party Backdrop Arch Stand, Handmade, Ships from Texas, Aluminium-Legierung, Polyester.<\/p>","protected":false},"excerpt":{"rendered":"<p>Kostenloser Versand innerhalb der USA | 2-5 Tage Lieferung.<\/p>","protected":false},"featured_media":2169,"comment_status":"open","ping_status":"closed","template":"","meta":{"site-sidebar-layout":"default","site-content-layout":"default","ast-global-header-display":"","ast-banner-title-visibility":"","ast-main-header-display":"","ast-hfb-above-header-display":"","ast-hfb-below-header-display":"","ast-hfb-mobile-header-display":"","site-post-title":"","ast-breadcrumbs-content":"","ast-featured-img":"","footer-sml-layout":"","theme-transparent-header-meta":"default","adv-header-id-meta":"","stick-header-meta":"default","header-above-stick-meta":"","header-main-stick-meta":"","header-below-stick-meta":""},"product_cat":[21,35],"product_tag":[157],"class_list":{"0":"post-1326","1":"product","2":"type-product","3":"status-publish","4":"has-post-thumbnail","6":"product_cat-all","7":"product_cat-covers","8":"product_tag-round-stand-cover","9":"desktop-align-left","10":"tablet-align-left","11":"mobile-align-left","13":"first","14":"instock","15":"sale","16":"taxable","17":"shipping-taxable","18":"purchasable","19":"product-type-variable"},"jetpack_sharing_enabled":true,"_links":{"self":[{"href":"https:\/\/partydecordelight.com\/de_de\/wp-json\/wp\/v2\/product\/1326","targetHints":{"allow":["GET"]}}],"collection":[{"href":"https:\/\/partydecordelight.com\/de_de\/wp-json\/wp\/v2\/product"}],"about":[{"href":"https:\/\/partydecordelight.com\/de_de\/wp-json\/wp\/v2\/types\/product"}],"replies":[{"embeddable":true,"href":"https:\/\/partydecordelight.com\/de_de\/wp-json\/wp\/v2\/comments?post=1326"}],"version-history":[{"count":2,"href":"https:\/\/partydecordelight.com\/de_de\/wp-json\/wp\/v2\/product\/1326\/revisions"}],"predecessor-version":[{"id":2179,"href":"https:\/\/partydecordelight.com\/de_de\/wp-json\/wp\/v2\/product\/1326\/revisions\/2179"}],"wp:featuredmedia":[{"embeddable":true,"href":"https:\/\/partydecordelight.com\/de_de\/wp-json\/wp\/v2\/media\/2169"}],"wp:attachment":[{"href":"https:\/\/partydecordelight.com\/de_de\/wp-json\/wp\/v2\/media?parent=1326"}],"wp:term":[{"taxonomy":"product_cat","embeddable":true,"href":"https:\/\/partydecordelight.com\/de_de\/wp-json\/wp\/v2\/product_cat?post=1326"},{"taxonomy":"product_tag","embeddable":true,"href":"https:\/\/partydecordelight.com\/de_de\/wp-json\/wp\/v2\/product_tag?post=1326"}],"curies":[{"name":"wp","href":"https:\/\/api.w.org\/{rel}","templated":true}]}}