{"id":1333,"date":"2024-06-29T13:49:39","date_gmt":"2024-06-29T05:49:39","guid":{"rendered":"https:\/\/partydecordelight.com\/product\/covers-3pcs-set-chiara-arched-backdrop-stand-covers-flower-wedding-arch-walls\/"},"modified":"2024-07-21T12:11:36","modified_gmt":"2024-07-21T04:11:36","slug":"covers-3pcs-set-chiara-arched-backdrop-stand-covers-flower-wedding-arch-walls","status":"publish","type":"product","link":"https:\/\/partydecordelight.com\/de_de\/product\/covers-3pcs-set-chiara-arched-backdrop-stand-covers-flower-wedding-arch-walls\/","title":{"rendered":"Abdeckungen! 3Pcs\/Set Chiara Arched Backdrop Stand Covers, Blume Hochzeit Bogen W\u00e4nde"},"content":{"rendered":"<p>Die 3Pcs\/Set Covers for Arch Chiara Backdrop Stand Walls sind speziell entwickelte Abdeckungen f\u00fcr die W\u00e4nde des Arch Chiara Backdrop Stand. Dieses Set enth\u00e4lt drei Abdeckungen, die perfekt auf den St\u00e4nder zugeschnitten sind.<\/p>\n<p>&nbsp;<\/p>\n<p>Diese Abdeckungen sind vielseitig und stilvoll und erm\u00f6glichen es Ihnen, das Aussehen Ihrer Kulisse f\u00fcr verschiedene Veranstaltungen m\u00fchelos zu ver\u00e4ndern. Sie sind in einer Reihe von Farben, Mustern und Ausf\u00fchrungen erh\u00e4ltlich und bieten Optionen, die zu Ihrem gew\u00fcnschten Thema oder Ihrer \u00c4sthetik passen.<\/p>\n<p>Mit diesen Abdeckungen k\u00f6nnen Sie Ihren Kulissenst\u00e4nder m\u00fchelos in ein aufmerksamkeitsstarkes Mittelst\u00fcck verwandeln. Egal, ob es sich um eine Hochzeit, eine Party oder ein Fotoshooting handelt, mit diesen Abdeckungen schaffen Sie eine ansprechende Kulisse, die das Gesamtambiente aufwertet und Ihrer Veranstaltung einen stilvollen Touch verleiht.<\/p>\n<p>&nbsp;<\/p>\n<p><strong>Spezifikation:<\/strong><\/p>\n<p>Paket: Ein Satz von Abdeckungen f\u00fcr 3Pcs\/Set der Arch Chiara Backdrop Stand Walls<\/p>\n<p>Material: Milchfaser-Gewebe<\/p>\n<p>Farbe: Wei\u00df, Hellbohnenpaste, Lila, Kaffee, Hellblau, Schwarz<\/p>\n<p>Anlass: Hochzeit, Baby Shower Party, oder jede andere Party, Haus, Garten<\/p>\n<p><strong>Alle Gr\u00f6\u00dfen sind ungef\u00e4hre Angaben.<\/strong><\/p>\n<p>Stichworte: Arched Backdrop Stand Frame, Doppelseitige Stoffabdeckungen, Hochzeit Bogen Stand, Party Backdrop Bogen Stand, Chiara Bogen Stand, Ballon Bogen Stand, Handmade, Aluminiumlegierung, Polyester<\/p>","protected":false},"excerpt":{"rendered":"<p>Kostenloser Versand innerhalb der USA | 2-5 Tage Lieferung.<\/p>","protected":false},"featured_media":2160,"comment_status":"open","ping_status":"closed","template":"","meta":{"site-sidebar-layout":"default","site-content-layout":"default","ast-global-header-display":"","ast-banner-title-visibility":"","ast-main-header-display":"","ast-hfb-above-header-display":"","ast-hfb-below-header-display":"","ast-hfb-mobile-header-display":"","site-post-title":"","ast-breadcrumbs-content":"","ast-featured-img":"","footer-sml-layout":"","theme-transparent-header-meta":"default","adv-header-id-meta":"","stick-header-meta":"default","header-above-stick-meta":"","header-main-stick-meta":"","header-below-stick-meta":""},"product_cat":[21,35],"product_tag":[156,155],"class_list":{"0":"post-1333","1":"product","2":"type-product","3":"status-publish","4":"has-post-thumbnail","6":"product_cat-all","7":"product_cat-covers","8":"product_tag-frame-cover","9":"product_tag-stand-cover","10":"desktop-align-left","11":"tablet-align-left","12":"mobile-align-left","14":"first","15":"instock","16":"sale","17":"taxable","18":"shipping-taxable","19":"purchasable","20":"product-type-variable"},"jetpack_sharing_enabled":true,"_links":{"self":[{"href":"https:\/\/partydecordelight.com\/de_de\/wp-json\/wp\/v2\/product\/1333","targetHints":{"allow":["GET"]}}],"collection":[{"href":"https:\/\/partydecordelight.com\/de_de\/wp-json\/wp\/v2\/product"}],"about":[{"href":"https:\/\/partydecordelight.com\/de_de\/wp-json\/wp\/v2\/types\/product"}],"replies":[{"embeddable":true,"href":"https:\/\/partydecordelight.com\/de_de\/wp-json\/wp\/v2\/comments?post=1333"}],"version-history":[{"count":2,"href":"https:\/\/partydecordelight.com\/de_de\/wp-json\/wp\/v2\/product\/1333\/revisions"}],"predecessor-version":[{"id":2163,"href":"https:\/\/partydecordelight.com\/de_de\/wp-json\/wp\/v2\/product\/1333\/revisions\/2163"}],"wp:featuredmedia":[{"embeddable":true,"href":"https:\/\/partydecordelight.com\/de_de\/wp-json\/wp\/v2\/media\/2160"}],"wp:attachment":[{"href":"https:\/\/partydecordelight.com\/de_de\/wp-json\/wp\/v2\/media?parent=1333"}],"wp:term":[{"taxonomy":"product_cat","embeddable":true,"href":"https:\/\/partydecordelight.com\/de_de\/wp-json\/wp\/v2\/product_cat?post=1333"},{"taxonomy":"product_tag","embeddable":true,"href":"https:\/\/partydecordelight.com\/de_de\/wp-json\/wp\/v2\/product_tag?post=1333"}],"curies":[{"name":"wp","href":"https:\/\/api.w.org\/{rel}","templated":true}]}}