{"id":1343,"date":"2024-06-29T13:49:41","date_gmt":"2024-06-29T05:49:41","guid":{"rendered":"https:\/\/partydecordelight.com\/product\/5pcs-set-matt-covers-for-metal-cylinder-stands-round-plinths-backdrop-stand\/"},"modified":"2024-07-21T15:06:54","modified_gmt":"2024-07-21T07:06:54","slug":"5pcs-set-matt-covers-for-metal-cylinder-stands-round-plinths-backdrop-stand","status":"publish","type":"product","link":"https:\/\/partydecordelight.com\/de_de\/product\/5pcs-set-matt-covers-for-metal-cylinder-stands-round-plinths-backdrop-stand\/","title":{"rendered":"5-PC Set Milch Seide Abdeckungen f\u00fcr Zylinder Sockel Sockel Display Kuchen steht | Hochzeit Dekorationen | Geburtstag Party Dekor | unten mit String"},"content":{"rendered":"<p>Die 5 St\u00fcck\/Set matte Abdeckungen f\u00fcr Metallzylinderst\u00e4nder, runde Sockel und Kulissenst\u00e4nder sind ein Set von Abdeckungen, die entwickelt wurden, um Metallzylinderst\u00e4nder und runde Sockel, die als Kulissenst\u00e4nder verwendet werden, zu verbessern und zu sch\u00fctzen. Dieses Set enth\u00e4lt f\u00fcnf Abdeckungen mit glatter matter Oberfl\u00e4che, die Ihren St\u00e4ndern ein modernes und elegantes Aussehen verleihen. Die Abdeckungen sind mit diesen speziellen Arten von St\u00e4ndern und Sockeln kompatibel und verwandeln sie in optisch ansprechende St\u00fccke und schaffen ein einheitliches Erscheinungsbild. Au\u00dferdem bieten die Abdeckungen Schutz vor Kratzern und Besch\u00e4digungen w\u00e4hrend des Transports und der Nutzung. Bitte vergewissern Sie sich vor dem Kauf, dass die Abmessungen und Materialien zu Ihren St\u00e4ndern passen.<\/p>\n<p>&nbsp;<\/p>\n<p><strong>Spezifikation:<\/strong><\/p>\n<p>Paket: Ein Satz von Abdeckungen f\u00fcr 5Pcs\/Satz der Metall-Zylinder steht Runde Plinths Hochzeit Backdrop Stand S\u00e4ulen<\/p>\n<p>Material: Milchfaser-Gewebe<\/p>\n<p>Farbe: Wei\u00df, Helles Bohnenrosa, Lila, Champagner, Hellblau, Schwarz<\/p>\n<p>Anlass: Hochzeit, Baby Shower Party, oder jede andere Party, Haus, Garten<\/p>\n<p><strong>Alle Gr\u00f6\u00dfen sind ungef\u00e4hre Angaben.<\/strong><\/p>","protected":false},"excerpt":{"rendered":"<p><strong>Kostenloser Versand innerhalb der USA | 2-5 Tage Lieferung.<\/strong><\/p>","protected":false},"featured_media":2114,"comment_status":"open","ping_status":"closed","template":"","meta":{"site-sidebar-layout":"default","site-content-layout":"default","ast-global-header-display":"","ast-banner-title-visibility":"","ast-main-header-display":"","ast-hfb-above-header-display":"","ast-hfb-below-header-display":"","ast-hfb-mobile-header-display":"","site-post-title":"","ast-breadcrumbs-content":"","ast-featured-img":"","footer-sml-layout":"","theme-transparent-header-meta":"default","adv-header-id-meta":"","stick-header-meta":"default","header-above-stick-meta":"","header-main-stick-meta":"","header-below-stick-meta":""},"product_cat":[21,35],"product_tag":[152,153],"class_list":{"0":"post-1343","1":"product","2":"type-product","3":"status-publish","4":"has-post-thumbnail","6":"product_cat-all","7":"product_cat-covers","8":"product_tag-cyliner-cover","9":"product_tag-milk-silk-cover","10":"desktop-align-left","11":"tablet-align-left","12":"mobile-align-left","14":"first","15":"instock","16":"sale","17":"taxable","18":"shipping-taxable","19":"purchasable","20":"product-type-variable"},"jetpack_sharing_enabled":true,"_links":{"self":[{"href":"https:\/\/partydecordelight.com\/de_de\/wp-json\/wp\/v2\/product\/1343","targetHints":{"allow":["GET"]}}],"collection":[{"href":"https:\/\/partydecordelight.com\/de_de\/wp-json\/wp\/v2\/product"}],"about":[{"href":"https:\/\/partydecordelight.com\/de_de\/wp-json\/wp\/v2\/types\/product"}],"replies":[{"embeddable":true,"href":"https:\/\/partydecordelight.com\/de_de\/wp-json\/wp\/v2\/comments?post=1343"}],"version-history":[{"count":2,"href":"https:\/\/partydecordelight.com\/de_de\/wp-json\/wp\/v2\/product\/1343\/revisions"}],"predecessor-version":[{"id":2134,"href":"https:\/\/partydecordelight.com\/de_de\/wp-json\/wp\/v2\/product\/1343\/revisions\/2134"}],"wp:featuredmedia":[{"embeddable":true,"href":"https:\/\/partydecordelight.com\/de_de\/wp-json\/wp\/v2\/media\/2114"}],"wp:attachment":[{"href":"https:\/\/partydecordelight.com\/de_de\/wp-json\/wp\/v2\/media?parent=1343"}],"wp:term":[{"taxonomy":"product_cat","embeddable":true,"href":"https:\/\/partydecordelight.com\/de_de\/wp-json\/wp\/v2\/product_cat?post=1343"},{"taxonomy":"product_tag","embeddable":true,"href":"https:\/\/partydecordelight.com\/de_de\/wp-json\/wp\/v2\/product_tag?post=1343"}],"curies":[{"name":"wp","href":"https:\/\/api.w.org\/{rel}","templated":true}]}}