{"id":1350,"date":"2024-06-29T13:49:45","date_gmt":"2024-06-29T05:49:45","guid":{"rendered":"https:\/\/partydecordelight.com\/product\/2pcs-set-5ft-artificial-dropping-cherry-treeswith-blossom-flowers-party-decor\/"},"modified":"2025-12-25T14:18:43","modified_gmt":"2025-12-25T19:18:43","slug":"2pcs-set-5ft-artificial-dropping-cherry-treeswith-blossom-flowers-party-decor","status":"publish","type":"product","link":"https:\/\/partydecordelight.com\/de_de\/product\/2pcs-set-5ft-artificial-dropping-cherry-treeswith-blossom-flowers-party-decor\/","title":{"rendered":"2Pcs\/Set wei\u00df k\u00fcnstliche Kirschbl\u00fcte Baum mit abnehmbarem Metallsockel, Seide Sakura Blumen w\u00fcnschen Baum Hochzeit Dekoration - 5ft"},"content":{"rendered":"<p><strong>\ud83c\udf38 **Spezifikationen:** \ud83c\udf38<\/strong><\/p>\n<p>Farbe: Wei\u00df<br \/>\nGr\u00f6\u00dfe: 5 Fu\u00df<br \/>\nPaket: Es gibt zwei St\u00fccke von Kirschb\u00e4umen in einem Paket<br \/>\nAnlass: Hochzeit, Baby Shower Party, oder jede andere Party, Haus, Garten<br \/>\nAlle Gr\u00f6\u00dfen sind ungef\u00e4hre Messungen und Farbe kann leicht variieren aufgrund der unterschiedlichen Anzeige.<\/p>\n<p>Bitte sehen Sie sich das Video mit der Montageanleitung auf https:\/\/youtu.be\/7E3RljJuV78 an.<\/p>\n<p>\ud83c\udf38 Wir pr\u00e4sentieren unsere bezaubernden 2Pcs\/Set 5ft k\u00fcnstlichen fallenden Kirschb\u00e4ume mit Bl\u00fcten \ud83c\udf38.<\/p>\n<p>Verwandeln Sie Ihren Raum in ein skurriles Wunderland mit unseren exquisiten 2Pcs\/Set K\u00fcnstlichen Kirschb\u00e4umen! Diese bezaubernden B\u00e4ume verleihen Ihrem Zuhause oder Ihrer Veranstaltungsdekoration einen Hauch von nat\u00fcrlicher Sch\u00f6nheit. Egal, ob Sie eine romantische Hochzeit oder eine bezaubernde Gartenparty planen oder einfach nur Ihren Lebensraum aufwerten m\u00f6chten, diese Tischdekoration ist die perfekte Wahl.<\/p>\n<p><strong>\ud83c\udf38 **Key Features:** \ud83c\udf38<\/strong><\/p>\n<p>1. **Realistische Eleganz:** Mit akribischer Liebe zum Detail gefertigt, sehen unsere k\u00fcnstlichen Kirschb\u00e4ume bemerkenswert lebensecht. Die zarten Bl\u00fcten und anmutig h\u00e4ngenden Zweige imitieren den Charme der Kirschbl\u00fcten in voller Bl\u00fcte.<\/p>\n<p>2. **Set von 2:** Dieses Set enth\u00e4lt zwei 5ft hohe Kirschb\u00e4ume, so dass es einfach, eine ausgewogene und harmonische Optik in jeder Umgebung zu schaffen. Verwenden Sie sie zusammen als eine atemberaubende Mittelst\u00fcck oder legen Sie sie getrennt, um verschiedene Bereiche zu verbessern.<\/p>\n<p>3. **Versatile Dekoration:** Ob Sie f\u00fcr eine rustikale, Boho, oder minimalistische \u00c4sthetik anstreben, sind diese B\u00e4ume vielseitig genug, um nahtlos in jedes Dekor Thema passen. Sie sind perfekt f\u00fcr Hochzeiten, Geburtstage, Baby-Duschen, Wohnkultur und mehr.<\/p>\n<p>4. **Wenig Pflege:** Im Gegensatz zu echten Kirschb\u00e4umen, die st\u00e4ndige Pflege und Aufmerksamkeit erfordern, sind unsere k\u00fcnstlichen Kirschb\u00e4ume m\u00fchelos. Keine Notwendigkeit, \u00fcber die Bew\u00e4sserung, Welken, oder saisonale Ver\u00e4nderungen zu k\u00fcmmern - sie werden das ganze Jahr \u00fcber sch\u00f6n bleiben.<\/p>\n<p>5. **Stabile Basis:** Jeder Baum kommt mit einer stabilen Basis, die sicherstellt, dass sie hoch und stolz stehen, auch in stark frequentierten Bereichen. Sie k\u00f6nnen sie auf Tischen, in Ecken, oder \u00fcberall dort, wo Sie eine Aussage machen wollen.<\/p>\n<p>6. **Anpassbar:** F\u00fcgen Sie Ihre pers\u00f6nliche Note durch die Einbeziehung Lichterketten, B\u00e4nder oder andere dekorative Elemente, um Ihren einzigartigen Stil entsprechen.<\/p>\n<p>&nbsp;<\/p>\n<p>\ud83c\udf38 **Warum unsere Kirschb\u00e4ume w\u00e4hlen?** \ud83c\udf38<\/p>\n<p>Wir von [Party Decor Delight] sind stolz darauf, Ihnen hochwertige, atemberaubende Dekorationsartikel zu liefern, die Ihnen helfen, Ihre kreativen Vorstellungen zu verwirklichen. Unsere k\u00fcnstlichen Kirschb\u00e4ume sind keine Ausnahme und bieten die perfekte Mischung aus Eleganz und Komfort. Sie werden der Mittelpunkt Ihrer Veranstaltung sein, die Bewunderung der G\u00e4ste auf sich ziehen und bleibende Erinnerungen hinterlassen.<\/p>\n<p>&nbsp;<\/p>","protected":false},"excerpt":{"rendered":"<p>Kostenloser Versand innerhalb der USA | 2-5 Tage Lieferung.<\/p>","protected":false},"featured_media":2367,"comment_status":"open","ping_status":"closed","template":"","meta":{"site-sidebar-layout":"default","site-content-layout":"default","ast-global-header-display":"","ast-banner-title-visibility":"","ast-main-header-display":"","ast-hfb-above-header-display":"","ast-hfb-below-header-display":"","ast-hfb-mobile-header-display":"","site-post-title":"","ast-breadcrumbs-content":"","ast-featured-img":"","footer-sml-layout":"","theme-transparent-header-meta":"default","adv-header-id-meta":"","stick-header-meta":"default","header-above-stick-meta":"","header-main-stick-meta":"","header-below-stick-meta":""},"product_cat":[21,39],"product_tag":[147,146],"class_list":{"0":"post-1350","1":"product","2":"type-product","3":"status-publish","4":"has-post-thumbnail","6":"product_cat-all","7":"product_cat-cherry-tree","8":"product_tag-artificial-tree","9":"product_tag-cherry-tree","10":"desktop-align-left","11":"tablet-align-left","12":"mobile-align-left","14":"first","15":"instock","16":"sale","17":"taxable","18":"shipping-taxable","19":"purchasable","20":"product-type-simple"},"jetpack_sharing_enabled":true,"_links":{"self":[{"href":"https:\/\/partydecordelight.com\/de_de\/wp-json\/wp\/v2\/product\/1350","targetHints":{"allow":["GET"]}}],"collection":[{"href":"https:\/\/partydecordelight.com\/de_de\/wp-json\/wp\/v2\/product"}],"about":[{"href":"https:\/\/partydecordelight.com\/de_de\/wp-json\/wp\/v2\/types\/product"}],"replies":[{"embeddable":true,"href":"https:\/\/partydecordelight.com\/de_de\/wp-json\/wp\/v2\/comments?post=1350"}],"version-history":[{"count":3,"href":"https:\/\/partydecordelight.com\/de_de\/wp-json\/wp\/v2\/product\/1350\/revisions"}],"predecessor-version":[{"id":1919,"href":"https:\/\/partydecordelight.com\/de_de\/wp-json\/wp\/v2\/product\/1350\/revisions\/1919"}],"wp:featuredmedia":[{"embeddable":true,"href":"https:\/\/partydecordelight.com\/de_de\/wp-json\/wp\/v2\/media\/2367"}],"wp:attachment":[{"href":"https:\/\/partydecordelight.com\/de_de\/wp-json\/wp\/v2\/media?parent=1350"}],"wp:term":[{"taxonomy":"product_cat","embeddable":true,"href":"https:\/\/partydecordelight.com\/de_de\/wp-json\/wp\/v2\/product_cat?post=1350"},{"taxonomy":"product_tag","embeddable":true,"href":"https:\/\/partydecordelight.com\/de_de\/wp-json\/wp\/v2\/product_tag?post=1350"}],"curies":[{"name":"wp","href":"https:\/\/api.w.org\/{rel}","templated":true}]}}