{"id":1356,"date":"2024-06-29T13:49:47","date_gmt":"2024-06-29T05:49:47","guid":{"rendered":"https:\/\/partydecordelight.com\/product\/red-3d-fabric-artificial-flower-panels-floral-backdrop-wedding-rose-backdrop\/"},"modified":"2024-07-21T10:59:29","modified_gmt":"2024-07-21T02:59:29","slug":"red-3d-fabric-artificial-flower-panels-floral-backdrop-wedding-rose-backdrop","status":"publish","type":"product","link":"https:\/\/partydecordelight.com\/de_de\/product\/red-3d-fabric-artificial-flower-panels-floral-backdrop-wedding-rose-backdrop\/","title":{"rendered":"Rote 3D-Stoff-Kunstblumen-Wandpaneele, Blumenwand-Hintergrund, Blumen-Hintergrund, Hochzeits-Rosen-Hintergrund"},"content":{"rendered":"<p>1. Dieser Kulissenvorhang verf\u00fcgt \u00fcber einen Mechanismus zum einfachen Aufbau und zur Aufbewahrung.<br \/>\n2. Es zeigt rote 3D-Stoffblumen, die jedem Veranstaltungsraum Eleganz und Sch\u00f6nheit verleihen.<br \/>\n3. Es wird h\u00e4ufig als Hintergrund f\u00fcr Hochzeiten, Partys und Fotoshootings verwendet und bildet einen lebendigen und auff\u00e4lligen Blickfang.<br \/>\n4. Die Kunstblumen erfordern nur minimale Pflege und bieten eine lange Nutzungsdauer ohne Verwelken oder Verblassen.<\/p>\n<p>&nbsp;<\/p>\n<p>Pls bitte beachten Sie, dass dies die Blume Panels und die Kulisse ist nicht in dieser Reihenfolge enthalten.<\/p>\n<p>Spezifikation:<br \/>\nGr\u00f6\u00dfe: 12\u2033X18\u2033 pro St\u00fcck<br \/>\nPaket 1: die Bestellung umfasst 12pcs, die eine insgesamt 4ftX8ft macht<br \/>\nPaket 2: die Bestellung umfasst 24pcs, die eine insgesamt 8ftX8ft macht<br \/>\nMaterial: Hochdichter Kunststoff und Stoff<br \/>\nFarbe: Rot<br \/>\nAnimationseffekt:3D<br \/>\nAnlass: Hochzeit, Baby Shower Party, oder jede andere Party, Haus, Garten<br \/>\nAlle Gr\u00f6\u00dfen sind ungef\u00e4hre Angaben.<\/p>","protected":false},"excerpt":{"rendered":"<p>Kostenloser Versand innerhalb der USA | 2-5 Tage Lieferung.<\/p>","protected":false},"featured_media":2091,"comment_status":"open","ping_status":"closed","template":"","meta":{"site-sidebar-layout":"default","site-content-layout":"default","ast-global-header-display":"","ast-banner-title-visibility":"","ast-main-header-display":"","ast-hfb-above-header-display":"","ast-hfb-below-header-display":"","ast-hfb-mobile-header-display":"","site-post-title":"","ast-breadcrumbs-content":"","ast-featured-img":"","footer-sml-layout":"","theme-transparent-header-meta":"default","adv-header-id-meta":"","stick-header-meta":"default","header-above-stick-meta":"","header-main-stick-meta":"","header-below-stick-meta":""},"product_cat":[21,36],"product_tag":[133,130,136,134,132,131,135],"class_list":{"0":"post-1356","1":"product","2":"type-product","3":"status-publish","4":"has-post-thumbnail","6":"product_cat-all","7":"product_cat-artificial-flower","8":"product_tag-artificial-floral","9":"product_tag-artificial-flower-wall","10":"product_tag-event-floral-decoration","11":"product_tag-floral-wall","12":"product_tag-flower-backdrop","13":"product_tag-flower-wall-panels","14":"product_tag-wedding-flower","15":"desktop-align-left","16":"tablet-align-left","17":"mobile-align-left","19":"first","20":"instock","21":"sale","22":"taxable","23":"shipping-taxable","24":"purchasable","25":"product-type-variable"},"jetpack_sharing_enabled":true,"_links":{"self":[{"href":"https:\/\/partydecordelight.com\/de_de\/wp-json\/wp\/v2\/product\/1356","targetHints":{"allow":["GET"]}}],"collection":[{"href":"https:\/\/partydecordelight.com\/de_de\/wp-json\/wp\/v2\/product"}],"about":[{"href":"https:\/\/partydecordelight.com\/de_de\/wp-json\/wp\/v2\/types\/product"}],"replies":[{"embeddable":true,"href":"https:\/\/partydecordelight.com\/de_de\/wp-json\/wp\/v2\/comments?post=1356"}],"version-history":[{"count":2,"href":"https:\/\/partydecordelight.com\/de_de\/wp-json\/wp\/v2\/product\/1356\/revisions"}],"predecessor-version":[{"id":1833,"href":"https:\/\/partydecordelight.com\/de_de\/wp-json\/wp\/v2\/product\/1356\/revisions\/1833"}],"wp:featuredmedia":[{"embeddable":true,"href":"https:\/\/partydecordelight.com\/de_de\/wp-json\/wp\/v2\/media\/2091"}],"wp:attachment":[{"href":"https:\/\/partydecordelight.com\/de_de\/wp-json\/wp\/v2\/media?parent=1356"}],"wp:term":[{"taxonomy":"product_cat","embeddable":true,"href":"https:\/\/partydecordelight.com\/de_de\/wp-json\/wp\/v2\/product_cat?post=1356"},{"taxonomy":"product_tag","embeddable":true,"href":"https:\/\/partydecordelight.com\/de_de\/wp-json\/wp\/v2\/product_tag?post=1356"}],"curies":[{"name":"wp","href":"https:\/\/api.w.org\/{rel}","templated":true}]}}