{"id":1357,"date":"2024-06-29T13:49:47","date_gmt":"2024-06-29T05:49:47","guid":{"rendered":"https:\/\/partydecordelight.com\/product\/clearance-grass-wall-12pcs-set-high-density-artificial-panel-party-backdrop\/"},"modified":"2025-03-25T12:35:19","modified_gmt":"2025-03-25T17:35:19","slug":"clearance-grass-wall-12pcs-set-high-density-artificial-panel-party-backdrop","status":"publish","type":"product","link":"https:\/\/partydecordelight.com\/de_de\/product\/clearance-grass-wall-12pcs-set-high-density-artificial-panel-party-backdrop\/","title":{"rendered":"CLEARANCE Gras Wand 12Pcs\/Set k\u00fcnstliche Panel Party Backdrop Gr\u00fcn Backdrop - k\u00fcnstliches Gras Wanddekor"},"content":{"rendered":"<p>Diese Graswand ist nicht besonders dick. Wie Sie auf dem Bild sehen k\u00f6nnen, ist es besser, es mit einem gr\u00fcnen Tuch auf der R\u00fcckseite befestigt zu verwenden. Der Kulissenst\u00e4nder und das Tuch sind nicht im Lieferumfang enthalten.<\/p>\n<p>Sie k\u00f6nnen ein schwarzes oder ein gr\u00fcnes Tuch als Hintergrund verwenden.<\/p>\n<p>Hier ist der Link f\u00fcr den Kulissenst\u00e4nder<\/p>\n<p>https:\/\/partydecordelight.com\/product-page\/square-flower-wall-backdrop-adjustable-frame-pipe-and-drape-with-portable-bag<\/p>\n<p>&nbsp;<\/p>\n<p>Spezifikation:<\/p>\n<p>Gr\u00f6\u00dfe: 12\u2033X18\u2033 pro St\u00fcck<\/p>\n<p>Paket 1: die Bestellung umfasst 12pcs, die insgesamt 4ftX8ft ist<\/p>\n<p>Auf dem Bild sind es 2 Sets zu je 12 St\u00fcck, also 24 St\u00fcck, also 8ftX8ft.<\/p>\n<p>Material: Hochverdichteter Kunststoff<\/p>\n<p>Farbe: Gr\u00fcn<\/p>\n<p>Anlass: Hochzeit, Baby Shower Party, oder jede andere Party, Haus, Garten<\/p>\n<p>Alle Gr\u00f6\u00dfen sind ungef\u00e4hre Angaben<\/p>\n<p><strong>Schl\u00fcsselw\u00f6rter:<\/strong><br \/>\nMilan-Graswand, k\u00fcnstlicher gr\u00fcner Hintergrund, Veranstaltungsdekoration, Rollvorhang-Hintergrund, Partydekoration, Fotokabinen-Hintergrund.<\/p>","protected":false},"excerpt":{"rendered":"<p>Kostenloser Versand innerhalb der USA | 2-5 Tage Lieferung.<\/p>","protected":false},"featured_media":1822,"comment_status":"open","ping_status":"closed","template":"","meta":{"site-sidebar-layout":"default","site-content-layout":"default","ast-global-header-display":"","ast-banner-title-visibility":"","ast-main-header-display":"","ast-hfb-above-header-display":"","ast-hfb-below-header-display":"","ast-hfb-mobile-header-display":"","site-post-title":"","ast-breadcrumbs-content":"","ast-featured-img":"","footer-sml-layout":"","theme-transparent-header-meta":"default","adv-header-id-meta":"","stick-header-meta":"default","header-above-stick-meta":"","header-main-stick-meta":"","header-below-stick-meta":""},"product_cat":[21,36],"product_tag":[128,127,129],"class_list":{"0":"post-1357","1":"product","2":"type-product","3":"status-publish","4":"has-post-thumbnail","6":"product_cat-all","7":"product_cat-artificial-flower","8":"product_tag-artificial-grass-wall","9":"product_tag-grass-wall","10":"product_tag-grass-wall-panels","11":"desktop-align-left","12":"tablet-align-left","13":"mobile-align-left","15":"first","16":"instock","17":"sale","18":"taxable","19":"shipping-taxable","20":"purchasable","21":"product-type-variable"},"jetpack_sharing_enabled":true,"_links":{"self":[{"href":"https:\/\/partydecordelight.com\/de_de\/wp-json\/wp\/v2\/product\/1357","targetHints":{"allow":["GET"]}}],"collection":[{"href":"https:\/\/partydecordelight.com\/de_de\/wp-json\/wp\/v2\/product"}],"about":[{"href":"https:\/\/partydecordelight.com\/de_de\/wp-json\/wp\/v2\/types\/product"}],"replies":[{"embeddable":true,"href":"https:\/\/partydecordelight.com\/de_de\/wp-json\/wp\/v2\/comments?post=1357"}],"version-history":[{"count":2,"href":"https:\/\/partydecordelight.com\/de_de\/wp-json\/wp\/v2\/product\/1357\/revisions"}],"predecessor-version":[{"id":1825,"href":"https:\/\/partydecordelight.com\/de_de\/wp-json\/wp\/v2\/product\/1357\/revisions\/1825"}],"wp:featuredmedia":[{"embeddable":true,"href":"https:\/\/partydecordelight.com\/de_de\/wp-json\/wp\/v2\/media\/1822"}],"wp:attachment":[{"href":"https:\/\/partydecordelight.com\/de_de\/wp-json\/wp\/v2\/media?parent=1357"}],"wp:term":[{"taxonomy":"product_cat","embeddable":true,"href":"https:\/\/partydecordelight.com\/de_de\/wp-json\/wp\/v2\/product_cat?post=1357"},{"taxonomy":"product_tag","embeddable":true,"href":"https:\/\/partydecordelight.com\/de_de\/wp-json\/wp\/v2\/product_tag?post=1357"}],"curies":[{"name":"wp","href":"https:\/\/api.w.org\/{rel}","templated":true}]}}