{"id":1575,"date":"2024-07-01T10:04:04","date_gmt":"2024-07-01T02:04:04","guid":{"rendered":"https:\/\/partydecordelight.com\/?page_id=1575"},"modified":"2024-07-01T10:06:54","modified_gmt":"2024-07-01T02:06:54","slug":"return-policy","status":"publish","type":"page","link":"https:\/\/partydecordelight.com\/es\/return-policy\/","title":{"rendered":"Pol\u00edtica de devoluciones"},"content":{"rendered":"<div data-elementor-type=\"wp-page\" data-elementor-id=\"1575\" class=\"elementor elementor-1575\" data-elementor-post-type=\"page\">\n\t\t\t\t<div class=\"elementor-element elementor-element-9b9a43f e-con-full e-flex e-con e-parent\" data-id=\"9b9a43f\" data-element_type=\"container\" data-core-v316-plus=\"true\">\n\t\t\t\t<div class=\"elementor-element elementor-element-ce5d36f elementor-widget elementor-widget-image\" data-id=\"ce5d36f\" data-element_type=\"widget\" data-widget_type=\"image.default\">\n\t\t\t\t<div class=\"elementor-widget-container\">\n\t\t\t<style>\/*! elementor - v3.20.0 - 11-03-2024 *\/\n.elementor-widget-image{text-align:center}.elementor-widget-image a{display:inline-block}.elementor-widget-image a img[src$=\".svg\"]{width:48px}.elementor-widget-image img{vertical-align:middle;display:inline-block}<\/style>\t\t\t\t\t\t\t\t\t\t<img fetchpriority=\"high\" decoding=\"async\" width=\"1803\" height=\"339\" src=\"https:\/\/partydecordelight.com\/wp-content\/uploads\/2024\/06\/22.jpg\" class=\"attachment-full size-full wp-image-1469\" alt=\"\" srcset=\"https:\/\/partydecordelight.com\/wp-content\/uploads\/2024\/06\/22.jpg 1803w, https:\/\/partydecordelight.com\/wp-content\/uploads\/2024\/06\/22-300x56.jpg 300w, https:\/\/partydecordelight.com\/wp-content\/uploads\/2024\/06\/22-1024x193.jpg 1024w, https:\/\/partydecordelight.com\/wp-content\/uploads\/2024\/06\/22-768x144.jpg 768w, https:\/\/partydecordelight.com\/wp-content\/uploads\/2024\/06\/22-1536x289.jpg 1536w\" sizes=\"(max-width: 1803px) 100vw, 1803px\" \/>\t\t\t\t\t\t\t\t\t\t\t\t\t<\/div>\n\t\t\t\t<\/div>\n\t\t\t\t<\/div>\n\t\t<div class=\"elementor-element elementor-element-7a313eb e-flex e-con-boxed e-con e-parent\" data-id=\"7a313eb\" data-element_type=\"container\" data-core-v316-plus=\"true\">\n\t\t\t\t\t<div class=\"e-con-inner\">\n\t\t\t\t<div class=\"elementor-element elementor-element-969fa24 elementor-widget elementor-widget-text-editor\" data-id=\"969fa24\" data-element_type=\"widget\" data-widget_type=\"text-editor.default\">\n\t\t\t\t<div class=\"elementor-widget-container\">\n\t\t\t<style>\/*! elementor - v3.20.0 - 11-03-2024 *\/\n.elementor-widget-text-editor.elementor-drop-cap-view-stacked .elementor-drop-cap{background-color:#69727d;color:#fff}.elementor-widget-text-editor.elementor-drop-cap-view-framed .elementor-drop-cap{color:#69727d;border:3px solid;background-color:transparent}.elementor-widget-text-editor:not(.elementor-drop-cap-view-default) .elementor-drop-cap{margin-top:8px}.elementor-widget-text-editor:not(.elementor-drop-cap-view-default) .elementor-drop-cap-letter{width:1em;height:1em}.elementor-widget-text-editor .elementor-drop-cap{float:left;text-align:center;line-height:1;font-size:50px}.elementor-widget-text-editor .elementor-drop-cap-letter{display:inline-block}<\/style>\t\t\t\t<div id=\"comp-ljf69oba3\" class=\"HcOXKn c9GqVL QxJLC3 comp-ljf69oba3 wixui-rich-text\" data-testid=\"richTextElement\"><p class=\"font_5 wixui-rich-text__text\"><strong><span class=\"wixui-rich-text__text\">Entrega<\/span><\/strong><\/p><\/div><div id=\"comp-ljf69obb5\" class=\"HcOXKn c9GqVL QxJLC3 comp-ljf69obb5 wixui-rich-text\" data-testid=\"richTextElement\"><p class=\"font_8 wixui-rich-text__text\">La mayor\u00eda de los art\u00edculos tienen env\u00edo gratuito dentro de los 48 Estados.<\/p><p class=\"font_8 wixui-rich-text__text\">S\u00f3lo realizamos env\u00edos dentro de Estados Unidos.<\/p><p class=\"font_8 wixui-rich-text__text\">El t\u00e9rmino EXCLUYE los estados de Alaska, Hawai y todos los territorios y posesiones de EE.UU. en alta mar, como Puerto Rico, Guam y las Islas V\u00edrgenes.<\/p><p class=\"font_8 wixui-rich-text__text\">Plazo de entrega: 3-5 d\u00edas laborables (var\u00eda seg\u00fan el destino)<\/p><\/div><div id=\"comp-ljf69obm4\" class=\"HcOXKn c9GqVL QxJLC3 comp-ljf69obm4 wixui-rich-text\" data-testid=\"richTextElement\"><p class=\"font_5 wixui-rich-text__text\"><strong><span class=\"wixui-rich-text__text\">Servicio postventa<\/span><\/strong><\/p><\/div><div id=\"comp-ljf69obn5\" class=\"HcOXKn c9GqVL QxJLC3 comp-ljf69obn5 wixui-rich-text\" data-testid=\"richTextElement\"><p class=\"font_8 wixui-rich-text__text\"><span class=\"wixui-rich-text__text\">1. Si los productos que ha recibido est\u00e1n da\u00f1ados, p\u00f3ngase en contacto con nosotros y env\u00edenos fotos o v\u00eddeos de los art\u00edculos da\u00f1ados en un plazo de 3 d\u00edas. Sentimos no poder tramitar su solicitud de sustituci\u00f3n si sus paquetes se entregan en un plazo superior a 3 d\u00edas.<\/span><\/p><p class=\"font_8 wixui-rich-text__text\"><span class=\"wixui-rich-text__text\">2. Le enviaremos la pieza de repuesto en un plazo de 3 d\u00edas sin coste alguno tras recibir fotograf\u00edas o v\u00eddeos de los art\u00edculos da\u00f1ados.<\/span><\/p><\/div><div id=\"comp-ljf69obz\" class=\"HcOXKn c9GqVL QxJLC3 comp-ljf69obz wixui-rich-text\" data-testid=\"richTextElement\"><p class=\"font_5 wixui-rich-text__text\"><strong><span class=\"wixui-rich-text__text\">Pol\u00edtica de devoluciones<\/span><\/strong><\/p><\/div><div id=\"comp-ljf69oc0\" class=\"HcOXKn c9GqVL QxJLC3 comp-ljf69oc0 wixui-rich-text\" data-testid=\"richTextElement\"><p class=\"font_8 wixui-rich-text__text\"><span class=\"wixui-rich-text__text\"><span class=\"color_15 wixui-rich-text__text\">Si no le gusta el producto despu\u00e9s de recibirlo, puede ponerse en contacto con el servicio de atenci\u00f3n al cliente para devolver el producto dentro de los 3 d\u00edas siguientes a la recepci\u00f3n del producto, le enviaremos una etiqueta de devoluci\u00f3n, y tendr\u00e1 que correr con los gastos de env\u00edo de ida y vuelta. Despu\u00e9s de recibir la etiqueta de devoluci\u00f3n, por favor, mantenga el producto en su embalaje original dentro de 3 d\u00edas Nuevo, vamos a comprobar despu\u00e9s de la recepci\u00f3n. Si no hay ning\u00fan problema, le devolveremos el dinero en un plazo de 3 d\u00edas laborables, si el producto se encuentra usado, le cobraremos una tasa de uso de 50% del valor del producto.<\/span><\/span><\/p><\/div><div id=\"comp-ljf69oce1\" class=\"HcOXKn c9GqVL QxJLC3 comp-ljf69oce1 wixui-rich-text\" data-testid=\"richTextElement\"><p class=\"font_5 wixui-rich-text__text\"><strong><span class=\"wixui-rich-text__text\">Pol\u00edtica de devoluciones de productos de vidrio<\/span><\/strong><\/p><\/div><div id=\"comp-ljf69ocf2\" class=\"HcOXKn c9GqVL QxJLC3 comp-ljf69ocf2 wixui-rich-text\" data-testid=\"richTextElement\"><p class=\"font_8 wixui-rich-text__text\"><span class=\"wixui-rich-text__text\"><span class=\"color_15 wixui-rich-text__text\">Los productos de cristal se rompen con facilidad, por lo que las piezas de cristal no son retornables.<\/span><\/span><\/p><\/div>\t\t\t\t\t\t<\/div>\n\t\t\t\t<\/div>\n\t\t\t\t\t<\/div>\n\t\t\t\t<\/div>\n\t\t\t\t<\/div>","protected":false},"excerpt":{"rendered":"<p>Entrega La mayor\u00eda de los art\u00edculos tienen env\u00edo gratuito dentro de los 48 Estados. Enviamos dentro de los Estados Unidos solamente. Quedan EXCLUIDOS los estados de Alaska, Hawai y todos los territorios y posesiones de EE.UU. en alta mar, como Puerto Rico, Guam y las Islas V\u00edrgenes. Plazo de entrega: 3-5 d\u00edas laborables (Var\u00eda seg\u00fan el destino) Servicio posventa Si los productos ...<\/p>\n<p class=\"read-more\"> <a class=\"\" href=\"https:\/\/partydecordelight.com\/es\/return-policy\/\"> <span class=\"screen-reader-text\">Pol\u00edtica de devoluciones<\/span> Leer m\u00e1s &raquo;<\/a><\/p>","protected":false},"author":1,"featured_media":0,"parent":0,"menu_order":0,"comment_status":"closed","ping_status":"closed","template":"","meta":{"site-sidebar-layout":"no-sidebar","site-content-layout":"page-builder","ast-global-header-display":"","ast-banner-title-visibility":"","ast-main-header-display":"","ast-hfb-above-header-display":"","ast-hfb-below-header-display":"","ast-hfb-mobile-header-display":"","site-post-title":"disabled","ast-breadcrumbs-content":"","ast-featured-img":"disabled","footer-sml-layout":"","theme-transparent-header-meta":"","adv-header-id-meta":"","stick-header-meta":"","header-above-stick-meta":"","header-main-stick-meta":"","header-below-stick-meta":"","footnotes":""},"class_list":["post-1575","page","type-page","status-publish","hentry"],"jetpack_sharing_enabled":true,"_links":{"self":[{"href":"https:\/\/partydecordelight.com\/es\/wp-json\/wp\/v2\/pages\/1575","targetHints":{"allow":["GET"]}}],"collection":[{"href":"https:\/\/partydecordelight.com\/es\/wp-json\/wp\/v2\/pages"}],"about":[{"href":"https:\/\/partydecordelight.com\/es\/wp-json\/wp\/v2\/types\/page"}],"author":[{"embeddable":true,"href":"https:\/\/partydecordelight.com\/es\/wp-json\/wp\/v2\/users\/1"}],"replies":[{"embeddable":true,"href":"https:\/\/partydecordelight.com\/es\/wp-json\/wp\/v2\/comments?post=1575"}],"version-history":[{"count":4,"href":"https:\/\/partydecordelight.com\/es\/wp-json\/wp\/v2\/pages\/1575\/revisions"}],"predecessor-version":[{"id":1581,"href":"https:\/\/partydecordelight.com\/es\/wp-json\/wp\/v2\/pages\/1575\/revisions\/1581"}],"wp:attachment":[{"href":"https:\/\/partydecordelight.com\/es\/wp-json\/wp\/v2\/media?parent=1575"}],"curies":[{"name":"wp","href":"https:\/\/api.w.org\/{rel}","templated":true}]}}