{"id":1278,"date":"2024-06-29T13:49:21","date_gmt":"2024-06-29T05:49:21","guid":{"rendered":"https:\/\/partydecordelight.com\/product\/pre-order-3-pcs-5ft-tall-artificial-cherry-trees%e3%80%90white%e3%80%91\/"},"modified":"2025-02-08T22:00:00","modified_gmt":"2025-02-09T03:00:00","slug":"pre-order-3-pcs-5ft-tall-artificial-cherry-trees%e3%80%90white%e3%80%91","status":"publish","type":"product","link":"https:\/\/partydecordelight.com\/es\/product\/pre-order-3-pcs-5ft-tall-artificial-cherry-trees%e3%80%90white%e3%80%91\/","title":{"rendered":"2 PC | 5ft Tall Artificial Cherry Trees\u3010WHITE\u3011"},"content":{"rendered":"<p>2 piezas de cerezos en un solo pedido.<\/p>\n<p>Presentamos nuestro exquisito conjunto de 3 Cerezos Artificiales de 1,5 m de altura en un pr\u00edstino tono blanco, dise\u00f1ados para aportar un toque de encanto a su espacio. Estos \u00e1rboles realistas ofrecen la belleza de la naturaleza sin el mantenimiento, creando un impacto visual impresionante en cualquier entorno.<\/p>\n<p><strong>Caracter\u00edsticas principales:<\/strong><\/p>\n<p>1. **Dise\u00f1o realista:** Fabricados con meticulosa atenci\u00f3n al detalle, estos cerezos artificiales reflejan la delicada belleza de sus cong\u00e9neres naturales. Las ramas y flores realistas crean un aspecto aut\u00e9ntico y cautivador, a\u00f1adiendo un toque de elegancia a su entorno.<\/p>\n<p>2. **Altura perfecta:** De pie en un impresionante 5 pies de altura, estos \u00e1rboles llaman la atenci\u00f3n sin dejar de ser lo suficientemente vers\u00e1til como para encajar perfectamente en varios espacios. Ya sea utilizado como decoraci\u00f3n independiente o como parte de un arreglo m\u00e1s grande, hacen una declaraci\u00f3n en cualquier ambiente o evento.<\/p>\n<p>3. **Decoraci\u00f3n vers\u00e1til:** Las flores de color blanco puro desprenden una sensaci\u00f3n de pureza y sofisticaci\u00f3n, por lo que estos cerezos artificiales son ideales para bodas, eventos especiales o para realzar el ambiente de su hogar. Complementan sin esfuerzo una gama de temas y esquemas de color.<\/p>\n<p>4. **Fabricados con materiales de alta calidad, estos \u00e1rboles est\u00e1n hechos para resistir el paso del tiempo. La robusta base proporciona estabilidad, asegurando que sus cerezos artificiales mantengan su elegancia y encanto a lo largo de las estaciones.<\/p>\n<p>5. **Disfrute de la belleza de los cerezos en flor durante todo el a\u00f1o sin necesidad de regarlos ni podarlos. Nuestros \u00e1rboles artificiales ofrecen la soluci\u00f3n perfecta para aquellos que desean el atractivo est\u00e9tico de la naturaleza sin el mantenimiento.<\/p>\n<p>Eleva tu espacio con la belleza et\u00e9rea de nuestros Cerezos Artificiales de 3 PCs | 5 pies de alto en un acabado blanco atemporal. Ya sea que est\u00e9 creando un jard\u00edn interior sereno o mejorando la decoraci\u00f3n para un evento especial, estos \u00e1rboles est\u00e1n seguros de cautivar e inspirar. Lleve el encanto de los cerezos en flor a su entorno sin esfuerzo con este impresionante conjunto.<\/p>","protected":false},"excerpt":{"rendered":"<p>Env\u00edo gratuito dentro de EE.UU. | Entrega en 2-5 d\u00edas.<\/p>","protected":false},"featured_media":2362,"comment_status":"open","ping_status":"closed","template":"","meta":{"site-sidebar-layout":"default","site-content-layout":"default","ast-global-header-display":"","ast-banner-title-visibility":"","ast-main-header-display":"","ast-hfb-above-header-display":"","ast-hfb-below-header-display":"","ast-hfb-mobile-header-display":"","site-post-title":"","ast-breadcrumbs-content":"","ast-featured-img":"","footer-sml-layout":"","theme-transparent-header-meta":"default","adv-header-id-meta":"","stick-header-meta":"default","header-above-stick-meta":"","header-main-stick-meta":"","header-below-stick-meta":""},"product_cat":[21,39],"product_tag":[148,146],"class_list":{"0":"post-1278","1":"product","2":"type-product","3":"status-publish","4":"has-post-thumbnail","6":"product_cat-all","7":"product_cat-cherry-tree","8":"product_tag-cherry-blossom-tree","9":"product_tag-cherry-tree","10":"desktop-align-left","11":"tablet-align-left","12":"mobile-align-left","14":"first","15":"instock","16":"sale","17":"taxable","18":"shipping-taxable","19":"purchasable","20":"product-type-simple"},"jetpack_sharing_enabled":true,"_links":{"self":[{"href":"https:\/\/partydecordelight.com\/es\/wp-json\/wp\/v2\/product\/1278","targetHints":{"allow":["GET"]}}],"collection":[{"href":"https:\/\/partydecordelight.com\/es\/wp-json\/wp\/v2\/product"}],"about":[{"href":"https:\/\/partydecordelight.com\/es\/wp-json\/wp\/v2\/types\/product"}],"replies":[{"embeddable":true,"href":"https:\/\/partydecordelight.com\/es\/wp-json\/wp\/v2\/comments?post=1278"}],"version-history":[{"count":2,"href":"https:\/\/partydecordelight.com\/es\/wp-json\/wp\/v2\/product\/1278\/revisions"}],"predecessor-version":[{"id":1924,"href":"https:\/\/partydecordelight.com\/es\/wp-json\/wp\/v2\/product\/1278\/revisions\/1924"}],"wp:featuredmedia":[{"embeddable":true,"href":"https:\/\/partydecordelight.com\/es\/wp-json\/wp\/v2\/media\/2362"}],"wp:attachment":[{"href":"https:\/\/partydecordelight.com\/es\/wp-json\/wp\/v2\/media?parent=1278"}],"wp:term":[{"taxonomy":"product_cat","embeddable":true,"href":"https:\/\/partydecordelight.com\/es\/wp-json\/wp\/v2\/product_cat?post=1278"},{"taxonomy":"product_tag","embeddable":true,"href":"https:\/\/partydecordelight.com\/es\/wp-json\/wp\/v2\/product_tag?post=1278"}],"curies":[{"name":"wp","href":"https:\/\/api.w.org\/{rel}","templated":true}]}}