{"id":1279,"date":"2024-06-29T13:49:21","date_gmt":"2024-06-29T05:49:21","guid":{"rendered":"https:\/\/partydecordelight.com\/product\/open-wall-arch-covers-double-sided-color\/"},"modified":"2024-07-21T15:09:08","modified_gmt":"2024-07-21T07:09:08","slug":"open-wall-arch-covers-double-sided-color","status":"publish","type":"product","link":"https:\/\/partydecordelight.com\/es\/product\/open-wall-arch-covers-double-sided-color\/","title":{"rendered":"Doble cara con fundas de poli\u00e9ster de doble color con cremallera para marco de arco de pared abierta, soporte de arco de boda, cubierta de soporte de arco de tel\u00f3n de fondo de fiesta"},"content":{"rendered":"<p><strong>Descripci\u00f3n:<\/strong><\/p>\n<p>Realce el atractivo visual de su evento con nuestras Cubiertas de Arco de Pared Abierta con Color a Doble Cara. Estas vers\u00e1tiles cubiertas est\u00e1n dise\u00f1adas para complementar nuestros Marcos de Arco de Pared Abierta, proporcionando un tel\u00f3n de fondo elegante y personalizable para bodas, recepciones y otras ocasiones especiales.<\/p>\n<p><strong>Caracter\u00edsticas principales:<\/strong><\/p>\n<p>1. **Las cubiertas tienen un dise\u00f1o de doble cara, lo que le permite elegir y mostrar dos colores diferentes para una mayor versatilidad. Esta caracter\u00edstica le permite combinar con el esquema de color de su evento o la transici\u00f3n entre los colores para diferentes partes de su celebraci\u00f3n.<\/p>\n<p>2. **Fabricadas con materiales de primera calidad, las cubiertas son duraderas y ofrecen una textura suave y lujosa. El material se selecciona para mejorar el atractivo visual del arco, creando un sofisticado tel\u00f3n de fondo para cualquier evento.<\/p>\n<p>3.  **F\u00e1cil instalaci\u00f3n:** Dise\u00f1adas para un montaje sencillo, las cubiertas pueden fijarse f\u00e1cilmente al marco de arco de pared abierto. El sencillo proceso de instalaci\u00f3n garantiza que puedas crear un impresionante tel\u00f3n de fondo sin necesidad de mucho tiempo de montaje.<\/p>\n<p>4. **Compatibilidad:** Espec\u00edficamente adaptadas para encajar en nuestros marcos de arco de pared abierta, estas cubiertas encajan a la perfecci\u00f3n para lograr un aspecto homog\u00e9neo y cohesionado. La compatibilidad asegura que las cubiertas complementan sin esfuerzo los marcos de arco, creando una apariencia pulida y cohesiva.<\/p>\n<p>Transforme el espacio de su evento con las Cubiertas de Arco de Pared Abiertas de Doble Cara de Color, proporcionando un tel\u00f3n de fondo vibrante y personalizable que a\u00f1ade un toque de elegancia y encanto a sus ocasiones especiales. Eleve la decoraci\u00f3n de su evento incorporando estas vers\u00e1tiles cubiertas a su celebraci\u00f3n.<\/p>\n<p><strong>Palabras clave:<\/strong><br \/>\nMarco arqueado de pared abierta, soporte de arco, cubiertas de tela de doble cara, doble color, aleaci\u00f3n de aluminio, poli\u00e9ster, bodas, fiestas, fotomatones, hecho a mano, dise\u00f1o vers\u00e1til, durabilidad, f\u00e1cil mantenimiento, visualmente atractivo. Nuestras telas de fondo de poli\u00e9ster de primera calidad para nuestro marco de tel\u00f3n de fondo est\u00e1n hechas con material de poli\u00e9ster de alta calidad, esta lona de doble cara ofrece ventajas excepcionales. Su composici\u00f3n de poli\u00e9ster garantiza durabilidad, resistencia a las arrugas y un aspecto impecable y profesional.<\/p>","protected":false},"excerpt":{"rendered":"<p>Env\u00edo gratuito dentro de EE.UU. | Entrega en 2-5 d\u00edas.<\/p>","protected":false},"featured_media":2237,"comment_status":"open","ping_status":"closed","template":"","meta":{"site-sidebar-layout":"default","site-content-layout":"default","ast-global-header-display":"","ast-banner-title-visibility":"","ast-main-header-display":"","ast-hfb-above-header-display":"","ast-hfb-below-header-display":"","ast-hfb-mobile-header-display":"","site-post-title":"","ast-breadcrumbs-content":"","ast-featured-img":"","footer-sml-layout":"","theme-transparent-header-meta":"default","adv-header-id-meta":"","stick-header-meta":"default","header-above-stick-meta":"","header-main-stick-meta":"","header-below-stick-meta":""},"product_cat":[21,35],"product_tag":[151],"class_list":{"0":"post-1279","1":"product","2":"type-product","3":"status-publish","4":"has-post-thumbnail","6":"product_cat-all","7":"product_cat-covers","8":"product_tag-arch-stand-cover","9":"desktop-align-left","10":"tablet-align-left","11":"mobile-align-left","13":"first","14":"instock","15":"sale","16":"taxable","17":"shipping-taxable","18":"purchasable","19":"product-type-variable"},"jetpack_sharing_enabled":true,"_links":{"self":[{"href":"https:\/\/partydecordelight.com\/es\/wp-json\/wp\/v2\/product\/1279","targetHints":{"allow":["GET"]}}],"collection":[{"href":"https:\/\/partydecordelight.com\/es\/wp-json\/wp\/v2\/product"}],"about":[{"href":"https:\/\/partydecordelight.com\/es\/wp-json\/wp\/v2\/types\/product"}],"replies":[{"embeddable":true,"href":"https:\/\/partydecordelight.com\/es\/wp-json\/wp\/v2\/comments?post=1279"}],"version-history":[{"count":3,"href":"https:\/\/partydecordelight.com\/es\/wp-json\/wp\/v2\/product\/1279\/revisions"}],"predecessor-version":[{"id":1946,"href":"https:\/\/partydecordelight.com\/es\/wp-json\/wp\/v2\/product\/1279\/revisions\/1946"}],"wp:featuredmedia":[{"embeddable":true,"href":"https:\/\/partydecordelight.com\/es\/wp-json\/wp\/v2\/media\/2237"}],"wp:attachment":[{"href":"https:\/\/partydecordelight.com\/es\/wp-json\/wp\/v2\/media?parent=1279"}],"wp:term":[{"taxonomy":"product_cat","embeddable":true,"href":"https:\/\/partydecordelight.com\/es\/wp-json\/wp\/v2\/product_cat?post=1279"},{"taxonomy":"product_tag","embeddable":true,"href":"https:\/\/partydecordelight.com\/es\/wp-json\/wp\/v2\/product_tag?post=1279"}],"curies":[{"name":"wp","href":"https:\/\/api.w.org\/{rel}","templated":true}]}}