{"id":1284,"date":"2024-06-29T13:49:22","date_gmt":"2024-06-29T05:49:22","guid":{"rendered":"https:\/\/partydecordelight.com\/product\/2pcs-45-6-diamond-rhombus-metal-candle-holders%e3%80%90gold%e3%80%91\/"},"modified":"2026-02-08T00:40:03","modified_gmt":"2026-02-08T05:40:03","slug":"2pcs-45-6-diamond-rhombus-metal-candle-holders%e3%80%90gold%e3%80%91","status":"publish","type":"product","link":"https:\/\/partydecordelight.com\/es\/product\/2pcs-45-6-diamond-rhombus-metal-candle-holders%e3%80%90gold%e3%80%91\/","title":{"rendered":"2 Sets | 47.2\u2033 Alto Diamante Candelabro de metal | Centros de mesa de boda | Fiesta Candelabros | Evento mesa comedor candelabro"},"content":{"rendered":"<p>Presentamos nuestro exquisito SET de 2 Portavelas Diamante Rombo en un lujoso acabado dorado. Eleva la decoraci\u00f3n de tu hogar con estas impresionantes piezas que combinan a la perfecci\u00f3n sofisticaci\u00f3n, dise\u00f1o moderno y funcionalidad.<\/p>\n<p>Fabricados con precisi\u00f3n, estos portavelas de 45,6 pulgadas de alto crean un cautivador impacto visual en cualquier espacio. El exclusivo dise\u00f1o de rombos de diamante a\u00f1ade un toque de elegancia contempor\u00e1nea, por lo que son un complemento perfecto para interiores modernos y cl\u00e1sicos.<\/p>\n<p>El radiante acabado dorado realza el atractivo est\u00e9tico, exudando opulencia y calidez. Estos candelabros no solo son funcionales, sino que tambi\u00e9n sirven para dar un toque de glamour a su sal\u00f3n, comedor o cualquier habitaci\u00f3n en la que desee crear un ambiente cautivador.<\/p>\n<p>Dise\u00f1ado como un conjunto de dos, estos portavelas ofrecen versatilidad en el estilo. Ya sea que elija mostrarlos juntos para una pieza central llamativa o por separado para acentuar diferentes \u00e1reas de su hogar, estas piezas est\u00e1n seguros de llamar la atenci\u00f3n y admiraci\u00f3n.<\/p>\n<p>La robusta construcci\u00f3n met\u00e1lica garantiza durabilidad y estabilidad, proporcionando una base segura para tus velas favoritas. Crea un ambiente acogedor con el suave resplandor de la luz de las velas, acentuado por la elegante forma de estos portavelas de rombos.<\/p>\n<p>No pierdas la oportunidad de mejorar la decoraci\u00f3n de tu hogar con el JUEGO de 2 Portavelas Diamante Rombo de Metal de 45,6\" de alto en un cautivador acabado dorado. Reserva tu set ahora y s\u00e9 de los primeros en experimentar la fusi\u00f3n de dise\u00f1o atemporal y lujo radiante que estos portavelas aportan a tus espacios vitales.<\/p>\n<p>Cantidad: 2 juegos por pedido<br \/>\nMaterial: Metal, acr\u00edlico transparente<br \/>\nColor: Dorado<br \/>\nAltura total: 45,6<br \/>\nPeso: 8LBs<br \/>\nBase : 11.8\u2033 x 8.6\u2033<br \/>\nPeso base: 2LBs<br \/>\nN\u00famero de tallos: 6<br \/>\nLongitud De Los Tallos : 8\u2033x11.8\u2033<br \/>\nTama\u00f1o del soporte: 2,1\u2033 D<br \/>\nRequiere montaje: S\u00ed<\/p>\n<p><strong>Palabras clave:<\/strong><br \/>\nPortavelas con marco de metal en forma de diamante, dise\u00f1o hexagonal, elegancia moderna, decoraci\u00f3n del hogar, ocasiones especiales, centro de mesa vers\u00e1til, acabado dorado, acabado plateado, sofisticaci\u00f3n contempor\u00e1nea, regalo de lujo.<\/p>","protected":false},"excerpt":{"rendered":"<p>Env\u00edo gratuito dentro de EE.UU. | Entrega en 2-5 d\u00edas.<\/p>","protected":false},"featured_media":2231,"comment_status":"open","ping_status":"closed","template":"","meta":{"site-sidebar-layout":"default","site-content-layout":"default","ast-global-header-display":"","ast-banner-title-visibility":"","ast-main-header-display":"","ast-hfb-above-header-display":"","ast-hfb-below-header-display":"","ast-hfb-mobile-header-display":"","site-post-title":"","ast-breadcrumbs-content":"","ast-featured-img":"","footer-sml-layout":"","theme-transparent-header-meta":"default","adv-header-id-meta":"","stick-header-meta":"default","header-above-stick-meta":"","header-main-stick-meta":"","header-below-stick-meta":""},"product_cat":[21,37],"product_tag":[141,143],"class_list":{"0":"post-1284","1":"product","2":"type-product","3":"status-publish","4":"has-post-thumbnail","6":"product_cat-all","7":"product_cat-tabletop-8-centerpieces","8":"product_tag-candle-holder","9":"product_tag-centerpiece","10":"desktop-align-left","11":"tablet-align-left","12":"mobile-align-left","14":"first","15":"instock","16":"sale","17":"taxable","18":"shipping-taxable","19":"purchasable","20":"product-type-simple"},"jetpack_sharing_enabled":true,"_links":{"self":[{"href":"https:\/\/partydecordelight.com\/es\/wp-json\/wp\/v2\/product\/1284","targetHints":{"allow":["GET"]}}],"collection":[{"href":"https:\/\/partydecordelight.com\/es\/wp-json\/wp\/v2\/product"}],"about":[{"href":"https:\/\/partydecordelight.com\/es\/wp-json\/wp\/v2\/types\/product"}],"replies":[{"embeddable":true,"href":"https:\/\/partydecordelight.com\/es\/wp-json\/wp\/v2\/comments?post=1284"}],"version-history":[{"count":2,"href":"https:\/\/partydecordelight.com\/es\/wp-json\/wp\/v2\/product\/1284\/revisions"}],"predecessor-version":[{"id":1933,"href":"https:\/\/partydecordelight.com\/es\/wp-json\/wp\/v2\/product\/1284\/revisions\/1933"}],"wp:featuredmedia":[{"embeddable":true,"href":"https:\/\/partydecordelight.com\/es\/wp-json\/wp\/v2\/media\/2231"}],"wp:attachment":[{"href":"https:\/\/partydecordelight.com\/es\/wp-json\/wp\/v2\/media?parent=1284"}],"wp:term":[{"taxonomy":"product_cat","embeddable":true,"href":"https:\/\/partydecordelight.com\/es\/wp-json\/wp\/v2\/product_cat?post=1284"},{"taxonomy":"product_tag","embeddable":true,"href":"https:\/\/partydecordelight.com\/es\/wp-json\/wp\/v2\/product_tag?post=1284"}],"curies":[{"name":"wp","href":"https:\/\/api.w.org\/{rel}","templated":true}]}}