{"id":1286,"date":"2024-06-29T13:49:23","date_gmt":"2024-06-29T05:49:23","guid":{"rendered":"https:\/\/partydecordelight.com\/product\/pre-order-40%e2%80%b3-tall-5-tier-crystal-glass-pendant-stand-centerpiece-stand%e3%80%90gold%e3%80%91\/"},"modified":"2026-02-08T00:40:03","modified_gmt":"2026-02-08T05:40:03","slug":"pre-order-40%e2%80%b3-tall-5-tier-crystal-glass-pendant-stand-centerpiece-stand%e3%80%90gold%e3%80%91","status":"publish","type":"product","link":"https:\/\/partydecordelight.com\/es\/product\/pre-order-40%e2%80%b3-tall-5-tier-crystal-glass-pendant-stand-centerpiece-stand%e3%80%90gold%e3%80%91\/","title":{"rendered":"40\u2033 Tall 5-Tier redondo oro boda jarrones centros de mesa claro colgante flor de pie | pedestal de pie para la decoraci\u00f3n de la boda del partido"},"content":{"rendered":"<p>Eleve la decoraci\u00f3n de su evento con nuestro exquisito 40 \"Tall 5-Tier Cristal Colgante Stands, ahora disponible en un acabado de oro de lujo. Estos soportes sirven como llamativos centros de mesa, a\u00f1adiendo un toque de opulencia y sofisticaci\u00f3n a bodas, recepciones o cualquier ocasi\u00f3n especial. Con una armoniosa mezcla de elegancia cristalina y grandeza met\u00e1lica, este conjunto est\u00e1 dise\u00f1ado para cautivar e impresionar.<\/p>\n<p>&nbsp;<\/p>\n<p><strong>Caracter\u00edsticas principales:<\/strong><\/p>\n<p>1. **El lustroso revestimiento dorado a\u00f1ade un toque majestuoso a estos soportes, garantizando que destaquen como opulentos puntos focales en cualquier entorno. El tono c\u00e1lido y acogedor complementa varios esquemas de color, haci\u00e9ndolos vers\u00e1tiles para una amplia gama de eventos.<\/p>\n<p>2. **Elegancia de 5 niveles:** Con una altura de 40 pulgadas, estos soportes cuentan con un dise\u00f1o de 5 niveles que crea un efecto de cascada visualmente impresionante. Los niveles proporcionan un amplio espacio para mostrar sus flores favoritas, velas u otros elementos decorativos, lo que le permite personalizar su centro de mesa con creatividad y estilo.<\/p>\n<p>3. **Adornados con colgantes de cristal, estos soportes brillan y atrapan la luz, proyectando un resplandor fascinante en todo el espacio de su evento. La combinaci\u00f3n de oro y cristal realza la est\u00e9tica de lujo en general, por lo que estos soportes una adici\u00f3n cautivadora a su decoraci\u00f3n.<\/p>\n<p>4. **Tanto si est\u00e1 planeando una boda, una gala o una celebraci\u00f3n de lujo, estos soportes sirven como centros de mesa vers\u00e1tiles. Organizar flores, vegetaci\u00f3n, o incluso las luces de hadas para crear una pantalla cautivadora que exuda glamour y sofisticaci\u00f3n.<\/p>\n<p>5. **Dise\u00f1ado para mayor comodidad, estos soportes son f\u00e1ciles de montar, lo que le permite centrarse en el aspecto creativo de la decoraci\u00f3n en lugar de la configuraci\u00f3n. La construcci\u00f3n robusta garantiza la estabilidad, que le da la paz de la mente a medida que crea un ambiente impresionante para sus invitados.<\/p>\n<p>Haga una declaraci\u00f3n audaz en su evento con el encanto de los soportes colgantes de cristal de 5 niveles de 40\u2033 de altura en un cautivador acabado dorado. Asegure su conjunto ahora para traer un aire de lujo a su celebraci\u00f3n y asegurar una experiencia inolvidable para usted y sus invitados.<\/p>\n<ul>\n<li>Altura total: 39.4\u2033<\/li>\n<li>Tama\u00f1o de la base: 11,8\u2033 L x 11,8\u2033 W<\/li>\n<li>Colgante de cristal:4.7\u2033L Peso: 45g<\/li>\n<li><strong>Material<\/strong>\u00a0metal, acr\u00edlico<\/li>\n<li><strong>Color:\u00a0<\/strong>Dorado, Transparente<\/li>\n<li>Peso: Alrededor de 25LBs<\/li>\n<li><strong>Semejanza requerida\u00a0<\/strong>:S\u00ed F\u00e1cil de montar<\/li>\n<\/ul>\n<p>Palabras clave:<br \/>\npedestal de pie, oro, metal, cilindro, baby shower, fiesta, mesa de postres pilar, tel\u00f3n de fondo de la boda, pedestales de oro \/ plata, Centros de mesa<\/p>","protected":false},"excerpt":{"rendered":"<p>Env\u00edo gratuito dentro de EE.UU. | Entrega en 2-5 d\u00edas.<\/p>","protected":false},"featured_media":2223,"comment_status":"open","ping_status":"closed","template":"","meta":{"site-sidebar-layout":"default","site-content-layout":"default","ast-global-header-display":"","ast-banner-title-visibility":"","ast-main-header-display":"","ast-hfb-above-header-display":"","ast-hfb-below-header-display":"","ast-hfb-mobile-header-display":"","site-post-title":"","ast-breadcrumbs-content":"","ast-featured-img":"","footer-sml-layout":"","theme-transparent-header-meta":"default","adv-header-id-meta":"","stick-header-meta":"default","header-above-stick-meta":"","header-main-stick-meta":"","header-below-stick-meta":""},"product_cat":[21,37],"product_tag":[143],"class_list":{"0":"post-1286","1":"product","2":"type-product","3":"status-publish","4":"has-post-thumbnail","6":"product_cat-all","7":"product_cat-tabletop-8-centerpieces","8":"product_tag-centerpiece","9":"desktop-align-left","10":"tablet-align-left","11":"mobile-align-left","13":"first","14":"instock","15":"sale","16":"taxable","17":"shipping-taxable","18":"purchasable","19":"product-type-variable"},"jetpack_sharing_enabled":true,"_links":{"self":[{"href":"https:\/\/partydecordelight.com\/es\/wp-json\/wp\/v2\/product\/1286","targetHints":{"allow":["GET"]}}],"collection":[{"href":"https:\/\/partydecordelight.com\/es\/wp-json\/wp\/v2\/product"}],"about":[{"href":"https:\/\/partydecordelight.com\/es\/wp-json\/wp\/v2\/types\/product"}],"replies":[{"embeddable":true,"href":"https:\/\/partydecordelight.com\/es\/wp-json\/wp\/v2\/comments?post=1286"}],"version-history":[{"count":2,"href":"https:\/\/partydecordelight.com\/es\/wp-json\/wp\/v2\/product\/1286\/revisions"}],"predecessor-version":[{"id":1930,"href":"https:\/\/partydecordelight.com\/es\/wp-json\/wp\/v2\/product\/1286\/revisions\/1930"}],"wp:featuredmedia":[{"embeddable":true,"href":"https:\/\/partydecordelight.com\/es\/wp-json\/wp\/v2\/media\/2223"}],"wp:attachment":[{"href":"https:\/\/partydecordelight.com\/es\/wp-json\/wp\/v2\/media?parent=1286"}],"wp:term":[{"taxonomy":"product_cat","embeddable":true,"href":"https:\/\/partydecordelight.com\/es\/wp-json\/wp\/v2\/product_cat?post=1286"},{"taxonomy":"product_tag","embeddable":true,"href":"https:\/\/partydecordelight.com\/es\/wp-json\/wp\/v2\/product_tag?post=1286"}],"curies":[{"name":"wp","href":"https:\/\/api.w.org\/{rel}","templated":true}]}}