{"id":1287,"date":"2024-06-29T13:49:23","date_gmt":"2024-06-29T05:49:23","guid":{"rendered":"https:\/\/partydecordelight.com\/product\/2-pcs-36-tall-crystal-glass-pendant-flower-stand-rectangular-flow\/"},"modified":"2026-02-08T00:28:31","modified_gmt":"2026-02-08T05:28:31","slug":"2-pcs-36-tall-crystal-glass-pendant-flower-stand-rectangular-flow","status":"publish","type":"product","link":"https:\/\/partydecordelight.com\/es\/product\/2-pcs-36-tall-crystal-glass-pendant-flower-stand-rectangular-flow\/","title":{"rendered":"2 Pcs | 36\u2033 alto cristal puro colgante rectangular flor stand | oro boda jarrones centros de mesa | decoraci\u00f3n de la fiesta de boda"},"content":{"rendered":"<p>Presentamos nuestras exquisitas 2 piezas de 36\u2033 Tall Crystal Glass Colgante Flor Stands, una adici\u00f3n impresionante para elevar el ambiente de sus bodas, eventos o cualquier ocasi\u00f3n especial. Estos elegantes soportes combinan sofisticaci\u00f3n con un toque de estilo contempor\u00e1neo, por lo que la elecci\u00f3n perfecta para aquellos que buscan un centro de mesa \u00fanico y llamativo.<\/p>\n<p>&nbsp;<\/p>\n<p>Caracter\u00edsticas principales:<\/p>\n<p>1. **Elaborados con cristal de alta calidad, estos floreros colgantes irradian una elegancia atemporal. El dise\u00f1o cristalino permite un cautivador juego de luces, a\u00f1adiendo un toque de glamour a cualquier ambiente.<\/p>\n<p>2. **Altura vers\u00e1til:** Con una impresionante altura de 36 pulgadas, estos soportes llaman la atenci\u00f3n sin eclipsar sus arreglos florales. La altura es ideal para crear una sensaci\u00f3n de grandeza y hacer una declaraci\u00f3n en bodas, recepciones o eventos de lujo.<\/p>\n<p>3. **La plataforma rectangular para arreglos florales proporciona una base amplia y estable para exhibir sus flores favoritas. Organizar flores en cascada, exuberante vegetaci\u00f3n, u otros elementos decorativos para complementar el dise\u00f1o colgante de cristal y crear una pantalla visualmente impresionante.<\/p>\n<p>4. **Pack de dos:** Esta oferta previa al pedido incluye dos soportes, lo que le permite crear un aspecto sim\u00e9trico y cohesivo en su espacio para eventos. Ya sea enmarcando una entrada, adornando el espacio de una ceremonia o realzando las mesas, el paquete doble garantiza la flexibilidad en la disposici\u00f3n de la decoraci\u00f3n.<\/p>\n<p>5. **Dise\u00f1ado pensando en la comodidad, estos soportes son f\u00e1ciles de montar, lo que le permite centrarse en el aspecto creativo de la decoraci\u00f3n en lugar de la configuraci\u00f3n. Las sencillas instrucciones hacen que el proceso sea sencillo, garantizando una preparaci\u00f3n fluida y eficiente para su evento.<\/p>\n<p>6. **Nuestros floreros colgantes est\u00e1n fabricados con una meticulosa atenci\u00f3n al detalle, lo que garantiza su durabilidad y longevidad. La construcci\u00f3n robusta asegura que estos soportes no s\u00f3lo mejorar la est\u00e9tica de su evento, sino tambi\u00e9n resistir la prueba del tiempo.<\/p>\n<p>&nbsp;<\/p>\n<p>Haga una declaraci\u00f3n en su pr\u00f3ximo evento con el encanto encantador de los 2 PACK | 36\u2033 Tall Crystal Glass Pendant Flower Stands. Eleve su decoraci\u00f3n a nuevas alturas y deje una impresi\u00f3n duradera en sus invitados.<\/p>\n<p>Existen<strong> 2 piezas en un pedido<\/strong>.<\/p>\n<p><strong>Altura total:<\/strong> 35.4\u2033 Superior<\/p>\n<p><strong>Tama\u00f1o:<\/strong> Alto 8,7\u2033 x Largo 27,6\u2033 x Ancho 7,5\u2033.<\/p>\n<p><strong>Tama\u00f1o del pie:<\/strong> H 0.8\u2033 x L 12.6\u2033 x W 8.7\u2033 Peso: 11Lbs para cada uno.<\/p>\n<p><strong>Colgante de cristal:<\/strong>\u00a06\u2033 de largo<\/p>\n<p>&nbsp;<\/p>\n<p>&nbsp;<\/p>","protected":false},"excerpt":{"rendered":"<p>Env\u00edo gratuito dentro de EE.UU. | Entrega en 2-5 d\u00edas.<\/p>","protected":false},"featured_media":2215,"comment_status":"open","ping_status":"closed","template":"","meta":{"site-sidebar-layout":"default","site-content-layout":"default","ast-global-header-display":"","ast-banner-title-visibility":"","ast-main-header-display":"","ast-hfb-above-header-display":"","ast-hfb-below-header-display":"","ast-hfb-mobile-header-display":"","site-post-title":"","ast-breadcrumbs-content":"","ast-featured-img":"","footer-sml-layout":"","theme-transparent-header-meta":"default","adv-header-id-meta":"","stick-header-meta":"default","header-above-stick-meta":"","header-main-stick-meta":"","header-below-stick-meta":""},"product_cat":[21,37],"product_tag":[143,145,149],"class_list":{"0":"post-1287","1":"product","2":"type-product","3":"status-publish","4":"has-post-thumbnail","6":"product_cat-all","7":"product_cat-tabletop-8-centerpieces","8":"product_tag-centerpiece","9":"product_tag-flower-stand","10":"product_tag-tabletop","11":"desktop-align-left","12":"tablet-align-left","13":"mobile-align-left","15":"first","16":"instock","17":"sale","18":"taxable","19":"shipping-taxable","20":"purchasable","21":"product-type-simple"},"jetpack_sharing_enabled":true,"_links":{"self":[{"href":"https:\/\/partydecordelight.com\/es\/wp-json\/wp\/v2\/product\/1287","targetHints":{"allow":["GET"]}}],"collection":[{"href":"https:\/\/partydecordelight.com\/es\/wp-json\/wp\/v2\/product"}],"about":[{"href":"https:\/\/partydecordelight.com\/es\/wp-json\/wp\/v2\/types\/product"}],"replies":[{"embeddable":true,"href":"https:\/\/partydecordelight.com\/es\/wp-json\/wp\/v2\/comments?post=1287"}],"version-history":[{"count":2,"href":"https:\/\/partydecordelight.com\/es\/wp-json\/wp\/v2\/product\/1287\/revisions"}],"predecessor-version":[{"id":1927,"href":"https:\/\/partydecordelight.com\/es\/wp-json\/wp\/v2\/product\/1287\/revisions\/1927"}],"wp:featuredmedia":[{"embeddable":true,"href":"https:\/\/partydecordelight.com\/es\/wp-json\/wp\/v2\/media\/2215"}],"wp:attachment":[{"href":"https:\/\/partydecordelight.com\/es\/wp-json\/wp\/v2\/media?parent=1287"}],"wp:term":[{"taxonomy":"product_cat","embeddable":true,"href":"https:\/\/partydecordelight.com\/es\/wp-json\/wp\/v2\/product_cat?post=1287"},{"taxonomy":"product_tag","embeddable":true,"href":"https:\/\/partydecordelight.com\/es\/wp-json\/wp\/v2\/product_tag?post=1287"}],"curies":[{"name":"wp","href":"https:\/\/api.w.org\/{rel}","templated":true}]}}