{"id":1288,"date":"2024-06-29T13:49:23","date_gmt":"2024-06-29T05:49:23","guid":{"rendered":"https:\/\/partydecordelight.com\/product\/5pcs-37h-8-arms-gold-cluster-candle-holder-candlestick-tabletop-centerpieces\/"},"modified":"2024-07-21T13:22:58","modified_gmt":"2024-07-21T05:22:58","slug":"5pcs-37h-8-arms-gold-cluster-candle-holder-candlestick-tabletop-centerpieces","status":"publish","type":"product","link":"https:\/\/partydecordelight.com\/es\/product\/5pcs-37h-8-arms-gold-cluster-candle-holder-candlestick-tabletop-centerpieces\/","title":{"rendered":"5Pcs | Set 37\u2033H 8 Brazos Oro Cluster Candle Holder Candelabro Centros de mesa"},"content":{"rendered":"<p>Este Centro de Mesa de 36\u2033H 8 Brazos Portavelas de Oro es perfecto para cualquier ocasi\u00f3n especial. Cuenta con 8 brazos que cada uno puede contener una vela, por lo que es una hermosa y llamativa pieza central. Este impresionante titular de tono dorado est\u00e1 seguro de hacer brillar cualquier evento. Con sus 36\u2033 de altura, ser\u00e1 un gran punto focal para cualquier mesa o reuni\u00f3n. A\u00f1ada un toque de elegancia a su evento con este hermoso portavelas.<\/p>\n<p><strong>Especificaci\u00f3n:<\/strong><\/p>\n<p>Paquete: 5 piezas por juego<\/p>\n<p>Material: Metal y cristal<\/p>\n<p>Color: Dorado<\/p>\n<p>Altura total: 37<\/p>\n<p>Di\u00e1metro de la base: 11<\/p>\n<p>N\u00famero de tallos: 8<\/p>\n<p>Cristales: 8<\/p>\n<p>Altura total para 8 soportes: 24,4\u2033H X2, 28\u2033HX2, 32,3\u2033HX2, 36,2\u2033 HX2<\/p>\n<p>Tama\u00f1o del cristal: 9.8 \"H 2\u2033D<\/p>\n<p>Cada paquete incluye:<\/p>\n<p>Una caja para las barras<\/p>\n<p>Una caja para pantallas de cristal<\/p>\n<p>Una caja para las copas y las bases de las luces.<\/p>\n<p>Requiere montaje: S\u00ed<\/p>\n<p>Ocasi\u00f3n: Boda, Fiesta Baby Shower, o cualquier otra Fiesta, Hogar, Jard\u00edn<\/p>\n<p>Color: Dorado<\/p>\n<p><strong>Todas las tallas son medidas aproximadas<\/strong><\/p>\n<p><a href=\"https:\/\/youtu.be\/UzJ2cMV_wDI\" target=\"_blank\" rel=\"noopener\"><strong>Haga clic aqu\u00ed para<\/strong><\/a><strong> <a href=\"https:\/\/youtu.be\/8rOd_c20yq8\">Instrucciones para el montaje de<\/a><\/strong><a href=\"https:\/\/youtu.be\/UzJ2cMV_wDI\" target=\"_blank\" rel=\"noopener\"><strong>\u00a0este\u00a0<\/strong><\/a>art\u00edculo.<\/p>","protected":false},"excerpt":{"rendered":"<p>Env\u00edo gratuito dentro de EE.UU. | Entrega en 2-5 d\u00edas.<\/p>","protected":false},"featured_media":2210,"comment_status":"open","ping_status":"closed","template":"","meta":{"site-sidebar-layout":"default","site-content-layout":"default","ast-global-header-display":"","ast-banner-title-visibility":"","ast-main-header-display":"","ast-hfb-above-header-display":"","ast-hfb-below-header-display":"","ast-hfb-mobile-header-display":"","site-post-title":"","ast-breadcrumbs-content":"","ast-featured-img":"","footer-sml-layout":"","theme-transparent-header-meta":"default","adv-header-id-meta":"","stick-header-meta":"default","header-above-stick-meta":"","header-main-stick-meta":"","header-below-stick-meta":""},"product_cat":[21,37],"product_tag":[142,141],"class_list":{"0":"post-1288","1":"product","2":"type-product","3":"status-publish","4":"has-post-thumbnail","6":"product_cat-all","7":"product_cat-tabletop-8-centerpieces","8":"product_tag-candelabra","9":"product_tag-candle-holder","10":"desktop-align-left","11":"tablet-align-left","12":"mobile-align-left","14":"first","15":"instock","16":"sale","17":"taxable","18":"shipping-taxable","19":"purchasable","20":"product-type-simple"},"jetpack_sharing_enabled":true,"_links":{"self":[{"href":"https:\/\/partydecordelight.com\/es\/wp-json\/wp\/v2\/product\/1288","targetHints":{"allow":["GET"]}}],"collection":[{"href":"https:\/\/partydecordelight.com\/es\/wp-json\/wp\/v2\/product"}],"about":[{"href":"https:\/\/partydecordelight.com\/es\/wp-json\/wp\/v2\/types\/product"}],"replies":[{"embeddable":true,"href":"https:\/\/partydecordelight.com\/es\/wp-json\/wp\/v2\/comments?post=1288"}],"version-history":[{"count":4,"href":"https:\/\/partydecordelight.com\/es\/wp-json\/wp\/v2\/product\/1288\/revisions"}],"predecessor-version":[{"id":2211,"href":"https:\/\/partydecordelight.com\/es\/wp-json\/wp\/v2\/product\/1288\/revisions\/2211"}],"wp:featuredmedia":[{"embeddable":true,"href":"https:\/\/partydecordelight.com\/es\/wp-json\/wp\/v2\/media\/2210"}],"wp:attachment":[{"href":"https:\/\/partydecordelight.com\/es\/wp-json\/wp\/v2\/media?parent=1288"}],"wp:term":[{"taxonomy":"product_cat","embeddable":true,"href":"https:\/\/partydecordelight.com\/es\/wp-json\/wp\/v2\/product_cat?post=1288"},{"taxonomy":"product_tag","embeddable":true,"href":"https:\/\/partydecordelight.com\/es\/wp-json\/wp\/v2\/product_tag?post=1288"}],"curies":[{"name":"wp","href":"https:\/\/api.w.org\/{rel}","templated":true}]}}