{"id":1289,"date":"2024-06-29T13:49:23","date_gmt":"2024-06-29T05:49:23","guid":{"rendered":"https:\/\/partydecordelight.com\/product\/5pcs-crystal-metal-10-arms-candle-holder-pendant-candlestick-for-party-decor\/"},"modified":"2024-07-15T10:14:33","modified_gmt":"2024-07-15T02:14:33","slug":"5pcs-crystal-metal-10-arms-candle-holder-pendant-candlestick-for-party-decor","status":"publish","type":"product","link":"https:\/\/partydecordelight.com\/es\/product\/5pcs-crystal-metal-10-arms-candle-holder-pendant-candlestick-for-party-decor\/","title":{"rendered":"5Pcs | Orden Cristal Metal 10 Brazos Portavelas | Candelabro Colgante | Candelabro | Centro de Mesa para Decoraci\u00f3n de Eventos"},"content":{"rendered":"<p>Este precioso Candelabro Colgante Portavelas de 10 Brazos de Metal Cristalino es el accesorio perfecto para a\u00f1adir un toque de elegancia a cualquier evento. El dise\u00f1o intrincado y los acentos de cristal crean una pieza llamativa que ser\u00e1 la pieza central de cualquier fiesta. Es seguro que har\u00e1 una declaraci\u00f3n y traer la habitaci\u00f3n a la vida con su luz brillante. Perfecto para cualquier ocasi\u00f3n especial, este portavelas causar\u00e1 una impresi\u00f3n duradera.<\/p>\n<p><strong>Especificaci\u00f3n:<\/strong><\/p>\n<p>Paquete: 5 piezas por juego<\/p>\n<p>Material: Metal y cristal<\/p>\n<p>Tama\u00f1o:  Di\u00e1metro para Base: 11\u2033<\/p>\n<p>Altura: 45.3\u2033<\/p>\n<p>Anchura: 21.7\u2033<\/p>\n<p>Medidas del paquete: 25\u2033X14\u2033X12\u2033.<\/p>\n<p>Tama\u00f1o de la vela: menos de 0,98 pulgadas (vela no incluida)<\/p>\n<p>Requiere montaje: S\u00ed<\/p>\n<p>Ocasi\u00f3n: Boda, Fiesta Baby Shower, o cualquier otra Fiesta, Hogar, Jard\u00edn<\/p>\n<p>Color: Dorado<\/p>\n<p><strong>Todas las tallas son medidas aproximadas.<\/strong><br \/>\n<a href=\"https:\/\/youtu.be\/CiVAc2w7n_o\" target=\"_blank\" rel=\"noopener\"><strong>Haga clic aqu\u00ed para<\/strong><\/a><strong> <a href=\"https:\/\/youtu.be\/8rOd_c20yq8\">Instrucciones para el montaje de<\/a><\/strong><a href=\"https:\/\/youtu.be\/CiVAc2w7n_o\" target=\"_blank\" rel=\"noopener\"><strong>\u00a0este\u00a0<\/strong><\/a>art\u00edculo.<\/p>","protected":false},"excerpt":{"rendered":"<p>Env\u00edo gratuito dentro de EE.UU. | Entrega en 2-5 d\u00edas.<\/p>","protected":false},"featured_media":1895,"comment_status":"open","ping_status":"closed","template":"","meta":{"site-sidebar-layout":"default","site-content-layout":"default","ast-global-header-display":"","ast-banner-title-visibility":"","ast-main-header-display":"","ast-hfb-above-header-display":"","ast-hfb-below-header-display":"","ast-hfb-mobile-header-display":"","site-post-title":"","ast-breadcrumbs-content":"","ast-featured-img":"","footer-sml-layout":"","theme-transparent-header-meta":"default","adv-header-id-meta":"","stick-header-meta":"default","header-above-stick-meta":"","header-main-stick-meta":"","header-below-stick-meta":""},"product_cat":[21,37],"product_tag":[],"class_list":{"0":"post-1289","1":"product","2":"type-product","3":"status-publish","4":"has-post-thumbnail","6":"product_cat-all","7":"product_cat-tabletop-8-centerpieces","8":"desktop-align-left","9":"tablet-align-left","10":"mobile-align-left","12":"first","13":"instock","14":"sale","15":"taxable","16":"shipping-taxable","17":"purchasable","18":"product-type-simple"},"jetpack_sharing_enabled":true,"_links":{"self":[{"href":"https:\/\/partydecordelight.com\/es\/wp-json\/wp\/v2\/product\/1289","targetHints":{"allow":["GET"]}}],"collection":[{"href":"https:\/\/partydecordelight.com\/es\/wp-json\/wp\/v2\/product"}],"about":[{"href":"https:\/\/partydecordelight.com\/es\/wp-json\/wp\/v2\/types\/product"}],"replies":[{"embeddable":true,"href":"https:\/\/partydecordelight.com\/es\/wp-json\/wp\/v2\/comments?post=1289"}],"version-history":[{"count":2,"href":"https:\/\/partydecordelight.com\/es\/wp-json\/wp\/v2\/product\/1289\/revisions"}],"predecessor-version":[{"id":1897,"href":"https:\/\/partydecordelight.com\/es\/wp-json\/wp\/v2\/product\/1289\/revisions\/1897"}],"wp:featuredmedia":[{"embeddable":true,"href":"https:\/\/partydecordelight.com\/es\/wp-json\/wp\/v2\/media\/1895"}],"wp:attachment":[{"href":"https:\/\/partydecordelight.com\/es\/wp-json\/wp\/v2\/media?parent=1289"}],"wp:term":[{"taxonomy":"product_cat","embeddable":true,"href":"https:\/\/partydecordelight.com\/es\/wp-json\/wp\/v2\/product_cat?post=1289"},{"taxonomy":"product_tag","embeddable":true,"href":"https:\/\/partydecordelight.com\/es\/wp-json\/wp\/v2\/product_tag?post=1289"}],"curies":[{"name":"wp","href":"https:\/\/api.w.org\/{rel}","templated":true}]}}