{"id":1293,"date":"2024-06-29T13:49:24","date_gmt":"2024-06-29T05:49:24","guid":{"rendered":"https:\/\/partydecordelight.com\/product\/light-gold-shimmer-wall-backdrop-sequins-self-locking-panels\/"},"modified":"2024-07-14T06:56:56","modified_gmt":"2024-07-13T22:56:56","slug":"light-gold-shimmer-wall-backdrop-sequins-self-locking-panels","status":"publish","type":"product","link":"https:\/\/partydecordelight.com\/es\/product\/light-gold-shimmer-wall-backdrop-sequins-self-locking-panels\/","title":{"rendered":"Light Gold Shimmer Wall, actualizado con PC Grid Base Frame, Shimmer Backdrop, Sequin Wall Backdrop, Shimmer Wall Panels"},"content":{"rendered":"<p>\ud83c\udf1f **Especificaciones:** \ud83c\udf1f<\/p>\n<p>Tama\u00f1o: El tama\u00f1o de cada panel es de 12\u2033X12\u2033.<br \/>\n36 Paneles pueden hacer una pared brillante de 6FTX6FT<br \/>\n49 Paneles pueden hacer una pared brillante de 7FTX7FT<br \/>\nCon 64 paneles se puede hacer una pared brillante de 8FTX8FT<br \/>\nColor: Oro claro<br \/>\nOcasi\u00f3n: Boda, Fiesta Baby Shower, o cualquier otra Fiesta, Hogar, Jard\u00edn<br \/>\nTodos los tama\u00f1os son medidas aproximadas y los colores pueden variar debido a las diferentes pantallas.<\/p>\n<p>&nbsp;<\/p>\n<p>\u2728 \u00a1Presentamos nuestro glamuroso tel\u00f3n de fondo de pared con brillo dorado claro! \u2728<\/p>\n<p>Transforma cualquier espacio en una escena sacada directamente de un cuento de hadas con nuestros exquisitos Paneles de Lentejuelas Autoadhesivas para Fondos de Pared en Oro Claro Resplandeciente. Si usted est\u00e1 planeando una boda de ensue\u00f1o, una sesi\u00f3n de fotos glamorosa, o un evento espectacular, estos paneles brillantes a\u00f1adir\u00e1n un toque de magia y lujo a su decoraci\u00f3n.<\/p>\n<p>&nbsp;<\/p>\n<p>\ud83c\udf1f **Caracter\u00edsticas principales:** \ud83c\udf1f<\/p>\n<p>1. **Elegancia deslumbrante:** Nuestro fondo de pared Light Gold Shimmer est\u00e1 dise\u00f1ado para crear un ambiente impresionante. Los paneles de lentejuelas brillantes atrapan y reflejan la luz maravillosamente, infundiendo su espacio con un brillo cautivador que est\u00e1 seguro de dejar una impresi\u00f3n duradera.<\/p>\n<p>2. **La instalaci\u00f3n de su tel\u00f3n de fondo nunca ha sido tan f\u00e1cil. Estos paneles vienen con un mecanismo de auto-bloqueo f\u00e1cil de usar que le permite conectarlos sin esfuerzo, asegurando un ajuste perfecto y seguro. Sin necesidad de herramientas adicionales ni instalaciones complicadas.<\/p>\n<p>3. **Tanto si necesita un tel\u00f3n de fondo para una peque\u00f1a reuni\u00f3n \u00edntima como para un gran evento, nuestros paneles son personalizables para adaptarse a su espacio. Puede ajustar f\u00e1cilmente la anchura y la altura para crear el tama\u00f1o de tel\u00f3n de fondo perfecto para sus necesidades.<\/p>\n<p>4. **El color oro claro es vers\u00e1til y atemporal, por lo que es adecuado para diversas ocasiones. \u00daselo como un tel\u00f3n de fondo photobooth, un tel\u00f3n de fondo de la mesa principal en las bodas, o como una pieza de acento impresionante en la decoraci\u00f3n de su hogar.<\/p>\n<p>5. **Materiales de alta calidad:** Hecho a mano de lentejuelas de primera calidad y tela, nuestro tel\u00f3n de fondo est\u00e1 construido para durar. Es durable, f\u00e1cil de limpiar, y puede ser reutilizado para m\u00faltiples eventos.<\/p>\n<p>6. **Sea creativo y mejore el tel\u00f3n de fondo con elementos decorativos adicionales como arreglos florales, luces de hadas o se\u00f1alizaci\u00f3n para que coincida con el tema de su evento o su estilo personal.<\/p>\n<p>&nbsp;<\/p>\n<p>\ud83c\udf1f **\u00bfPor qu\u00e9 elegir nuestro tel\u00f3n de fondo de pared brillante?** \ud83c\udf1f<\/p>\n<p>En [Party Decor 419], nos apasiona ayudarte a crear momentos inolvidables. Nuestro Tel\u00f3n de Fondo Dorado es m\u00e1s que una simple decoraci\u00f3n; es una pieza que a\u00f1ade un toque de glamour a cualquier ocasi\u00f3n. Tanto si eres un entusiasta del bricolaje como si eres un organizador de eventos profesional, nuestro tel\u00f3n de fondo est\u00e1 dise\u00f1ado para que tu proceso de decoraci\u00f3n sea pan comido.<\/p>\n<p>&nbsp;<\/p>\n<p>Eleva tu decoraci\u00f3n al siguiente nivel de sofisticaci\u00f3n y encanto. Haz que tu evento o sesi\u00f3n de fotos sea realmente memorable con nuestros Paneles de Autocierre de Lentejuelas para Tel\u00f3n de Fondo de Pared en Oro Claro Brillante. \u00a1Ordene el suyo hoy y deje que la magia comience! \ud83c\udf1f<br \/>\nPalabras clave:<br \/>\nPC (Policarbonato) Grid Clip Shimmer Wall, Dise\u00f1o Innovador, F\u00e1cil Instalaci\u00f3n, Efecto Shimmer Hipnotizante, Ligero, Duradero, Uso Vers\u00e1til, PC Premium, Decoraci\u00f3n de Eventos, Elecci\u00f3n del Planificador de Eventos.<\/p>","protected":false},"excerpt":{"rendered":"<p>Env\u00edo gratuito dentro de EE.UU. | Entrega en 2-5 d\u00edas.<\/p>","protected":false},"featured_media":1719,"comment_status":"open","ping_status":"closed","template":"","meta":{"site-sidebar-layout":"default","site-content-layout":"default","ast-global-header-display":"","ast-banner-title-visibility":"","ast-main-header-display":"","ast-hfb-above-header-display":"","ast-hfb-below-header-display":"","ast-hfb-mobile-header-display":"","site-post-title":"","ast-breadcrumbs-content":"","ast-featured-img":"","footer-sml-layout":"","theme-transparent-header-meta":"default","adv-header-id-meta":"","stick-header-meta":"default","header-above-stick-meta":"","header-main-stick-meta":"","header-below-stick-meta":""},"product_cat":[21,38],"product_tag":[63,50,110,115,116,109,112,111,108,114,118,117,113],"class_list":{"0":"post-1293","1":"product","2":"type-product","3":"status-publish","4":"has-post-thumbnail","6":"product_cat-all","7":"product_cat-shimmer-wall","8":"product_tag-backdrop","9":"product_tag-durable","10":"product_tag-easy-installation","11":"product_tag-event-decorations","12":"product_tag-event-planners-choice","13":"product_tag-innovative-design","14":"product_tag-lightweight","15":"product_tag-mesmerizing-shimmer-effect","16":"product_tag-pc-polycarbonate-grid-clip-shimmer-wall","17":"product_tag-premium-pc","18":"product_tag-shimmer-panel","19":"product_tag-shimmer-wall","20":"product_tag-versatile-use","21":"desktop-align-left","22":"tablet-align-left","23":"mobile-align-left","25":"first","26":"instock","27":"sale","28":"taxable","29":"shipping-taxable","30":"purchasable","31":"product-type-variable"},"jetpack_sharing_enabled":true,"_links":{"self":[{"href":"https:\/\/partydecordelight.com\/es\/wp-json\/wp\/v2\/product\/1293","targetHints":{"allow":["GET"]}}],"collection":[{"href":"https:\/\/partydecordelight.com\/es\/wp-json\/wp\/v2\/product"}],"about":[{"href":"https:\/\/partydecordelight.com\/es\/wp-json\/wp\/v2\/types\/product"}],"replies":[{"embeddable":true,"href":"https:\/\/partydecordelight.com\/es\/wp-json\/wp\/v2\/comments?post=1293"}],"version-history":[{"count":3,"href":"https:\/\/partydecordelight.com\/es\/wp-json\/wp\/v2\/product\/1293\/revisions"}],"predecessor-version":[{"id":1767,"href":"https:\/\/partydecordelight.com\/es\/wp-json\/wp\/v2\/product\/1293\/revisions\/1767"}],"wp:featuredmedia":[{"embeddable":true,"href":"https:\/\/partydecordelight.com\/es\/wp-json\/wp\/v2\/media\/1719"}],"wp:attachment":[{"href":"https:\/\/partydecordelight.com\/es\/wp-json\/wp\/v2\/media?parent=1293"}],"wp:term":[{"taxonomy":"product_cat","embeddable":true,"href":"https:\/\/partydecordelight.com\/es\/wp-json\/wp\/v2\/product_cat?post=1293"},{"taxonomy":"product_tag","embeddable":true,"href":"https:\/\/partydecordelight.com\/es\/wp-json\/wp\/v2\/product_tag?post=1293"}],"curies":[{"name":"wp","href":"https:\/\/api.w.org\/{rel}","templated":true}]}}