{"id":1316,"date":"2024-06-29T13:49:32","date_gmt":"2024-06-29T05:49:32","guid":{"rendered":"https:\/\/partydecordelight.com\/product\/fancy-silver-shimmer-wall-backdrop-sequins-self-locking-panels\/"},"modified":"2025-07-28T18:28:30","modified_gmt":"2025-07-28T23:28:30","slug":"fancy-silver-shimmer-wall-backdrop-sequins-self-locking-panels","status":"publish","type":"product","link":"https:\/\/partydecordelight.com\/es\/product\/fancy-silver-shimmer-wall-backdrop-sequins-self-locking-panels\/","title":{"rendered":"Fancy Silver Shimmer Wall, actualizado con PC Grid Base Frame, Shimmer Backdrop, Sequin Wall Backdrop, Shimmer Wall Panels"},"content":{"rendered":"<p><strong>Especificaci\u00f3n:<\/strong><\/p>\n<p>Tama\u00f1o: El tama\u00f1o de cada panel es de 12\u2033X12\u2033.<\/p>\n<p>36 Paneles pueden hacer una pared brillante de 6FTX6FT<\/p>\n<p>49 Paneles pueden hacer una pared brillante de 7FTX7FT<\/p>\n<p>Con 64 paneles se puede hacer una pared brillante de 8FTX8FT<\/p>\n<p>Color: Plata de fantas\u00eda<\/p>\n<p><strong>Todos los productos de color Espejo son brillantes. Todos los productos de color Fancy refractar\u00e1n diferentes colores de fantas\u00eda.<\/strong><\/p>\n<p>Ocasi\u00f3n: Boda, Fiesta Baby Shower, o cualquier otra Fiesta, Hogar, Jard\u00edn<\/p>\n<p><strong>Todas las tallas son medidas aproximadas y los colores pueden variar debido a las diferentes pantallas.<\/strong><br \/>\nPresentamos nuestro impresionante tel\u00f3n de fondo de lentejuelas - \u00a1Eleve su evento con elegancia y glamour!<\/p>\n<p>\u2728 **\u00a1A\u00f1ade un toque de glamour con las lentejuelas brillantes de tel\u00f3n de fondo de pared!** \u2728<\/p>\n<p>Transforme sus ocasiones especiales en experiencias inolvidables con el encanto cautivador de nuestras lentejuelas Shimmer Wall Backdrop. Ya se trate de una boda, una fiesta de cumplea\u00f1os, una despedida de soltera o cualquier evento que merezca un toque de sofisticaci\u00f3n, estos paneles con cierre autom\u00e1tico ser\u00e1n el tel\u00f3n de fondo que se robe el show.<\/p>\n<p>**Caracter\u00edsticas principales<\/p>\n<p>\ud83d\udc96 **Exquisitas lentejuelas:** Nuestro tel\u00f3n de fondo de pared shimmer est\u00e1 adornado con lentejuelas premium que irradian elegancia, a\u00f1adiendo un toque de lujo a su evento.<\/p>\n<p>\ud83d\udd12 **Paneles de autobloqueo sin esfuerzo:** \u00a1Di adi\u00f3s a los montajes complejos! Nuestros paneles cuentan con un mecanismo de auto-bloqueo \u00fanico, por lo que el montaje de una brisa. No se necesitan herramientas ni clips adicionales: basta con encajar los paneles sin esfuerzo.<\/p>\n<p>\ud83c\udf89 **Vers\u00e1til y reutilizable:** Dise\u00f1ados para m\u00faltiples usos, estos fondos de pared brillantes son ideales para bodas, fiestas, fotomatones y mucho m\u00e1s. Despu\u00e9s del evento, desmontar y guardarlos para futuras celebraciones.<\/p>\n<p>\ud83d\udcf8 **Brillantez fotogr\u00e1fica:** Crea impresionantes oportunidades fotogr\u00e1ficas para ti y tus invitados. Observa c\u00f3mo las elegantes lentejuelas rosas transforman cada toma en una obra de arte.<\/p>\n<p>\ud83e\uddfd **F\u00e1cil mantenimiento:** Los accidentes pueden ocurrir, pero nuestra pared brillante es muy f\u00e1cil de limpiar y mantener, lo que garantiza que siga brillando evento tras evento.<\/p>\n<p>\ud83c\udfa8 **Tama\u00f1o personalizable:** Adapta el tel\u00f3n de fondo a tu espacio. A\u00f1ade o quita paneles para conseguir la anchura y altura deseadas, adapt\u00e1ndose sin esfuerzo a cualquier lugar.<\/p>\n<p>\ud83d\udc51 **Eleve su evento:** Deje una impresi\u00f3n duradera con un tel\u00f3n de fondo elegante y sofisticado que realce el ambiente de su celebraci\u00f3n.<\/p>\n<p>\u2728 **Deslumbra y deleita:** Impresiona a tus invitados con el encanto de las elegantes lentejuelas rosas, elevando tu evento a un nivel de sofisticaci\u00f3n y glamour.<\/p>\n<p>Tanto si est\u00e1 planeando una boda de cuento de hadas, una velada elegante o una sesi\u00f3n de fotos caprichosa, nuestras lentejuelas para tel\u00f3n de fondo dar\u00e1n vida a su visi\u00f3n de una manera deslumbrante. Haga que su evento brille con sofisticaci\u00f3n: \u00a1pida el suyo hoy mismo y que empiece la magia!<\/p>\n<p>[Party Decor Delight] - \u00a1Donde la elegancia se une a la celebraci\u00f3n! \ud83d\udc96\u2728<\/p>\n<p>Palabras clave:<br \/>\nPC (Policarbonato) Grid Clip Shimmer Wall, Dise\u00f1o Innovador, F\u00e1cil Instalaci\u00f3n, Efecto Shimmer Hipnotizante, Ligero, Duradero, Uso Vers\u00e1til, PC Premium, Decoraci\u00f3n de Eventos, Elecci\u00f3n del Planificador de Eventos.<\/p>","protected":false},"excerpt":{"rendered":"<h6 class=\"bls__product-title mb-5\">Env\u00edo gratuito dentro de EE.UU. | Entrega en 2-5 d\u00edas.<\/h6>","protected":false},"featured_media":1785,"comment_status":"open","ping_status":"closed","template":"","meta":{"site-sidebar-layout":"default","site-content-layout":"default","ast-global-header-display":"","ast-banner-title-visibility":"","ast-main-header-display":"","ast-hfb-above-header-display":"","ast-hfb-below-header-display":"","ast-hfb-mobile-header-display":"","site-post-title":"","ast-breadcrumbs-content":"","ast-featured-img":"","footer-sml-layout":"","theme-transparent-header-meta":"default","adv-header-id-meta":"","stick-header-meta":"default","header-above-stick-meta":"","header-main-stick-meta":"","header-below-stick-meta":""},"product_cat":[21,38],"product_tag":[],"class_list":{"0":"post-1316","1":"product","2":"type-product","3":"status-publish","4":"has-post-thumbnail","6":"product_cat-all","7":"product_cat-shimmer-wall","8":"desktop-align-left","9":"tablet-align-left","10":"mobile-align-left","12":"first","13":"instock","14":"sale","15":"taxable","16":"shipping-taxable","17":"purchasable","18":"product-type-variable"},"jetpack_sharing_enabled":true,"_links":{"self":[{"href":"https:\/\/partydecordelight.com\/es\/wp-json\/wp\/v2\/product\/1316","targetHints":{"allow":["GET"]}}],"collection":[{"href":"https:\/\/partydecordelight.com\/es\/wp-json\/wp\/v2\/product"}],"about":[{"href":"https:\/\/partydecordelight.com\/es\/wp-json\/wp\/v2\/types\/product"}],"replies":[{"embeddable":true,"href":"https:\/\/partydecordelight.com\/es\/wp-json\/wp\/v2\/comments?post=1316"}],"version-history":[{"count":2,"href":"https:\/\/partydecordelight.com\/es\/wp-json\/wp\/v2\/product\/1316\/revisions"}],"predecessor-version":[{"id":1789,"href":"https:\/\/partydecordelight.com\/es\/wp-json\/wp\/v2\/product\/1316\/revisions\/1789"}],"wp:featuredmedia":[{"embeddable":true,"href":"https:\/\/partydecordelight.com\/es\/wp-json\/wp\/v2\/media\/1785"}],"wp:attachment":[{"href":"https:\/\/partydecordelight.com\/es\/wp-json\/wp\/v2\/media?parent=1316"}],"wp:term":[{"taxonomy":"product_cat","embeddable":true,"href":"https:\/\/partydecordelight.com\/es\/wp-json\/wp\/v2\/product_cat?post=1316"},{"taxonomy":"product_tag","embeddable":true,"href":"https:\/\/partydecordelight.com\/es\/wp-json\/wp\/v2\/product_tag?post=1316"}],"curies":[{"name":"wp","href":"https:\/\/api.w.org\/{rel}","templated":true}]}}