{"id":1320,"date":"2024-06-29T13:49:33","date_gmt":"2024-06-29T05:49:33","guid":{"rendered":"https:\/\/partydecordelight.com\/product\/pre-order-mirror-silver-shimmer-wall-backdrop-sequins-self-locking-panels\/"},"modified":"2024-07-21T12:29:43","modified_gmt":"2024-07-21T04:29:43","slug":"pre-order-mirror-silver-shimmer-wall-backdrop-sequins-self-locking-panels","status":"publish","type":"product","link":"https:\/\/partydecordelight.com\/es\/product\/pre-order-mirror-silver-shimmer-wall-backdrop-sequins-self-locking-panels\/","title":{"rendered":"Espejo de plata Shimmer pared, actualizado con PC rejilla base marco, Shimmer tel\u00f3n de fondo, lentejuelas pared tel\u00f3n de fondo, Shimmer paneles de pared"},"content":{"rendered":"<p>Especificaci\u00f3n:<br \/>\nTama\u00f1o: El tama\u00f1o de cada panel es de 12\u2033X12\u2033.<br \/>\n36 Paneles pueden hacer una pared brillante de 6FTX6FT<br \/>\n49 Paneles pueden hacer una pared brillante de 7FTX7FT<br \/>\nCon 64 paneles se puede hacer una pared brillante de 8FTX8FT<br \/>\nColor: Plata Espejo<br \/>\nTodos los productos de color Espejo son brillantes. Todos los productos de color Fancy refractar\u00e1n diferentes colores de fantas\u00eda.<br \/>\nOcasi\u00f3n: Boda, Fiesta Baby Shower, o cualquier otra Fiesta, Hogar, Jard\u00edn<br \/>\nTodos los tama\u00f1os son medidas aproximadas y los colores pueden variar debido a las diferentes pantallas.<\/p>\n<p>&nbsp;<\/p>\n<p>\u00a1Presentamos nuestro deslumbrante espejo de plata Shimmer pared tel\u00f3n de fondo lentejuelas - Elevar su evento con elegancia y glamour!<\/p>\n<p>\u2728 **Sparkle and Shine with Mirror Silver Shimmer Wall Backdrops!**\u2728\u2728\u2728\u2728\u2728\u2728\u2728\u2728.<\/p>\n<p>Convierte tus momentos especiales en experiencias inolvidables con el encantador encanto de nuestras Lentejuelas de Fondo de Pared con Brillo Plateado Espejo. Ya se trate de una boda, cumplea\u00f1os, baby shower o cualquier evento que merezca ser el centro de atenci\u00f3n, estos paneles de cierre autom\u00e1tico preparar\u00e1n el escenario para el glamour y la sofisticaci\u00f3n.<\/p>\n<p>**Caracter\u00edsticas principales<\/p>\n<p>\ud83d\udcab **Mesmerizing Mirror Silver Sequins:** Nuestro tel\u00f3n de fondo de pared shimmer est\u00e1 adornado con lentejuelas de plata de espejo de alta calidad que atrapan y reflejan la luz maravillosamente, a\u00f1adiendo un toque de lujo a su evento.<\/p>\n<p>\ud83d\udd12 **Paneles autoblocantes:** \u00a1Di adi\u00f3s al tedioso montaje! Nuestros paneles cuentan con un mecanismo de auto-bloqueo \u00fanico que hace que la configuraci\u00f3n de una brisa. No hay necesidad de herramientas adicionales o clips - simplemente encaje los paneles juntos sin esfuerzo.<\/p>\n<p>\ud83c\udf89 **Vers\u00e1til y reutilizable:** Dise\u00f1ado para m\u00faltiples usos, estos fondos de pared brillantes son perfectos para bodas, fiestas, cabinas de fotos y mucho m\u00e1s. Despu\u00e9s del evento, desmontar y guardarlos para futuras celebraciones.<\/p>\n<p>\ud83d\udcf8 **Perfecci\u00f3n fotogr\u00e1fica:** Crea impresionantes oportunidades fotogr\u00e1ficas para ti y tus invitados. Mira como las lentejuelas plateadas espejo transforman cada disparo en una obra maestra.<\/p>\n<p>\ud83e\uddfd **F\u00e1cil de limpiar:** Los accidentes ocurren, pero nuestro shimmer wall es f\u00e1cil de limpiar y mantener, lo que garantiza que siga brillando evento tras evento.<\/p>\n<p>\ud83c\udfa8 **Tama\u00f1o personalizable:** Adapta el tel\u00f3n de fondo a tu espacio. A\u00f1ade o quita paneles para conseguir la anchura y altura deseadas, adapt\u00e1ndose a cualquier lugar.<\/p>\n<p>\ud83d\udc51 **Eleve su evento:** Cause una impresi\u00f3n duradera con un tel\u00f3n de fondo elegante y sofisticado que realce el ambiente de su celebraci\u00f3n.<\/p>\n<p>\u2728 **Deslumbra e impresiona:** Sorprende a tus invitados con el encanto de las lentejuelas plateadas espejo, elevando tu evento a un nuevo nivel de sofisticaci\u00f3n.<\/p>\n<p>Tanto si est\u00e1 planeando una boda de ensue\u00f1o, una fiesta glamurosa o una sesi\u00f3n de fotos memorable, nuestras lentejuelas plateadas de espejo para tel\u00f3n de fondo convertir\u00e1n su visi\u00f3n en una realidad resplandeciente. Haga que su evento brille con m\u00e1s intensidad: \u00a1pida el suyo hoy mismo y que empiece la magia!<\/p>\n<p>[Party Decor Delight] - \u00a1Haciendo brillar cada momento! \u2728<\/p>\n<p>Palabras clave:<br \/>\nPC (Policarbonato) Grid Clip Shimmer Wall, Dise\u00f1o Innovador, F\u00e1cil Instalaci\u00f3n, Efecto Shimmer Hipnotizante, Ligero, Duradero, Uso Vers\u00e1til, PC Premium, Decoraci\u00f3n de Eventos, Elecci\u00f3n del Planificador de Eventos.<\/p>\n<p>&nbsp;<\/p>","protected":false},"excerpt":{"rendered":"<p>Env\u00edo gratuito dentro de EE.UU. | Entrega en 2-5 d\u00edas.<\/p>","protected":false},"featured_media":1781,"comment_status":"open","ping_status":"closed","template":"","meta":{"site-sidebar-layout":"default","site-content-layout":"default","ast-global-header-display":"","ast-banner-title-visibility":"","ast-main-header-display":"","ast-hfb-above-header-display":"","ast-hfb-below-header-display":"","ast-hfb-mobile-header-display":"","site-post-title":"","ast-breadcrumbs-content":"","ast-featured-img":"","footer-sml-layout":"","theme-transparent-header-meta":"default","adv-header-id-meta":"","stick-header-meta":"default","header-above-stick-meta":"","header-main-stick-meta":"","header-below-stick-meta":""},"product_cat":[21,38],"product_tag":[119,122,118,117],"class_list":{"0":"post-1320","1":"product","2":"type-product","3":"status-publish","4":"has-post-thumbnail","6":"product_cat-all","7":"product_cat-shimmer-wall","8":"product_tag-shimmer","9":"product_tag-shimmer-backdrop","10":"product_tag-shimmer-panel","11":"product_tag-shimmer-wall","12":"desktop-align-left","13":"tablet-align-left","14":"mobile-align-left","16":"first","17":"instock","18":"sale","19":"taxable","20":"shipping-taxable","21":"purchasable","22":"product-type-variable"},"jetpack_sharing_enabled":true,"_links":{"self":[{"href":"https:\/\/partydecordelight.com\/es\/wp-json\/wp\/v2\/product\/1320","targetHints":{"allow":["GET"]}}],"collection":[{"href":"https:\/\/partydecordelight.com\/es\/wp-json\/wp\/v2\/product"}],"about":[{"href":"https:\/\/partydecordelight.com\/es\/wp-json\/wp\/v2\/types\/product"}],"replies":[{"embeddable":true,"href":"https:\/\/partydecordelight.com\/es\/wp-json\/wp\/v2\/comments?post=1320"}],"version-history":[{"count":2,"href":"https:\/\/partydecordelight.com\/es\/wp-json\/wp\/v2\/product\/1320\/revisions"}],"predecessor-version":[{"id":1782,"href":"https:\/\/partydecordelight.com\/es\/wp-json\/wp\/v2\/product\/1320\/revisions\/1782"}],"wp:featuredmedia":[{"embeddable":true,"href":"https:\/\/partydecordelight.com\/es\/wp-json\/wp\/v2\/media\/1781"}],"wp:attachment":[{"href":"https:\/\/partydecordelight.com\/es\/wp-json\/wp\/v2\/media?parent=1320"}],"wp:term":[{"taxonomy":"product_cat","embeddable":true,"href":"https:\/\/partydecordelight.com\/es\/wp-json\/wp\/v2\/product_cat?post=1320"},{"taxonomy":"product_tag","embeddable":true,"href":"https:\/\/partydecordelight.com\/es\/wp-json\/wp\/v2\/product_tag?post=1320"}],"curies":[{"name":"wp","href":"https:\/\/api.w.org\/{rel}","templated":true}]}}