{"id":1324,"date":"2024-06-29T13:49:34","date_gmt":"2024-06-29T05:49:34","guid":{"rendered":"https:\/\/partydecordelight.com\/product\/mirror-gold-shimmer-wall-backdrop-sequins-self-locking-panels\/"},"modified":"2026-02-23T16:33:07","modified_gmt":"2026-02-23T21:33:07","slug":"mirror-gold-shimmer-wall-backdrop-sequins-self-locking-panels","status":"publish","type":"product","link":"https:\/\/partydecordelight.com\/es\/product\/mirror-gold-shimmer-wall-backdrop-sequins-self-locking-panels\/","title":{"rendered":"Espejo de oro Shimmer de pared, actualizado con PC rejilla de base del marco, Shimmer tel\u00f3n de fondo, lentejuelas pared tel\u00f3n de fondo, Shimmer paneles de pared, auto-bloqueo Shimmer"},"content":{"rendered":"<p>1. Los paneles murales Shimmer son f\u00e1ciles de instalar. Est\u00e1n dise\u00f1ados para autobloquearse, lo que hace que la instalaci\u00f3n sea r\u00e1pida y sin complicaciones.<br \/>\n2. Gracias a su capacidad para captar y reflejar la luz, estos paneles crean un efecto visual impresionante que realza el ambiente y a\u00f1ade una sensaci\u00f3n de lujo a bodas, fiestas, sesiones fotogr\u00e1ficas y otros acontecimientos especiales.<br \/>\n3. Puede ofrecer un tel\u00f3n de fondo cautivador y glamuroso para diversos eventos. Estos paneles est\u00e1n adornados con brillantes lentejuelas, que a\u00f1aden un toque de brillo y elegancia a cualquier ocasi\u00f3n.<br \/>\n4. La pared shimmer puede fabricarse con varios paneles, que son una excelente opci\u00f3n para quienes buscan una soluci\u00f3n de fondo glamurosa y llamativa.<\/p>\n<p>&nbsp;<\/p>\n<p><strong>Especificaci\u00f3n:<\/strong><br \/>\nTama\u00f1o: El tama\u00f1o de cada panel es de 12\u2033X12\u2033.<br \/>\n36 Paneles pueden hacer una pared brillante de 6FTX6FT<br \/>\n49 Paneles pueden hacer una pared brillante de 7FTX7FT<br \/>\nCon 64 paneles se puede hacer una pared brillante de 8FTX8FT<br \/>\nColor: Oro Espejo<br \/>\nTodos los productos de color Espejo son brillantes. Todos los productos de color Fancy refractar\u00e1n diferentes colores de fantas\u00eda.<br \/>\nOcasi\u00f3n: Boda, Fiesta Baby Shower, o cualquier otra Fiesta, Hogar, Jard\u00edn<br \/>\nTodas las tallas son medidas aproximadas y los colores pueden variar debido a las diferentes pantallas.<\/p>\n<p>Palabras clave:<br \/>\nPC (Policarbonato) Grid Clip Shimmer Wall, Dise\u00f1o Innovador, F\u00e1cil Instalaci\u00f3n, Efecto Shimmer Hipnotizante, Ligero, Duradero, Uso Vers\u00e1til, PC Premium, Decoraci\u00f3n de Eventos, Elecci\u00f3n del Planificador de Eventos.<\/p>","protected":false},"excerpt":{"rendered":"<p>Env\u00edo gratuito dentro de EE.UU. | Entrega en 2-5 d\u00edas.<\/p>","protected":false},"featured_media":1724,"comment_status":"open","ping_status":"closed","template":"","meta":{"site-sidebar-layout":"default","site-content-layout":"default","ast-global-header-display":"","ast-banner-title-visibility":"","ast-main-header-display":"","ast-hfb-above-header-display":"","ast-hfb-below-header-display":"","ast-hfb-mobile-header-display":"","site-post-title":"","ast-breadcrumbs-content":"","ast-featured-img":"","footer-sml-layout":"","theme-transparent-header-meta":"default","adv-header-id-meta":"","stick-header-meta":"default","header-above-stick-meta":"","header-main-stick-meta":"","header-below-stick-meta":""},"product_cat":[21,38],"product_tag":[120,126,123,122,124,121],"class_list":{"0":"post-1324","1":"product","2":"type-product","3":"status-publish","4":"has-post-thumbnail","6":"product_cat-all","7":"product_cat-shimmer-wall","8":"product_tag-mirror-gold-shimmer-wall","9":"product_tag-self-locking-shimmer","10":"product_tag-sequin-wall-backdrop","11":"product_tag-shimmer-backdrop","12":"product_tag-shimmer-wall-panels","13":"product_tag-upgraded-with-pc-grid-base-frame","14":"desktop-align-left","15":"tablet-align-left","16":"mobile-align-left","18":"first","19":"instock","20":"sale","21":"taxable","22":"shipping-taxable","23":"purchasable","24":"product-type-variable"},"jetpack_sharing_enabled":true,"_links":{"self":[{"href":"https:\/\/partydecordelight.com\/es\/wp-json\/wp\/v2\/product\/1324","targetHints":{"allow":["GET"]}}],"collection":[{"href":"https:\/\/partydecordelight.com\/es\/wp-json\/wp\/v2\/product"}],"about":[{"href":"https:\/\/partydecordelight.com\/es\/wp-json\/wp\/v2\/types\/product"}],"replies":[{"embeddable":true,"href":"https:\/\/partydecordelight.com\/es\/wp-json\/wp\/v2\/comments?post=1324"}],"version-history":[{"count":4,"href":"https:\/\/partydecordelight.com\/es\/wp-json\/wp\/v2\/product\/1324\/revisions"}],"predecessor-version":[{"id":1721,"href":"https:\/\/partydecordelight.com\/es\/wp-json\/wp\/v2\/product\/1324\/revisions\/1721"}],"wp:featuredmedia":[{"embeddable":true,"href":"https:\/\/partydecordelight.com\/es\/wp-json\/wp\/v2\/media\/1724"}],"wp:attachment":[{"href":"https:\/\/partydecordelight.com\/es\/wp-json\/wp\/v2\/media?parent=1324"}],"wp:term":[{"taxonomy":"product_cat","embeddable":true,"href":"https:\/\/partydecordelight.com\/es\/wp-json\/wp\/v2\/product_cat?post=1324"},{"taxonomy":"product_tag","embeddable":true,"href":"https:\/\/partydecordelight.com\/es\/wp-json\/wp\/v2\/product_tag?post=1324"}],"curies":[{"name":"wp","href":"https:\/\/api.w.org\/{rel}","templated":true}]}}