{"id":1326,"date":"2024-06-29T13:49:35","date_gmt":"2024-06-29T05:49:35","guid":{"rendered":"https:\/\/partydecordelight.com\/product\/3pcs-set-covers-for-round-chiara-backdrop-stand-walls\/"},"modified":"2024-07-21T12:21:54","modified_gmt":"2024-07-21T04:21:54","slug":"3pcs-set-covers-for-round-chiara-backdrop-stand-walls","status":"publish","type":"product","link":"https:\/\/partydecordelight.com\/es\/product\/3pcs-set-covers-for-round-chiara-backdrop-stand-walls\/","title":{"rendered":"3 piezas de doble cara cubiertas de tela con cremallera para la boda de arco tel\u00f3n de fondo de pie de flores"},"content":{"rendered":"<p>Las 3Pcs\/Set Covers para Round Chiara Backdrop Stand Walls incluyen tres cubiertas hechas a medida para adaptarse perfectamente al soporte. Estas cubiertas ofrecen versatilidad y estilo, lo que le permite cambiar sin esfuerzo la apariencia de su tel\u00f3n de fondo para diversos eventos. Disponibles en una amplia gama de colores, dise\u00f1os y acabados, ofrecen opciones que se adaptan a su tema o est\u00e9tica deseados.<\/p>\n<p>Con estas fundas, puede transformar sin esfuerzo su soporte de tel\u00f3n de fondo en un centro de atenci\u00f3n que llame la atenci\u00f3n. Ya se trate de una boda, una fiesta o una sesi\u00f3n de fotos, estas fundas ayudan a crear un tel\u00f3n de fondo atractivo que mejora el ambiente general y a\u00f1ade un toque de estilo a su evento.<\/p>\n<p>&nbsp;<\/p>\n<p><strong>Especificaci\u00f3n:<\/strong><\/p>\n<p>Paquete: Un conjunto de cubiertas para 3Pcs\/Set de las paredes redondas del soporte del tel\u00f3n de fondo de Chiara<\/p>\n<p>Material: Tejido de fibra de leche<\/p>\n<p>Color: Blanco, Pasta de jud\u00edas clara, Morado, Caf\u00e9, Azul claro, Negro<\/p>\n<p>Ocasi\u00f3n: Boda, Fiesta Baby Shower, o cualquier otra Fiesta, Hogar, Jard\u00edn<\/p>\n<p><strong>Todas las tallas son medidas aproximadas.<\/strong><\/p>\n<p>Palabras clave:<br \/>\nSoporte de Arco para Tel\u00f3n de Fondo, Cubiertas de Tela de Doble Cara, Soporte de Arco para Bodas, Soporte de Arco para Tel\u00f3n de Fondo para Fiestas, Hecho a Mano, Se env\u00eda desde Texas, Aleaci\u00f3n de Aluminio, Poli\u00e9ster.<\/p>","protected":false},"excerpt":{"rendered":"<p>Env\u00edo gratuito dentro de EE.UU. | Entrega en 2-5 d\u00edas.<\/p>","protected":false},"featured_media":2169,"comment_status":"open","ping_status":"closed","template":"","meta":{"site-sidebar-layout":"default","site-content-layout":"default","ast-global-header-display":"","ast-banner-title-visibility":"","ast-main-header-display":"","ast-hfb-above-header-display":"","ast-hfb-below-header-display":"","ast-hfb-mobile-header-display":"","site-post-title":"","ast-breadcrumbs-content":"","ast-featured-img":"","footer-sml-layout":"","theme-transparent-header-meta":"default","adv-header-id-meta":"","stick-header-meta":"default","header-above-stick-meta":"","header-main-stick-meta":"","header-below-stick-meta":""},"product_cat":[21,35],"product_tag":[157],"class_list":{"0":"post-1326","1":"product","2":"type-product","3":"status-publish","4":"has-post-thumbnail","6":"product_cat-all","7":"product_cat-covers","8":"product_tag-round-stand-cover","9":"desktop-align-left","10":"tablet-align-left","11":"mobile-align-left","13":"first","14":"instock","15":"sale","16":"taxable","17":"shipping-taxable","18":"purchasable","19":"product-type-variable"},"jetpack_sharing_enabled":true,"_links":{"self":[{"href":"https:\/\/partydecordelight.com\/es\/wp-json\/wp\/v2\/product\/1326","targetHints":{"allow":["GET"]}}],"collection":[{"href":"https:\/\/partydecordelight.com\/es\/wp-json\/wp\/v2\/product"}],"about":[{"href":"https:\/\/partydecordelight.com\/es\/wp-json\/wp\/v2\/types\/product"}],"replies":[{"embeddable":true,"href":"https:\/\/partydecordelight.com\/es\/wp-json\/wp\/v2\/comments?post=1326"}],"version-history":[{"count":2,"href":"https:\/\/partydecordelight.com\/es\/wp-json\/wp\/v2\/product\/1326\/revisions"}],"predecessor-version":[{"id":2179,"href":"https:\/\/partydecordelight.com\/es\/wp-json\/wp\/v2\/product\/1326\/revisions\/2179"}],"wp:featuredmedia":[{"embeddable":true,"href":"https:\/\/partydecordelight.com\/es\/wp-json\/wp\/v2\/media\/2169"}],"wp:attachment":[{"href":"https:\/\/partydecordelight.com\/es\/wp-json\/wp\/v2\/media?parent=1326"}],"wp:term":[{"taxonomy":"product_cat","embeddable":true,"href":"https:\/\/partydecordelight.com\/es\/wp-json\/wp\/v2\/product_cat?post=1326"},{"taxonomy":"product_tag","embeddable":true,"href":"https:\/\/partydecordelight.com\/es\/wp-json\/wp\/v2\/product_tag?post=1326"}],"curies":[{"name":"wp","href":"https:\/\/api.w.org\/{rel}","templated":true}]}}