{"id":1335,"date":"2024-06-29T13:49:39","date_gmt":"2024-06-29T05:49:39","guid":{"rendered":"https:\/\/partydecordelight.com\/product\/5pcs-set-bright-covers-for-metal-cylinder-stands-round-plinths-wedding-backdrop\/"},"modified":"2024-07-21T15:07:30","modified_gmt":"2024-07-21T07:07:30","slug":"5pcs-set-bright-covers-for-metal-cylinder-stands-round-plinths-wedding-backdrop","status":"publish","type":"product","link":"https:\/\/partydecordelight.com\/es\/product\/5pcs-set-bright-covers-for-metal-cylinder-stands-round-plinths-wedding-backdrop\/","title":{"rendered":"5Pcs\/Set Cubiertas Brillantes para Metal Cylinder Stands Round Plinths Wedding Backdrop"},"content":{"rendered":"<p>El juego de 5 cubiertas brillantes para soportes cil\u00edndricos de metal y z\u00f3calos redondos para bodas es un juego de cubiertas dise\u00f1adas para mejorar el impacto visual de los soportes cil\u00edndricos de metal y los z\u00f3calos redondos utilizados como telones de fondo para bodas. Este juego incluye cinco cubiertas que ofrecen un aspecto vibrante y llamativo para sus soportes. Las cubiertas vienen en colores y acabados brillantes, a\u00f1adiendo un ambiente festivo y de celebraci\u00f3n a la decoraci\u00f3n de su boda. Se han dise\u00f1ado espec\u00edficamente para adaptarse a los soportes cil\u00edndricos de metal y a los z\u00f3calos redondos que se utilizan habitualmente como telones de fondo. Estas cubiertas no s\u00f3lo realzan el atractivo est\u00e9tico, sino que tambi\u00e9n proporcionan una capa de protecci\u00f3n para los soportes, protegi\u00e9ndolos de ara\u00f1azos y da\u00f1os. Antes de comprarlas, aseg\u00farate de que las dimensiones y los materiales de las fundas coinciden con los de tus soportes para que se ajusten correctamente. Mejore el tel\u00f3n de fondo de su boda con estas cubiertas brillantes y elegantes para crear un entorno memorable y visualmente impresionante para su d\u00eda especial.<\/p>\n<p>&nbsp;<\/p>\n<p><strong>Especificaci\u00f3n:<\/strong><\/p>\n<p>Paquete: Un conjunto de Cubiertas para 5Pcs\/Set de los soportes del cilindro del metal Plintos redondos Columnas del soporte del tel\u00f3n de fondo de la boda.<\/p>\n<p>Material:  Tela el\u00e1stica estampada en caliente<\/p>\n<p>Color: Plata, Oro, Rosa, Azul, Oro<\/p>\n<p>Ocasi\u00f3n: Boda, Fiesta Baby Shower, o cualquier otra Fiesta, Hogar, Jard\u00edn<\/p>\n<p><strong>Todas las tallas son medidas aproximadas.<\/strong><\/p>\n<p>&nbsp;<\/p>\n<p>Palabras clave:<br \/>\nfundas para soportes de tartas, tejido el\u00e1stico spandex, decoraci\u00f3n de eventos, accesorios para bodas, decoraci\u00f3n de fiestas de cumplea\u00f1os, ajuste a medida, aspecto refinado, dise\u00f1o vers\u00e1til, cord\u00f3n inferior, realce de eventos.<\/p>","protected":false},"excerpt":{"rendered":"<p>Env\u00edo gratuito dentro de EE.UU. | Entrega en 2-5 d\u00edas.<\/p>","protected":false},"featured_media":2135,"comment_status":"open","ping_status":"closed","template":"","meta":{"site-sidebar-layout":"default","site-content-layout":"default","ast-global-header-display":"","ast-banner-title-visibility":"","ast-main-header-display":"","ast-hfb-above-header-display":"","ast-hfb-below-header-display":"","ast-hfb-mobile-header-display":"","site-post-title":"","ast-breadcrumbs-content":"","ast-featured-img":"","footer-sml-layout":"","theme-transparent-header-meta":"default","adv-header-id-meta":"","stick-header-meta":"default","header-above-stick-meta":"","header-main-stick-meta":"","header-below-stick-meta":""},"product_cat":[21,35],"product_tag":[154],"class_list":{"0":"post-1335","1":"product","2":"type-product","3":"status-publish","4":"has-post-thumbnail","6":"product_cat-all","7":"product_cat-covers","8":"product_tag-cylinder-cover","9":"desktop-align-left","10":"tablet-align-left","11":"mobile-align-left","13":"first","14":"instock","15":"sale","16":"taxable","17":"shipping-taxable","18":"purchasable","19":"product-type-variable"},"jetpack_sharing_enabled":true,"_links":{"self":[{"href":"https:\/\/partydecordelight.com\/es\/wp-json\/wp\/v2\/product\/1335","targetHints":{"allow":["GET"]}}],"collection":[{"href":"https:\/\/partydecordelight.com\/es\/wp-json\/wp\/v2\/product"}],"about":[{"href":"https:\/\/partydecordelight.com\/es\/wp-json\/wp\/v2\/types\/product"}],"replies":[{"embeddable":true,"href":"https:\/\/partydecordelight.com\/es\/wp-json\/wp\/v2\/comments?post=1335"}],"version-history":[{"count":2,"href":"https:\/\/partydecordelight.com\/es\/wp-json\/wp\/v2\/product\/1335\/revisions"}],"predecessor-version":[{"id":2149,"href":"https:\/\/partydecordelight.com\/es\/wp-json\/wp\/v2\/product\/1335\/revisions\/2149"}],"wp:featuredmedia":[{"embeddable":true,"href":"https:\/\/partydecordelight.com\/es\/wp-json\/wp\/v2\/media\/2135"}],"wp:attachment":[{"href":"https:\/\/partydecordelight.com\/es\/wp-json\/wp\/v2\/media?parent=1335"}],"wp:term":[{"taxonomy":"product_cat","embeddable":true,"href":"https:\/\/partydecordelight.com\/es\/wp-json\/wp\/v2\/product_cat?post=1335"},{"taxonomy":"product_tag","embeddable":true,"href":"https:\/\/partydecordelight.com\/es\/wp-json\/wp\/v2\/product_tag?post=1335"}],"curies":[{"name":"wp","href":"https:\/\/api.w.org\/{rel}","templated":true}]}}