{"id":1343,"date":"2024-06-29T13:49:41","date_gmt":"2024-06-29T05:49:41","guid":{"rendered":"https:\/\/partydecordelight.com\/product\/5pcs-set-matt-covers-for-metal-cylinder-stands-round-plinths-backdrop-stand\/"},"modified":"2024-07-21T15:06:54","modified_gmt":"2024-07-21T07:06:54","slug":"5pcs-set-matt-covers-for-metal-cylinder-stands-round-plinths-backdrop-stand","status":"publish","type":"product","link":"https:\/\/partydecordelight.com\/es\/product\/5pcs-set-matt-covers-for-metal-cylinder-stands-round-plinths-backdrop-stand\/","title":{"rendered":"Juego de 5 fundas de seda de leche para pedestal cil\u00edndrico con pedestal para tartas | Decoraci\u00f3n de boda | Decoraci\u00f3n de fiesta de cumplea\u00f1os | Fondo con cuerda"},"content":{"rendered":"<p>El 5Pcs\/Set Matt Covers for Metal Cylinder Stands Round Plinths Backdrop Stand es un conjunto de cubiertas dise\u00f1adas para mejorar y proteger los soportes cil\u00edndricos de metal y los z\u00f3calos redondos utilizados como soportes de tel\u00f3n de fondo. Este juego incluye cinco cubiertas con un elegante acabado mate, que proporcionan un aspecto moderno y elegante a sus soportes. Las cubiertas son compatibles con estos tipos espec\u00edficos de soportes y z\u00f3calos, transform\u00e1ndolos en piezas visualmente atractivas y creando un aspecto cohesivo. Adem\u00e1s, las cubiertas ofrecen protecci\u00f3n contra ara\u00f1azos y da\u00f1os durante el transporte y el uso. Aseg\u00farese de que las dimensiones y los materiales coinciden con los de su soporte antes de realizar la compra.<\/p>\n<p>&nbsp;<\/p>\n<p><strong>Especificaci\u00f3n:<\/strong><\/p>\n<p>Paquete: Un conjunto de Cubiertas para 5Pcs\/Set de los soportes del cilindro del metal Plintos redondos Columnas del soporte del tel\u00f3n de fondo de la boda.<\/p>\n<p>Material: Tejido de fibra de leche<\/p>\n<p>Color: blanco, rosa haba claro, morado, champ\u00e1n, azul claro, negro<\/p>\n<p>Ocasi\u00f3n: Boda, Fiesta Baby Shower, o cualquier otra Fiesta, Hogar, Jard\u00edn<\/p>\n<p><strong>Todas las tallas son medidas aproximadas.<\/strong><\/p>","protected":false},"excerpt":{"rendered":"<p><strong>Env\u00edo gratuito dentro de EE.UU. | Entrega en 2-5 d\u00edas.<\/strong><\/p>","protected":false},"featured_media":2114,"comment_status":"open","ping_status":"closed","template":"","meta":{"site-sidebar-layout":"default","site-content-layout":"default","ast-global-header-display":"","ast-banner-title-visibility":"","ast-main-header-display":"","ast-hfb-above-header-display":"","ast-hfb-below-header-display":"","ast-hfb-mobile-header-display":"","site-post-title":"","ast-breadcrumbs-content":"","ast-featured-img":"","footer-sml-layout":"","theme-transparent-header-meta":"default","adv-header-id-meta":"","stick-header-meta":"default","header-above-stick-meta":"","header-main-stick-meta":"","header-below-stick-meta":""},"product_cat":[21,35],"product_tag":[152,153],"class_list":{"0":"post-1343","1":"product","2":"type-product","3":"status-publish","4":"has-post-thumbnail","6":"product_cat-all","7":"product_cat-covers","8":"product_tag-cyliner-cover","9":"product_tag-milk-silk-cover","10":"desktop-align-left","11":"tablet-align-left","12":"mobile-align-left","14":"first","15":"instock","16":"sale","17":"taxable","18":"shipping-taxable","19":"purchasable","20":"product-type-variable"},"jetpack_sharing_enabled":true,"_links":{"self":[{"href":"https:\/\/partydecordelight.com\/es\/wp-json\/wp\/v2\/product\/1343","targetHints":{"allow":["GET"]}}],"collection":[{"href":"https:\/\/partydecordelight.com\/es\/wp-json\/wp\/v2\/product"}],"about":[{"href":"https:\/\/partydecordelight.com\/es\/wp-json\/wp\/v2\/types\/product"}],"replies":[{"embeddable":true,"href":"https:\/\/partydecordelight.com\/es\/wp-json\/wp\/v2\/comments?post=1343"}],"version-history":[{"count":2,"href":"https:\/\/partydecordelight.com\/es\/wp-json\/wp\/v2\/product\/1343\/revisions"}],"predecessor-version":[{"id":2134,"href":"https:\/\/partydecordelight.com\/es\/wp-json\/wp\/v2\/product\/1343\/revisions\/2134"}],"wp:featuredmedia":[{"embeddable":true,"href":"https:\/\/partydecordelight.com\/es\/wp-json\/wp\/v2\/media\/2114"}],"wp:attachment":[{"href":"https:\/\/partydecordelight.com\/es\/wp-json\/wp\/v2\/media?parent=1343"}],"wp:term":[{"taxonomy":"product_cat","embeddable":true,"href":"https:\/\/partydecordelight.com\/es\/wp-json\/wp\/v2\/product_cat?post=1343"},{"taxonomy":"product_tag","embeddable":true,"href":"https:\/\/partydecordelight.com\/es\/wp-json\/wp\/v2\/product_tag?post=1343"}],"curies":[{"name":"wp","href":"https:\/\/api.w.org\/{rel}","templated":true}]}}