{"id":1350,"date":"2024-06-29T13:49:45","date_gmt":"2024-06-29T05:49:45","guid":{"rendered":"https:\/\/partydecordelight.com\/product\/2pcs-set-5ft-artificial-dropping-cherry-treeswith-blossom-flowers-party-decor\/"},"modified":"2025-12-25T14:18:43","modified_gmt":"2025-12-25T19:18:43","slug":"2pcs-set-5ft-artificial-dropping-cherry-treeswith-blossom-flowers-party-decor","status":"publish","type":"product","link":"https:\/\/partydecordelight.com\/es\/product\/2pcs-set-5ft-artificial-dropping-cherry-treeswith-blossom-flowers-party-decor\/","title":{"rendered":"2Pcs\/Set \u00c1rbol de Cerezo Artificial Blanco con Base de Metal Desmontable, Flores de Seda Sakura \u00c1rbol de los Deseos Decoraci\u00f3n de Boda - 5ft"},"content":{"rendered":"<p><strong>\ud83c\udf38 **Especificaciones:** \ud83c\udf38<\/strong><\/p>\n<p>Color: Blanco<br \/>\nTama\u00f1o: 5 pies<br \/>\nPaquete: Hay dos piezas de cerezos en un paquete<br \/>\nOcasi\u00f3n: Boda, Fiesta Baby Shower, o cualquier otra Fiesta, Hogar, Jard\u00edn<br \/>\nTodas las tallas son medidas aproximadas y el color puede variar ligeramente debido a las diferentes pantallas.<\/p>\n<p>Consulte el v\u00eddeo de instrucciones de montaje en https:\/\/youtu.be\/7E3RljJuV78<\/p>\n<p>\ud83c\udf38 Presentamos nuestro encantador 2Pcs\/Set 5ft Artificial Dropping Cherry Trees with Blossom Flowers \ud83c\udf38<\/p>\n<p>Transforme su espacio en un caprichoso pa\u00eds de las maravillas con nuestros exquisitos cerezos artificiales de 2 piezas\/set. Estos encantadores \u00e1rboles est\u00e1n dise\u00f1ados para a\u00f1adir un toque de belleza de la naturaleza a la decoraci\u00f3n de su hogar o evento. Si usted est\u00e1 planeando una boda rom\u00e1ntica, una fiesta en el jard\u00edn con encanto, o simplemente quiere elevar su espacio de vida, estos centros de mesa \u00e1rbol son la elecci\u00f3n perfecta.<\/p>\n<p><strong>\ud83c\udf38 **Caracter\u00edsticas principales:** \ud83c\udf38<\/strong><\/p>\n<p>1. **Elaborados con una meticulosa atenci\u00f3n al detalle, nuestros cerezos artificiales tienen un aspecto extraordinariamente realista. Las delicadas flores y las ramas ca\u00eddas con gracia imitan el encanto de los cerezos en flor.<\/p>\n<p>2. **Juego de 2:** Este juego incluye dos cerezos de 1,5 m de altura, lo que facilita la creaci\u00f3n de un aspecto equilibrado y armonioso en cualquier entorno. Util\u00edcelos juntos como un impresionante centro de mesa o col\u00f3quelos por separado para mejorar diferentes \u00e1reas.<\/p>\n<p>3. **Si usted est\u00e1 apuntando para un r\u00fastico, boho, o est\u00e9tica minimalista, estos \u00e1rboles son lo suficientemente vers\u00e1til como para encajar perfectamente en cualquier tema de decoraci\u00f3n. Son perfectos para bodas, cumplea\u00f1os, baby showers, decoraci\u00f3n del hogar y mucho m\u00e1s.<\/p>\n<p>4. **A diferencia de los cerezos reales, que requieren un cuidado y una atenci\u00f3n constantes, nuestros cerezos artificiales no suponen ninguna molestia. No hay que preocuparse por el riego, el marchitamiento o los cambios estacionales: se mantendr\u00e1n bonitos todo el a\u00f1o.<\/p>\n<p>5. **Base robusta:** Cada \u00e1rbol viene con una base estable que asegura que se mantienen altos y orgullosos, incluso en \u00e1reas de alto tr\u00e1fico. Usted puede colocarlos en las mesas, en las esquinas, o en cualquier lugar que desee hacer una declaraci\u00f3n.<\/p>\n<p>6. **Personalizable:** A\u00f1ade tu toque personal incorporando luces de hadas, cintas u otros elementos decorativos que combinen con tu estilo \u00fanico.<\/p>\n<p>&nbsp;<\/p>\n<p>\ud83c\udf38 **\u00bfPor qu\u00e9 elegir nuestros cerezos?** \ud83c\udf38<\/p>\n<p>En [Party Decor Delight], nos enorgullecemos de ofrecer art\u00edculos de decoraci\u00f3n impresionantes y de alta calidad que le ayudar\u00e1n a dar vida a su visi\u00f3n creativa. Nuestros cerezos artificiales no son una excepci\u00f3n, ya que ofrecen la combinaci\u00f3n perfecta de elegancia y comodidad. Ser\u00e1n el centro de atenci\u00f3n de su evento, atrayendo la admiraci\u00f3n de los invitados y dejando recuerdos imborrables.<\/p>\n<p>&nbsp;<\/p>","protected":false},"excerpt":{"rendered":"<p>Env\u00edo gratuito dentro de EE.UU. | Entrega en 2-5 d\u00edas.<\/p>","protected":false},"featured_media":2367,"comment_status":"open","ping_status":"closed","template":"","meta":{"site-sidebar-layout":"default","site-content-layout":"default","ast-global-header-display":"","ast-banner-title-visibility":"","ast-main-header-display":"","ast-hfb-above-header-display":"","ast-hfb-below-header-display":"","ast-hfb-mobile-header-display":"","site-post-title":"","ast-breadcrumbs-content":"","ast-featured-img":"","footer-sml-layout":"","theme-transparent-header-meta":"default","adv-header-id-meta":"","stick-header-meta":"default","header-above-stick-meta":"","header-main-stick-meta":"","header-below-stick-meta":""},"product_cat":[21,39],"product_tag":[147,146],"class_list":{"0":"post-1350","1":"product","2":"type-product","3":"status-publish","4":"has-post-thumbnail","6":"product_cat-all","7":"product_cat-cherry-tree","8":"product_tag-artificial-tree","9":"product_tag-cherry-tree","10":"desktop-align-left","11":"tablet-align-left","12":"mobile-align-left","14":"first","15":"instock","16":"sale","17":"taxable","18":"shipping-taxable","19":"purchasable","20":"product-type-simple"},"jetpack_sharing_enabled":true,"_links":{"self":[{"href":"https:\/\/partydecordelight.com\/es\/wp-json\/wp\/v2\/product\/1350","targetHints":{"allow":["GET"]}}],"collection":[{"href":"https:\/\/partydecordelight.com\/es\/wp-json\/wp\/v2\/product"}],"about":[{"href":"https:\/\/partydecordelight.com\/es\/wp-json\/wp\/v2\/types\/product"}],"replies":[{"embeddable":true,"href":"https:\/\/partydecordelight.com\/es\/wp-json\/wp\/v2\/comments?post=1350"}],"version-history":[{"count":3,"href":"https:\/\/partydecordelight.com\/es\/wp-json\/wp\/v2\/product\/1350\/revisions"}],"predecessor-version":[{"id":1919,"href":"https:\/\/partydecordelight.com\/es\/wp-json\/wp\/v2\/product\/1350\/revisions\/1919"}],"wp:featuredmedia":[{"embeddable":true,"href":"https:\/\/partydecordelight.com\/es\/wp-json\/wp\/v2\/media\/2367"}],"wp:attachment":[{"href":"https:\/\/partydecordelight.com\/es\/wp-json\/wp\/v2\/media?parent=1350"}],"wp:term":[{"taxonomy":"product_cat","embeddable":true,"href":"https:\/\/partydecordelight.com\/es\/wp-json\/wp\/v2\/product_cat?post=1350"},{"taxonomy":"product_tag","embeddable":true,"href":"https:\/\/partydecordelight.com\/es\/wp-json\/wp\/v2\/product_tag?post=1350"}],"curies":[{"name":"wp","href":"https:\/\/api.w.org\/{rel}","templated":true}]}}