{"id":1356,"date":"2024-06-29T13:49:47","date_gmt":"2024-06-29T05:49:47","guid":{"rendered":"https:\/\/partydecordelight.com\/product\/red-3d-fabric-artificial-flower-panels-floral-backdrop-wedding-rose-backdrop\/"},"modified":"2024-07-21T10:59:29","modified_gmt":"2024-07-21T02:59:29","slug":"red-3d-fabric-artificial-flower-panels-floral-backdrop-wedding-rose-backdrop","status":"publish","type":"product","link":"https:\/\/partydecordelight.com\/es\/product\/red-3d-fabric-artificial-flower-panels-floral-backdrop-wedding-rose-backdrop\/","title":{"rendered":"Rojo 3D Tela Flor Artificial Paneles de Pared, Flor Pared Tel\u00f3n de Fondo, Floral Tel\u00f3n de Fondo, Boda Rosa Tel\u00f3n de fondo"},"content":{"rendered":"<p>1. Esta cortina de fondo cuenta con un mecanismo que facilita su montaje y almacenamiento.<br \/>\n2. Presenta flores de tela rojas en 3D, que a\u00f1aden elegancia y belleza a cualquier espacio para eventos.<br \/>\n3. Se utiliza habitualmente como tel\u00f3n de fondo en bodas, fiestas y sesiones fotogr\u00e1ficas, creando un punto focal vibrante y llamativo.<br \/>\n4. Las flores artificiales requieren un mantenimiento m\u00ednimo y ofrecen un uso duradero sin marchitarse ni deste\u00f1irse.<\/p>\n<p>&nbsp;<\/p>\n<p>Por favor, tenga en cuenta que se trata de los paneles de flores y el tel\u00f3n de fondo no est\u00e1 incluido en este pedido.<\/p>\n<p>Especificaci\u00f3n:<br \/>\nTama\u00f1o: 12\u2033X18\u2033 por pieza<br \/>\nPaquete 1: la orden incluye 12pcs, que hace un total 4ftX8ft<br \/>\nPaquete 2: la orden incluye 24pcs, que hace un total 8ftX8ft<br \/>\nMaterial: Pl\u00e1stico de alta densidad y tela<br \/>\nColor: Rojo<br \/>\nEfecto de animaci\u00f3n:3D<br \/>\nOcasi\u00f3n: Boda, Fiesta Baby Shower, o cualquier otra Fiesta, Hogar, Jard\u00edn<br \/>\nTodas las tallas son medidas aproximadas.<\/p>","protected":false},"excerpt":{"rendered":"<p>Env\u00edo gratuito dentro de EE.UU. | Entrega en 2-5 d\u00edas.<\/p>","protected":false},"featured_media":2091,"comment_status":"open","ping_status":"closed","template":"","meta":{"site-sidebar-layout":"default","site-content-layout":"default","ast-global-header-display":"","ast-banner-title-visibility":"","ast-main-header-display":"","ast-hfb-above-header-display":"","ast-hfb-below-header-display":"","ast-hfb-mobile-header-display":"","site-post-title":"","ast-breadcrumbs-content":"","ast-featured-img":"","footer-sml-layout":"","theme-transparent-header-meta":"default","adv-header-id-meta":"","stick-header-meta":"default","header-above-stick-meta":"","header-main-stick-meta":"","header-below-stick-meta":""},"product_cat":[21,36],"product_tag":[133,130,136,134,132,131,135],"class_list":{"0":"post-1356","1":"product","2":"type-product","3":"status-publish","4":"has-post-thumbnail","6":"product_cat-all","7":"product_cat-artificial-flower","8":"product_tag-artificial-floral","9":"product_tag-artificial-flower-wall","10":"product_tag-event-floral-decoration","11":"product_tag-floral-wall","12":"product_tag-flower-backdrop","13":"product_tag-flower-wall-panels","14":"product_tag-wedding-flower","15":"desktop-align-left","16":"tablet-align-left","17":"mobile-align-left","19":"first","20":"instock","21":"sale","22":"taxable","23":"shipping-taxable","24":"purchasable","25":"product-type-variable"},"jetpack_sharing_enabled":true,"_links":{"self":[{"href":"https:\/\/partydecordelight.com\/es\/wp-json\/wp\/v2\/product\/1356","targetHints":{"allow":["GET"]}}],"collection":[{"href":"https:\/\/partydecordelight.com\/es\/wp-json\/wp\/v2\/product"}],"about":[{"href":"https:\/\/partydecordelight.com\/es\/wp-json\/wp\/v2\/types\/product"}],"replies":[{"embeddable":true,"href":"https:\/\/partydecordelight.com\/es\/wp-json\/wp\/v2\/comments?post=1356"}],"version-history":[{"count":2,"href":"https:\/\/partydecordelight.com\/es\/wp-json\/wp\/v2\/product\/1356\/revisions"}],"predecessor-version":[{"id":1833,"href":"https:\/\/partydecordelight.com\/es\/wp-json\/wp\/v2\/product\/1356\/revisions\/1833"}],"wp:featuredmedia":[{"embeddable":true,"href":"https:\/\/partydecordelight.com\/es\/wp-json\/wp\/v2\/media\/2091"}],"wp:attachment":[{"href":"https:\/\/partydecordelight.com\/es\/wp-json\/wp\/v2\/media?parent=1356"}],"wp:term":[{"taxonomy":"product_cat","embeddable":true,"href":"https:\/\/partydecordelight.com\/es\/wp-json\/wp\/v2\/product_cat?post=1356"},{"taxonomy":"product_tag","embeddable":true,"href":"https:\/\/partydecordelight.com\/es\/wp-json\/wp\/v2\/product_tag?post=1356"}],"curies":[{"name":"wp","href":"https:\/\/api.w.org\/{rel}","templated":true}]}}