{"id":1357,"date":"2024-06-29T13:49:47","date_gmt":"2024-06-29T05:49:47","guid":{"rendered":"https:\/\/partydecordelight.com\/product\/clearance-grass-wall-12pcs-set-high-density-artificial-panel-party-backdrop\/"},"modified":"2025-03-25T12:35:19","modified_gmt":"2025-03-25T17:35:19","slug":"clearance-grass-wall-12pcs-set-high-density-artificial-panel-party-backdrop","status":"publish","type":"product","link":"https:\/\/partydecordelight.com\/es\/product\/clearance-grass-wall-12pcs-set-high-density-artificial-panel-party-backdrop\/","title":{"rendered":"CLEARANCE Grass Wall 12Pcs\/Set Artificial Panel Party Backdrop Green Backdrop - Artificial Grass Wall Decor"},"content":{"rendered":"<p>Esta pared de hierba no es tan gruesa. Como se puede ver en la imagen, es mejor utilizarlo con un pa\u00f1o verde unido en la parte posterior. El soporte del tel\u00f3n de fondo y la tela no est\u00e1n incluidos.<\/p>\n<p>Usted puede utilizar tal pa\u00f1o para poner detr\u00e1s de \u00e9l: Negro o verde uno.<\/p>\n<p>Aqu\u00ed est\u00e1 el enlace para el soporte de tel\u00f3n de fondo<\/p>\n<p>https:\/\/partydecordelight.com\/product-page\/square-flower-wall-backdrop-adjustable-frame-pipe-and-drape-with-portable-bag<\/p>\n<p>&nbsp;<\/p>\n<p>Especificaci\u00f3n:<\/p>\n<p>Tama\u00f1o: 12\u2033X18\u2033 por pieza<\/p>\n<p>Paquete 1: la orden incluye 12pcs, que es un total 4ftX8ft<\/p>\n<p>En la imagen, se trata de 2 juegos de 12 piezas, es decir, 24 piezas que significa 8ftX8ft.<\/p>\n<p>Material: Pl\u00e1stico de alta densidad<\/p>\n<p>Color: Verde<\/p>\n<p>Ocasi\u00f3n: Boda, Fiesta Baby Shower, o cualquier otra Fiesta, Hogar, Jard\u00edn<\/p>\n<p>Todas las tallas son medidas aproximadas<\/p>\n<p><strong>Palabras clave:<\/strong><br \/>\nPared de c\u00e9sped de Mil\u00e1n, tel\u00f3n de fondo verde artificial, decoraci\u00f3n de eventos, tel\u00f3n de fondo enrollable, decoraci\u00f3n de fiestas, tel\u00f3n de fondo para fotomat\u00f3n.<\/p>","protected":false},"excerpt":{"rendered":"<p>Env\u00edo gratuito dentro de EE.UU. | Entrega en 2-5 d\u00edas.<\/p>","protected":false},"featured_media":1822,"comment_status":"open","ping_status":"closed","template":"","meta":{"site-sidebar-layout":"default","site-content-layout":"default","ast-global-header-display":"","ast-banner-title-visibility":"","ast-main-header-display":"","ast-hfb-above-header-display":"","ast-hfb-below-header-display":"","ast-hfb-mobile-header-display":"","site-post-title":"","ast-breadcrumbs-content":"","ast-featured-img":"","footer-sml-layout":"","theme-transparent-header-meta":"default","adv-header-id-meta":"","stick-header-meta":"default","header-above-stick-meta":"","header-main-stick-meta":"","header-below-stick-meta":""},"product_cat":[21,36],"product_tag":[128,127,129],"class_list":{"0":"post-1357","1":"product","2":"type-product","3":"status-publish","4":"has-post-thumbnail","6":"product_cat-all","7":"product_cat-artificial-flower","8":"product_tag-artificial-grass-wall","9":"product_tag-grass-wall","10":"product_tag-grass-wall-panels","11":"desktop-align-left","12":"tablet-align-left","13":"mobile-align-left","15":"first","16":"instock","17":"sale","18":"taxable","19":"shipping-taxable","20":"purchasable","21":"product-type-variable"},"jetpack_sharing_enabled":true,"_links":{"self":[{"href":"https:\/\/partydecordelight.com\/es\/wp-json\/wp\/v2\/product\/1357","targetHints":{"allow":["GET"]}}],"collection":[{"href":"https:\/\/partydecordelight.com\/es\/wp-json\/wp\/v2\/product"}],"about":[{"href":"https:\/\/partydecordelight.com\/es\/wp-json\/wp\/v2\/types\/product"}],"replies":[{"embeddable":true,"href":"https:\/\/partydecordelight.com\/es\/wp-json\/wp\/v2\/comments?post=1357"}],"version-history":[{"count":2,"href":"https:\/\/partydecordelight.com\/es\/wp-json\/wp\/v2\/product\/1357\/revisions"}],"predecessor-version":[{"id":1825,"href":"https:\/\/partydecordelight.com\/es\/wp-json\/wp\/v2\/product\/1357\/revisions\/1825"}],"wp:featuredmedia":[{"embeddable":true,"href":"https:\/\/partydecordelight.com\/es\/wp-json\/wp\/v2\/media\/1822"}],"wp:attachment":[{"href":"https:\/\/partydecordelight.com\/es\/wp-json\/wp\/v2\/media?parent=1357"}],"wp:term":[{"taxonomy":"product_cat","embeddable":true,"href":"https:\/\/partydecordelight.com\/es\/wp-json\/wp\/v2\/product_cat?post=1357"},{"taxonomy":"product_tag","embeddable":true,"href":"https:\/\/partydecordelight.com\/es\/wp-json\/wp\/v2\/product_tag?post=1357"}],"curies":[{"name":"wp","href":"https:\/\/api.w.org\/{rel}","templated":true}]}}