{"id":1359,"date":"2024-06-29T13:49:47","date_gmt":"2024-06-29T05:49:47","guid":{"rendered":"https:\/\/partydecordelight.com\/product\/round-wedding-arch-6ft-tall-white-metal-wedding-backdropcircle-ring-cover\/"},"modified":"2026-03-29T20:05:03","modified_gmt":"2026-03-30T01:05:03","slug":"round-wedding-arch-6ft-tall-white-metal-wedding-backdropcircle-ring-cover","status":"publish","type":"product","link":"https:\/\/partydecordelight.com\/es\/product\/round-wedding-arch-6ft-tall-white-metal-wedding-backdropcircle-ring-cover\/","title":{"rendered":"Arco de Boda Redondo, Tel\u00f3n de Fondo de Boda de Metal Blanco de 6 Pies de Alto, Soporte de Marco de Globo, Soporte de Arco"},"content":{"rendered":"<p>Especificaci\u00f3n:<br \/>\nDi\u00e1metro del c\u00edrculo: 6 pies<br \/>\nMaterial: Acero inoxidable<br \/>\nRequiere montaje: S\u00ed<br \/>\nOcasi\u00f3n: Boda, Fiesta Baby Shower, o cualquier otra Fiesta, Hogar, Jard\u00edn<br \/>\nTodas las tallas son medidas aproximadas.<\/p>\n<p>1. Elaborado con precisi\u00f3n y cuidado, nuestro arco de 1,80 m de altura se alza en un acabado met\u00e1lico blanco atemporal, que destila sofisticaci\u00f3n y encanto.<br \/>\n2. La cubierta circular del anillo a\u00f1ade un toque de fantas\u00eda y encanto, creando un tel\u00f3n de fondo fascinante para sus votos, fotos y recuerdos que durar\u00e1n toda la vida.<br \/>\n3. Vers\u00e1til y f\u00e1cil de montar, este arco es el complemento perfecto para cualquier lugar, desde ceremonias en jardines al aire libre hasta bodas en graneros r\u00fasticos y elegantes salones de baile.<br \/>\n4. Es su lienzo en blanco, listo para personalizarlo seg\u00fan el tema y la paleta de colores de su boda. Estamos aqu\u00ed para hacer realidad su visi\u00f3n.<\/p>\n<p>Cree hoy mismo la boda de sus sue\u00f1os con nuestro Arco de boda redondo y deje que su historia de amor sea el centro de atenci\u00f3n.<\/p>","protected":false},"excerpt":{"rendered":"<p>Env\u00edo gratuito dentro de EE.UU. | Entrega en 2-5 d\u00edas.<\/p>","protected":false},"featured_media":2084,"comment_status":"open","ping_status":"closed","template":"","meta":{"site-sidebar-layout":"default","site-content-layout":"default","ast-global-header-display":"","ast-banner-title-visibility":"","ast-main-header-display":"","ast-hfb-above-header-display":"","ast-hfb-below-header-display":"","ast-hfb-mobile-header-display":"","site-post-title":"","ast-breadcrumbs-content":"","ast-featured-img":"","footer-sml-layout":"","theme-transparent-header-meta":"default","adv-header-id-meta":"","stick-header-meta":"default","header-above-stick-meta":"","header-main-stick-meta":"","header-below-stick-meta":""},"product_cat":[21,34],"product_tag":[99,105,64,106,101,100,102],"class_list":{"0":"post-1359","1":"product","2":"type-product","3":"status-publish","4":"has-post-thumbnail","6":"product_cat-all","7":"product_cat-backdrop-stands","8":"product_tag-adjustable-backdrop-frame","9":"product_tag-backdrop-kit","10":"product_tag-backdrop-stand","11":"product_tag-balloon-frame","12":"product_tag-event-backdrop","13":"product_tag-photobooth-stand","14":"product_tag-photography-backdrop","15":"desktop-align-left","16":"tablet-align-left","17":"mobile-align-left","19":"first","20":"instock","21":"sale","22":"taxable","23":"shipping-taxable","24":"purchasable","25":"product-type-simple"},"jetpack_sharing_enabled":true,"_links":{"self":[{"href":"https:\/\/partydecordelight.com\/es\/wp-json\/wp\/v2\/product\/1359","targetHints":{"allow":["GET"]}}],"collection":[{"href":"https:\/\/partydecordelight.com\/es\/wp-json\/wp\/v2\/product"}],"about":[{"href":"https:\/\/partydecordelight.com\/es\/wp-json\/wp\/v2\/types\/product"}],"replies":[{"embeddable":true,"href":"https:\/\/partydecordelight.com\/es\/wp-json\/wp\/v2\/comments?post=1359"}],"version-history":[{"count":3,"href":"https:\/\/partydecordelight.com\/es\/wp-json\/wp\/v2\/product\/1359\/revisions"}],"predecessor-version":[{"id":1762,"href":"https:\/\/partydecordelight.com\/es\/wp-json\/wp\/v2\/product\/1359\/revisions\/1762"}],"wp:featuredmedia":[{"embeddable":true,"href":"https:\/\/partydecordelight.com\/es\/wp-json\/wp\/v2\/media\/2084"}],"wp:attachment":[{"href":"https:\/\/partydecordelight.com\/es\/wp-json\/wp\/v2\/media?parent=1359"}],"wp:term":[{"taxonomy":"product_cat","embeddable":true,"href":"https:\/\/partydecordelight.com\/es\/wp-json\/wp\/v2\/product_cat?post=1359"},{"taxonomy":"product_tag","embeddable":true,"href":"https:\/\/partydecordelight.com\/es\/wp-json\/wp\/v2\/product_tag?post=1359"}],"curies":[{"name":"wp","href":"https:\/\/api.w.org\/{rel}","templated":true}]}}