{"id":1361,"date":"2024-06-29T13:49:48","date_gmt":"2024-06-29T05:49:48","guid":{"rendered":"https:\/\/partydecordelight.com\/product\/40pcs-set-10%e2%80%b3-tall-white-flickering-flameless-battery-operated-led-taper-candle\/"},"modified":"2026-02-08T00:23:42","modified_gmt":"2026-02-08T05:23:42","slug":"40pcs-set-10%e2%80%b3-tall-white-flickering-flameless-battery-operated-led-taper-candle","status":"publish","type":"product","link":"https:\/\/partydecordelight.com\/es\/product\/40pcs-set-10%e2%80%b3-tall-white-flickering-flameless-battery-operated-led-taper-candle\/","title":{"rendered":"30Pcs\/Set 10\u2033 Tall White Flickering Flameless Battery Operated LED Taper Candle."},"content":{"rendered":"<p>Especificaci\u00f3n:<br \/>\nCantidad: 30 velas LED por pedido<br \/>\nMaterial: Pl\u00e1stico<br \/>\nLED Vela Altura: 10\u2033<br \/>\nDi\u00e1metro de la base: 0,75\u2033.<br \/>\nPilas: 2 pilas AAA (no incluidas)<br \/>\nTodas las tallas son medidas aproximadas<\/p>\n<p>&nbsp;<\/p>\n<p>\ud83d\udd6f\ufe0f **Eleve su espacio con 10\u2033 de alto blanco parpadeante sin llama pilas LED velas c\u00f3nicas ** \ud83d\udd6f\ufe0f<\/p>\n<p>Transforma tu hogar y tus eventos con el fascinante resplandor de nuestras velas LED.<\/p>\n<p>**Caracter\u00edsticas del producto:**<\/p>\n<p>\ud83c\udf1f **Llamas parpadeantes realistas:** Estas velas c\u00f3nicas LED reproducen el encanto de la luz de las velas reales con un parpadeo suave y realista, creando un ambiente encantador.<\/p>\n<p>\ud83d\udd0b **Funcionan con pilas:** No m\u00e1s suciedad ni goteos de cera: nuestras velas funcionan con pilas de larga duraci\u00f3n, lo que garantiza que brillen durante horas y horas.<\/p>\n<p>\ud83d\udeab **Safe &amp; Worry-Free:** Disfrute de la calidez de la luz de las velas sin las preocupaciones de seguridad. Perfecto para hogares con ni\u00f1os y mascotas, o como una opci\u00f3n de decoraci\u00f3n de eventos impresionante.<\/p>\n<p>\ud83d\udd6f\ufe0f **Dise\u00f1o blanco atemporal:** Nuestras velas blancas cl\u00e1sicas combinan sin esfuerzo con cualquier estilo de decoraci\u00f3n, por lo que son ideales para bodas, fiestas o para realzar los espacios cotidianos.<\/p>\n<p>\ud83d\udca1 **Uso vers\u00e1til:** Ya sea una cena rom\u00e1ntica, una celebraci\u00f3n navide\u00f1a o una velada acogedora, estas velas crean ambiente con facilidad.<\/p>\n<p>\ud83d\udcb0 **Econ\u00f3mico:** La tecnolog\u00eda LED garantiza un uso duradero, ahorr\u00e1ndote dinero en la sustituci\u00f3n tradicional de las velas.<\/p>\n<p>\ud83c\udfe1 **Esencial para la decoraci\u00f3n del hogar:** Crea una atm\u00f3sfera serena en tu hogar o espacio para eventos con estas elegantes velas.<\/p>\n<p>\ud83c\udf89 **Perfecto para ocasiones especiales:** A\u00f1ade un toque de magia a bodas, fiestas o cualquier celebraci\u00f3n.<\/p>\n<p>Descubre la belleza de la luz de las velas sin los inconvenientes de las velas tradicionales. Nuestras 10\u2033 Tall White Flickering Flameless Battery Operated LED Taper Candles son la mejor opci\u00f3n para crear una atm\u00f3sfera encantadora. \u00a1Haz tu pedido ahora y deja que la elegancia de la luz de las velas LED ilumine tu mundo! \u2728<\/p>\n<p>[Party Decor Delight] - Ilumina tu vida, vela a vela \ud83d\udd6f\ufe0f<\/p>\n<p>&nbsp;<\/p>","protected":false},"excerpt":{"rendered":"<p>Env\u00edo gratuito dentro de EE.UU. | Entrega en 2-5 d\u00edas.<\/p>","protected":false},"featured_media":2080,"comment_status":"open","ping_status":"closed","template":"","meta":{"site-sidebar-layout":"default","site-content-layout":"default","ast-global-header-display":"","ast-banner-title-visibility":"","ast-main-header-display":"","ast-hfb-above-header-display":"","ast-hfb-below-header-display":"","ast-hfb-mobile-header-display":"","site-post-title":"","ast-breadcrumbs-content":"","ast-featured-img":"","footer-sml-layout":"","theme-transparent-header-meta":"default","adv-header-id-meta":"","stick-header-meta":"default","header-above-stick-meta":"","header-main-stick-meta":"","header-below-stick-meta":""},"product_cat":[21,37],"product_tag":[150],"class_list":{"0":"post-1361","1":"product","2":"type-product","3":"status-publish","4":"has-post-thumbnail","6":"product_cat-all","7":"product_cat-tabletop-8-centerpieces","8":"product_tag-led-candles","9":"desktop-align-left","10":"tablet-align-left","11":"mobile-align-left","13":"first","14":"instock","15":"sale","16":"taxable","17":"shipping-taxable","18":"purchasable","19":"product-type-simple"},"jetpack_sharing_enabled":true,"_links":{"self":[{"href":"https:\/\/partydecordelight.com\/es\/wp-json\/wp\/v2\/product\/1361","targetHints":{"allow":["GET"]}}],"collection":[{"href":"https:\/\/partydecordelight.com\/es\/wp-json\/wp\/v2\/product"}],"about":[{"href":"https:\/\/partydecordelight.com\/es\/wp-json\/wp\/v2\/types\/product"}],"replies":[{"embeddable":true,"href":"https:\/\/partydecordelight.com\/es\/wp-json\/wp\/v2\/comments?post=1361"}],"version-history":[{"count":4,"href":"https:\/\/partydecordelight.com\/es\/wp-json\/wp\/v2\/product\/1361\/revisions"}],"predecessor-version":[{"id":2432,"href":"https:\/\/partydecordelight.com\/es\/wp-json\/wp\/v2\/product\/1361\/revisions\/2432"}],"wp:featuredmedia":[{"embeddable":true,"href":"https:\/\/partydecordelight.com\/es\/wp-json\/wp\/v2\/media\/2080"}],"wp:attachment":[{"href":"https:\/\/partydecordelight.com\/es\/wp-json\/wp\/v2\/media?parent=1361"}],"wp:term":[{"taxonomy":"product_cat","embeddable":true,"href":"https:\/\/partydecordelight.com\/es\/wp-json\/wp\/v2\/product_cat?post=1361"},{"taxonomy":"product_tag","embeddable":true,"href":"https:\/\/partydecordelight.com\/es\/wp-json\/wp\/v2\/product_tag?post=1361"}],"curies":[{"name":"wp","href":"https:\/\/api.w.org\/{rel}","templated":true}]}}