{"id":1362,"date":"2024-06-29T13:49:48","date_gmt":"2024-06-29T05:49:48","guid":{"rendered":"https:\/\/partydecordelight.com\/product\/crystal-glass-pendant-stand-2pcs-per-set-24h-party-wedding-centerpieces\/"},"modified":"2025-04-05T22:18:34","modified_gmt":"2025-04-06T03:18:34","slug":"crystal-glass-pendant-stand-2pcs-per-set-24h-party-wedding-centerpieces","status":"publish","type":"product","link":"https:\/\/partydecordelight.com\/es\/product\/crystal-glass-pendant-stand-2pcs-per-set-24h-party-wedding-centerpieces\/","title":{"rendered":"Cristal colgante de cristal de pie, 2Pcs por juego 24\u2033H fiesta y boda centros de mesa"},"content":{"rendered":"<p>Especificaci\u00f3n:<br \/>\nPaquete: 2 piezas por juego en un paquete<br \/>\nMaterial: Cristal<br \/>\nResistencia al peso: Alrededor de 15 libras<br \/>\nForma: Cuadrada<br \/>\nAltura total: 24\u2033<br \/>\nDi\u00e1metro superior: 10.5\u2033<br \/>\nDi\u00e1metro de la base: 7,5\u2033.<br \/>\nMedidas del paquete: 26\u2033X16\u2033X8,7\u2033.<br \/>\nRequiere montaje: S\u00ed<br \/>\nOcasi\u00f3n: Boda, Fiesta Baby Shower, o cualquier otra Fiesta, Hogar, Jard\u00edn<br \/>\nTodas las tallas son medidas aproximadas<\/p>\n<p>&nbsp;<\/p>\n<p>\u2728 **Detalles del producto** \u2728<\/p>\n<p>Este set incluye dos elegantes soportes para colgantes de cristal, cada uno de 24 pulgadas de altura. Estos soportes est\u00e1n meticulosamente elaborados para aportar elegancia atemporal y sofisticaci\u00f3n a sus ocasiones especiales.<\/p>\n<p>\u2728 **\u00bfPor qu\u00e9 elegir nuestros soportes colgantes de cristal?** \u2728<\/p>\n<p>1. **Elegancia atemporal**: Fabricados con precisi\u00f3n a partir de cristal de alta calidad, estos soportes irradian una belleza atemporal, lo que los convierte en un complemento cautivador para la decoraci\u00f3n de cualquier mesa.<\/p>\n<p>2. **Dise\u00f1o vers\u00e1til**: Nuestros soportes est\u00e1n dise\u00f1ados para ser vers\u00e1tiles, lo que le permite personalizarlos con varios elementos decorativos, desde cristales colgantes y arreglos florales hasta velas y luces LED.<\/p>\n<p>3. **\u00danico y adaptable**: Su evento es \u00fanico, y tambi\u00e9n lo son sus preferencias. Estos stands se pueden adaptar para que coincidan con su tema y combinaci\u00f3n de colores, lo que garantiza un ajuste perfecto para su celebraci\u00f3n.<\/p>\n<p>\u2728 **\u00bfPor qu\u00e9 comprar con [Party Decor 419]?** \u2728<\/p>\n<p>En [Party Decor 419], estamos comprometidos a ofrecerle productos de alta calidad que mejoren el ambiente de sus eventos especiales. Nuestros soportes colgantes de cristal no son s\u00f3lo centros de mesa; son el reflejo de su estilo y atenci\u00f3n al detalle.<\/p>\n<p>\u2728 **Pida el suyo hoy mismo** \u2728<\/p>\n<p>Eleve la decoraci\u00f3n de su evento a nuevas cotas con nuestro set de colgantes de cristal. Haga de su celebraci\u00f3n una sensaci\u00f3n resplandeciente que dejar\u00e1 una impresi\u00f3n duradera en sus invitados.<\/p>\n<p>No pierda esta oportunidad de a\u00f1adir un toque de lujo y sofisticaci\u00f3n a su evento. Explore las infinitas posibilidades de nuestros soportes colgantes de cristal y deje que los dise\u00f1os de sus centros de mesa brillen y cautiven.<\/p>\n<p>Pida hoy mismo su juego de colgantes de cristal y haga que su celebraci\u00f3n sea realmente extraordinaria.<\/p>\n<p>&nbsp;<\/p>","protected":false},"excerpt":{"rendered":"<p>Env\u00edo gratuito dentro de EE.UU. | Entrega en 2-5 d\u00edas.<\/p>","protected":false},"featured_media":2077,"comment_status":"open","ping_status":"closed","template":"","meta":{"site-sidebar-layout":"default","site-content-layout":"default","ast-global-header-display":"","ast-banner-title-visibility":"","ast-main-header-display":"","ast-hfb-above-header-display":"","ast-hfb-below-header-display":"","ast-hfb-mobile-header-display":"","site-post-title":"","ast-breadcrumbs-content":"","ast-featured-img":"","footer-sml-layout":"","theme-transparent-header-meta":"default","adv-header-id-meta":"","stick-header-meta":"default","header-above-stick-meta":"","header-main-stick-meta":"","header-below-stick-meta":""},"product_cat":[21,37],"product_tag":[142,141],"class_list":{"0":"post-1362","1":"product","2":"type-product","3":"status-publish","4":"has-post-thumbnail","6":"product_cat-all","7":"product_cat-tabletop-8-centerpieces","8":"product_tag-candelabra","9":"product_tag-candle-holder","10":"desktop-align-left","11":"tablet-align-left","12":"mobile-align-left","14":"first","15":"instock","16":"sale","17":"taxable","18":"shipping-taxable","19":"purchasable","20":"product-type-simple"},"jetpack_sharing_enabled":true,"_links":{"self":[{"href":"https:\/\/partydecordelight.com\/es\/wp-json\/wp\/v2\/product\/1362","targetHints":{"allow":["GET"]}}],"collection":[{"href":"https:\/\/partydecordelight.com\/es\/wp-json\/wp\/v2\/product"}],"about":[{"href":"https:\/\/partydecordelight.com\/es\/wp-json\/wp\/v2\/types\/product"}],"replies":[{"embeddable":true,"href":"https:\/\/partydecordelight.com\/es\/wp-json\/wp\/v2\/comments?post=1362"}],"version-history":[{"count":2,"href":"https:\/\/partydecordelight.com\/es\/wp-json\/wp\/v2\/product\/1362\/revisions"}],"predecessor-version":[{"id":1878,"href":"https:\/\/partydecordelight.com\/es\/wp-json\/wp\/v2\/product\/1362\/revisions\/1878"}],"wp:featuredmedia":[{"embeddable":true,"href":"https:\/\/partydecordelight.com\/es\/wp-json\/wp\/v2\/media\/2077"}],"wp:attachment":[{"href":"https:\/\/partydecordelight.com\/es\/wp-json\/wp\/v2\/media?parent=1362"}],"wp:term":[{"taxonomy":"product_cat","embeddable":true,"href":"https:\/\/partydecordelight.com\/es\/wp-json\/wp\/v2\/product_cat?post=1362"},{"taxonomy":"product_tag","embeddable":true,"href":"https:\/\/partydecordelight.com\/es\/wp-json\/wp\/v2\/product_tag?post=1362"}],"curies":[{"name":"wp","href":"https:\/\/api.w.org\/{rel}","templated":true}]}}