{"id":1363,"date":"2024-06-29T13:49:48","date_gmt":"2024-06-29T05:49:48","guid":{"rendered":"https:\/\/partydecordelight.com\/product\/pre-order-40h-crystal-glass-5-arms-candle-holder-pendant-centerpiece\/"},"modified":"2026-02-08T00:40:03","modified_gmt":"2026-02-08T05:40:03","slug":"pre-order-40h-crystal-glass-5-arms-candle-holder-pendant-centerpiece","status":"publish","type":"product","link":"https:\/\/partydecordelight.com\/es\/product\/pre-order-40h-crystal-glass-5-arms-candle-holder-pendant-centerpiece\/","title":{"rendered":"5 Brazos 40\u2033 Alto Candelabro de Cristal | Centros de Mesa | Centros de Mesa de Boda | Portavelas de Fiesta | Candelabro de mesa de comedor de eventos"},"content":{"rendered":"<p>Este Candelabro Colgante Portavelas 5 Brazos de Cristal de 40\u2033H es el complemento perfecto para la decoraci\u00f3n de cualquier fiesta. Con su dise\u00f1o elegante y cinco brazos, a\u00f1adir\u00e1 un toque \u00fanico de elegancia a su evento. Los portavelas est\u00e1n hechos de cristal de alta calidad y ser\u00e1n un bonito centro de mesa. Este art\u00edculo es perfecto para crear un ambiente c\u00e1lido y acogedor para sus invitados. A\u00f1ada un toque de sofisticaci\u00f3n a su pr\u00f3ximo evento con este exquisito portavelas.<\/p>\n<p><strong>Especificaci\u00f3n:<\/strong><\/p>\n<p>Material: Cristal<\/p>\n<p>Tama\u00f1o:<\/p>\n<ul>\n<li>Tama\u00f1o total: 40\u2033 de altura<\/li>\n<li>Pantalla: 2,4\u2033x11,8\u2033.<\/li>\n<li>Cadena: 4 cadenas \/ cada brazo, 20 cadenas en total<\/li>\n<li>Base: 7\u2033 L x 7\u2033 W<\/li>\n<li>5 Brazos<\/li>\n<li>Medidas del paquete: 26\u2033X16\u2033X8,7\u2033.<\/li>\n<\/ul>\n<p>Requiere montaje: S\u00ed<\/p>\n<p>Ocasi\u00f3n: Boda, Fiesta Baby Shower, o cualquier otra Fiesta, Hogar, Jard\u00edn<\/p>\n<p><strong>Todas las tallas son medidas aproximadas<\/strong><\/p>\n<p><a href=\"https:\/\/youtube.com\/shorts\/ciM18vxrNXU\" target=\"_blank\" rel=\"noopener\"><strong>Haga clic aqu\u00ed para<\/strong><\/a><strong> <a href=\"https:\/\/youtu.be\/8rOd_c20yq8\">Instrucciones para el montaje de<\/a><\/strong><a href=\"https:\/\/youtube.com\/shorts\/ciM18vxrNXU\" target=\"_blank\" rel=\"noopener\"><strong>\u00a0este\u00a0<\/strong><\/a>art\u00edculo.<\/p>\n<p>&nbsp;<\/p>","protected":false},"excerpt":{"rendered":"<p>Env\u00edo gratuito dentro de EE.UU. | Entrega en 2-5 d\u00edas.<\/p>","protected":false},"featured_media":2068,"comment_status":"open","ping_status":"closed","template":"","meta":{"site-sidebar-layout":"default","site-content-layout":"default","ast-global-header-display":"","ast-banner-title-visibility":"","ast-main-header-display":"","ast-hfb-above-header-display":"","ast-hfb-below-header-display":"","ast-hfb-mobile-header-display":"","site-post-title":"","ast-breadcrumbs-content":"","ast-featured-img":"","footer-sml-layout":"","theme-transparent-header-meta":"default","adv-header-id-meta":"","stick-header-meta":"default","header-above-stick-meta":"","header-main-stick-meta":"","header-below-stick-meta":""},"product_cat":[21,37],"product_tag":[142,141],"class_list":{"0":"post-1363","1":"product","2":"type-product","3":"status-publish","4":"has-post-thumbnail","6":"product_cat-all","7":"product_cat-tabletop-8-centerpieces","8":"product_tag-candelabra","9":"product_tag-candle-holder","10":"desktop-align-left","11":"tablet-align-left","12":"mobile-align-left","14":"first","15":"instock","16":"sale","17":"taxable","18":"shipping-taxable","19":"purchasable","20":"product-type-simple"},"jetpack_sharing_enabled":true,"_links":{"self":[{"href":"https:\/\/partydecordelight.com\/es\/wp-json\/wp\/v2\/product\/1363","targetHints":{"allow":["GET"]}}],"collection":[{"href":"https:\/\/partydecordelight.com\/es\/wp-json\/wp\/v2\/product"}],"about":[{"href":"https:\/\/partydecordelight.com\/es\/wp-json\/wp\/v2\/types\/product"}],"replies":[{"embeddable":true,"href":"https:\/\/partydecordelight.com\/es\/wp-json\/wp\/v2\/comments?post=1363"}],"version-history":[{"count":2,"href":"https:\/\/partydecordelight.com\/es\/wp-json\/wp\/v2\/product\/1363\/revisions"}],"predecessor-version":[{"id":1874,"href":"https:\/\/partydecordelight.com\/es\/wp-json\/wp\/v2\/product\/1363\/revisions\/1874"}],"wp:featuredmedia":[{"embeddable":true,"href":"https:\/\/partydecordelight.com\/es\/wp-json\/wp\/v2\/media\/2068"}],"wp:attachment":[{"href":"https:\/\/partydecordelight.com\/es\/wp-json\/wp\/v2\/media?parent=1363"}],"wp:term":[{"taxonomy":"product_cat","embeddable":true,"href":"https:\/\/partydecordelight.com\/es\/wp-json\/wp\/v2\/product_cat?post=1363"},{"taxonomy":"product_tag","embeddable":true,"href":"https:\/\/partydecordelight.com\/es\/wp-json\/wp\/v2\/product_tag?post=1363"}],"curies":[{"name":"wp","href":"https:\/\/api.w.org\/{rel}","templated":true}]}}