{"id":1367,"date":"2024-06-29T13:49:49","date_gmt":"2024-06-29T05:49:49","guid":{"rendered":"https:\/\/partydecordelight.com\/product\/3pcs-arch-chiara-backdrop-stand-walls-for-party-flowers-balloons-portable-bag\/"},"modified":"2025-04-05T22:19:42","modified_gmt":"2025-04-06T03:19:42","slug":"3pcs-arch-chiara-backdrop-stand-walls-for-party-flowers-balloons-portable-bag","status":"publish","type":"product","link":"https:\/\/partydecordelight.com\/es\/product\/3pcs-arch-chiara-backdrop-stand-walls-for-party-flowers-balloons-portable-bag\/","title":{"rendered":"3PCs gruesa aleaci\u00f3n de aluminio arco tel\u00f3n de fondo de pie, arco de la boda de pie de fondo del partido, globo de arco de pie, de pie arco floral, Ceremonia de Arco de pie"},"content":{"rendered":"<p>1. Las cubiertas tambi\u00e9n est\u00e1n disponibles en el enlace separado para el soporte de tel\u00f3n de fondo arqueado.<br \/>\n2. Estos soportes de tel\u00f3n de fondo Chiara presentan un dise\u00f1o ligero pero resistente.<br \/>\n3. Viene con una bolsa port\u00e1til para facilitar su transporte y almacenamiento.<br \/>\n4. Las paredes de arco est\u00e1n hechas de un material duradero que resistir\u00e1 el paso del tiempo, y son perfectas para crear un impresionante tel\u00f3n de fondo para las decoraciones de tu fiesta. Con este set, podr\u00e1s crear f\u00e1cilmente un bonito y llamativo expositor para cualquier ocasi\u00f3n.<\/p>\n<p><strong>Especificaci\u00f3n:<\/strong><\/p>\n<p>El paquete incluye:<br \/>\n1\uff093 juegos de arcos<br \/>\n2\uff09bolsas de almacenamiento negras<br \/>\n3\uff09instrucciones<\/p>\n<p>Tama\u00f1o: 3ft*5ft &amp; 4ft*7ft &amp; 3ft*6ft<\/p>\n<p>Material: Acero inoxidable<\/p>\n<p>Las fundas est\u00e1n disponibles por un precio adicional<\/p>\n<p>Medidas del paquete: 33,5\u2033X13\u2033X9\u2033.<\/p>\n<p>Requiere montaje: S\u00ed<\/p>\n<p>Ocasi\u00f3n: Boda, Fiesta Baby Shower, o cualquier otra Fiesta, Hogar, Jard\u00edn<\/p>\n<p>Todas las tallas son medidas aproximadas<\/p>\n<p>Palabras clave:<br \/>\nSoporte para arco de fondo, soporte para arco de boda, soporte para fondo de fiesta, soporte para arco de globos, soporte para arco floral, soporte para arco de ceremonia<\/p>\n<p><a href=\"https:\/\/youtu.be\/MaJD7nNpVJQ\" target=\"_blank\" rel=\"noopener\"><strong>Haga clic aqu\u00ed para<\/strong><\/a><strong> <a href=\"https:\/\/youtu.be\/8rOd_c20yq8\">Instrucciones para el montaje de<\/a><\/strong><a href=\"https:\/\/youtu.be\/MaJD7nNpVJQ\" target=\"_blank\" rel=\"noopener\"><strong>\u00a0este\u00a0<\/strong><\/a>art\u00edculo.<\/p>","protected":false},"excerpt":{"rendered":"<p>Env\u00edo gratuito dentro de EE.UU. | Entrega en 2-5 d\u00edas.<\/p>","protected":false},"featured_media":2042,"comment_status":"open","ping_status":"closed","template":"","meta":{"site-sidebar-layout":"default","site-content-layout":"default","ast-global-header-display":"","ast-banner-title-visibility":"","ast-main-header-display":"","ast-hfb-above-header-display":"","ast-hfb-below-header-display":"","ast-hfb-mobile-header-display":"","site-post-title":"","ast-breadcrumbs-content":"","ast-featured-img":"","footer-sml-layout":"","theme-transparent-header-meta":"default","adv-header-id-meta":"","stick-header-meta":"default","header-above-stick-meta":"","header-main-stick-meta":"","header-below-stick-meta":""},"product_cat":[21,34],"product_tag":[97,98,64,94,96,95,93,92],"class_list":{"0":"post-1367","1":"product","2":"type-product","3":"status-publish","4":"has-post-thumbnail","6":"product_cat-all","7":"product_cat-backdrop-stands","8":"product_tag-arch-backdrop-stand","9":"product_tag-arch-stand","10":"product_tag-backdrop-stand","11":"product_tag-balloon-arch-stand","12":"product_tag-ceremony-arch-stand","13":"product_tag-floral-arch-stand","14":"product_tag-party-background-stand","15":"product_tag-wedding-arch-stand","16":"desktop-align-left","17":"tablet-align-left","18":"mobile-align-left","20":"first","21":"instock","22":"sale","23":"taxable","24":"shipping-taxable","25":"purchasable","26":"product-type-simple"},"jetpack_sharing_enabled":true,"_links":{"self":[{"href":"https:\/\/partydecordelight.com\/es\/wp-json\/wp\/v2\/product\/1367","targetHints":{"allow":["GET"]}}],"collection":[{"href":"https:\/\/partydecordelight.com\/es\/wp-json\/wp\/v2\/product"}],"about":[{"href":"https:\/\/partydecordelight.com\/es\/wp-json\/wp\/v2\/types\/product"}],"replies":[{"embeddable":true,"href":"https:\/\/partydecordelight.com\/es\/wp-json\/wp\/v2\/comments?post=1367"}],"version-history":[{"count":4,"href":"https:\/\/partydecordelight.com\/es\/wp-json\/wp\/v2\/product\/1367\/revisions"}],"predecessor-version":[{"id":2046,"href":"https:\/\/partydecordelight.com\/es\/wp-json\/wp\/v2\/product\/1367\/revisions\/2046"}],"wp:featuredmedia":[{"embeddable":true,"href":"https:\/\/partydecordelight.com\/es\/wp-json\/wp\/v2\/media\/2042"}],"wp:attachment":[{"href":"https:\/\/partydecordelight.com\/es\/wp-json\/wp\/v2\/media?parent=1367"}],"wp:term":[{"taxonomy":"product_cat","embeddable":true,"href":"https:\/\/partydecordelight.com\/es\/wp-json\/wp\/v2\/product_cat?post=1367"},{"taxonomy":"product_tag","embeddable":true,"href":"https:\/\/partydecordelight.com\/es\/wp-json\/wp\/v2\/product_tag?post=1367"}],"curies":[{"name":"wp","href":"https:\/\/api.w.org\/{rel}","templated":true}]}}