{"id":1372,"date":"2024-06-29T13:49:53","date_gmt":"2024-06-29T05:49:53","guid":{"rendered":"https:\/\/partydecordelight.com\/product\/57h-10-arms-metal-candle-holder-candlestick-wedding-party-table-centerpiece\/"},"modified":"2026-02-08T00:40:03","modified_gmt":"2026-02-08T05:40:03","slug":"57h-10-arms-metal-candle-holder-candlestick-wedding-party-table-centerpiece","status":"publish","type":"product","link":"https:\/\/partydecordelight.com\/es\/product\/57h-10-arms-metal-candle-holder-candlestick-wedding-party-table-centerpiece\/","title":{"rendered":"10 Brazos 57\u2033 Alto Candelabro Racimo de Metal Dorado | Tulipas de Cristal Transparente | Boda | Fiesta | Centro de Mesa para Eventos | Portavelas Altos"},"content":{"rendered":"<p>Este Candelabro Portavelas de Metal de 10 brazos a\u00f1ade un toque cl\u00e1sico y elegante a cualquier fiesta o evento. Es perfecto para bodas, cumplea\u00f1os, aniversarios y otras ocasiones especiales. El portavelas est\u00e1 hecho de metal y est\u00e1 dise\u00f1ado para sostener hasta 10 velas, creando una atm\u00f3sfera hermosa y rom\u00e1ntica. Es el centro de mesa perfecto para cualquier decoraci\u00f3n, a\u00f1adiendo un toque de clase y sofisticaci\u00f3n al evento.<\/p>\n<p>&nbsp;<\/p>\n<p><strong>Especificaci\u00f3n:<\/strong><\/p>\n<p>Material: Metal y cristal<\/p>\n<p>Ocasi\u00f3n: Boda, Fiesta Baby Shower, o cualquier otra Fiesta, Hogar, Jard\u00edn<\/p>\n<p>Color: Dorado Claro<\/p>\n<p>Altura total: 57<\/p>\n<p>Di\u00e1metro de la base: 11\" Lx 11\u2033W<\/p>\n<p>Medidas del embalaje: 27\u2033X18\u2033X8\u2033.<\/p>\n<p>N\u00famero de tallos: 10 Tallos<\/p>\n<p>Tulipas de cristal: 10 Tulipas de cristal<\/p>\n<p>Requiere montaje: S\u00ed F\u00e1cil de montar<\/p>\n<p><strong>Todas las tallas son medidas aproximadas.<\/strong><\/p>\n<p><a href=\"https:\/\/youtu.be\/NgSeu1lDKqI\" target=\"_blank\" rel=\"noopener\"><strong>Haga clic aqu\u00ed para<\/strong><\/a><strong> <a href=\"https:\/\/youtu.be\/8rOd_c20yq8\">Instrucciones para el montaje de<\/a><\/strong><a href=\"https:\/\/youtu.be\/NgSeu1lDKqI\" target=\"_blank\" rel=\"noopener\"><strong>\u00a0este\u00a0<\/strong><\/a>art\u00edculo.<\/p>\n<p>Palabras clave:<br \/>\nPantallas de cristal, hechas a mano, dise\u00f1o de racimo cil\u00edndrico, brazo y base de metal dorado, sofisticaci\u00f3n chic, centro de mesa, decoraci\u00f3n de mesa, decoraci\u00f3n de interior y exterior, regalo de boda, regalo de aniversario, regalo de inauguraci\u00f3n, materiales de primera calidad, duraderos, dise\u00f1o sim\u00e9trico, pantallas de cristal, vers\u00e1tiles.<\/p>","protected":false},"excerpt":{"rendered":"<p>Env\u00edo gratuito dentro de EE.UU. | Entrega en 2-5 d\u00edas.<\/p>","protected":false},"featured_media":2009,"comment_status":"open","ping_status":"closed","template":"","meta":{"site-sidebar-layout":"default","site-content-layout":"default","ast-global-header-display":"","ast-banner-title-visibility":"","ast-main-header-display":"","ast-hfb-above-header-display":"","ast-hfb-below-header-display":"","ast-hfb-mobile-header-display":"","site-post-title":"","ast-breadcrumbs-content":"","ast-featured-img":"","footer-sml-layout":"","theme-transparent-header-meta":"default","adv-header-id-meta":"","stick-header-meta":"default","header-above-stick-meta":"","header-main-stick-meta":"","header-below-stick-meta":""},"product_cat":[21,37],"product_tag":[142,141],"class_list":{"0":"post-1372","1":"product","2":"type-product","3":"status-publish","4":"has-post-thumbnail","6":"product_cat-all","7":"product_cat-tabletop-8-centerpieces","8":"product_tag-candelabra","9":"product_tag-candle-holder","10":"desktop-align-left","11":"tablet-align-left","12":"mobile-align-left","14":"first","15":"instock","16":"sale","17":"taxable","18":"shipping-taxable","19":"purchasable","20":"product-type-simple"},"jetpack_sharing_enabled":true,"_links":{"self":[{"href":"https:\/\/partydecordelight.com\/es\/wp-json\/wp\/v2\/product\/1372","targetHints":{"allow":["GET"]}}],"collection":[{"href":"https:\/\/partydecordelight.com\/es\/wp-json\/wp\/v2\/product"}],"about":[{"href":"https:\/\/partydecordelight.com\/es\/wp-json\/wp\/v2\/types\/product"}],"replies":[{"embeddable":true,"href":"https:\/\/partydecordelight.com\/es\/wp-json\/wp\/v2\/comments?post=1372"}],"version-history":[{"count":2,"href":"https:\/\/partydecordelight.com\/es\/wp-json\/wp\/v2\/product\/1372\/revisions"}],"predecessor-version":[{"id":1883,"href":"https:\/\/partydecordelight.com\/es\/wp-json\/wp\/v2\/product\/1372\/revisions\/1883"}],"wp:featuredmedia":[{"embeddable":true,"href":"https:\/\/partydecordelight.com\/es\/wp-json\/wp\/v2\/media\/2009"}],"wp:attachment":[{"href":"https:\/\/partydecordelight.com\/es\/wp-json\/wp\/v2\/media?parent=1372"}],"wp:term":[{"taxonomy":"product_cat","embeddable":true,"href":"https:\/\/partydecordelight.com\/es\/wp-json\/wp\/v2\/product_cat?post=1372"},{"taxonomy":"product_tag","embeddable":true,"href":"https:\/\/partydecordelight.com\/es\/wp-json\/wp\/v2\/product_tag?post=1372"}],"curies":[{"name":"wp","href":"https:\/\/api.w.org\/{rel}","templated":true}]}}