{"id":1374,"date":"2024-06-29T13:49:53","date_gmt":"2024-06-29T05:49:53","guid":{"rendered":"https:\/\/partydecordelight.com\/product\/pre-order-3-piece-set-metal-gold-twist-plated-floral-dessert-table-pedestals\/"},"modified":"2026-02-08T00:40:03","modified_gmt":"2026-02-08T05:40:03","slug":"pre-order-3-piece-set-metal-gold-twist-plated-floral-dessert-table-pedestals","status":"publish","type":"product","link":"https:\/\/partydecordelight.com\/es\/product\/pre-order-3-piece-set-metal-gold-twist-plated-floral-dessert-table-pedestals\/","title":{"rendered":"Juego de 3 Piezas | Pedestal de Postre y Floral de Metal Dorado | Cilindro Redondo de Metal Dorado para Bodas, Fiestas y Eventos"},"content":{"rendered":"<p>Este Pedestal de Mesa para Pastel de Postre es perfecto para cualquier evento u ocasi\u00f3n especial. Cuenta con un hermoso dise\u00f1o de la placa de oro giro que le dar\u00e1 un toque de elegancia y sofisticaci\u00f3n a su postre o pastel de mesa. Su robusta construcci\u00f3n garantiza la estabilidad de su mesa durante toda la fiesta. Con su hermoso dise\u00f1o, este pedestal har\u00e1 que cualquier pastel o mesa de postres se vea impresionante y elegante. Es el complemento perfecto para cualquier celebraci\u00f3n.<\/p>\n<p>&nbsp;<\/p>\n<p><strong>Especificaci\u00f3n:<\/strong><\/p>\n<p>Material: Metal y acr\u00edlico<\/p>\n<p>Ocasi\u00f3n: Boda, Fiesta Baby Shower, o cualquier otra Fiesta, Hogar, Jard\u00edn<\/p>\n<p>Color: Dorado<br \/>\nOpciones de tama\u00f1o:<br \/>\nEl paquete incluye: 1 x 23,6\u2033 H Bar+1 x 27,6 H\" Bar+1 x 31,5\u2033 H Bar+ 3 x19,7\u2033 Bases.<\/p>\n<p>Tama\u00f1o: #A: 23,6\u2033 H #B: 27,6 H\" #C: 31,5\u2033 H<\/p>\n<p>Tama\u00f1o de la base superior: 19,7\u2033 D x 4\u2033 H<\/p>\n<p>Di\u00e1metro de la base inferior: 13,8 \" Di<\/p>\n<p>Parecido Requerido: S\u00ed F\u00e1cil de montar<\/p>\n<p>Capacidad de peso: hasta 20LBs<\/p>\n<p><strong>Juego de 3 piezas (las 3 tallas A+B+C)<\/strong><\/p>\n<p><strong>Todas las tallas son medidas aproximadas<\/strong><\/p>\n<p><strong>Palabras clave:<\/strong><br \/>\nSoportes de pedestal de oro, soportes de exhibici\u00f3n del cilindro, decoraci\u00f3n de la tabla del postre, soportes florales del tel\u00f3n de fondo, decoraci\u00f3n del acontecimiento, pieza central de la boda, fuentes del partido.<\/p>\n<p>&nbsp;<\/p>\n<p><a href=\"https:\/\/youtu.be\/OTBfkcP7q-s\" target=\"_blank\" rel=\"noopener\"><strong>Haga clic aqu\u00ed para<\/strong><\/a><strong> <a href=\"https:\/\/youtu.be\/8rOd_c20yq8\">Instrucciones <\/a><\/strong><a href=\"https:\/\/youtu.be\/OTBfkcP7q-s\" target=\"_blank\" rel=\"noopener\"><strong>ensamblar<\/strong><\/a><a href=\"https:\/\/youtu.be\/OTBfkcP7q-s\" target=\"_blank\" rel=\"noopener\"><strong>\u00a0esta mesa giratoria de metal dorado Pedestales<\/strong><\/a>.<\/p>","protected":false},"excerpt":{"rendered":"<p>Env\u00edo gratuito dentro de EE.UU. | Entrega en 2-5 d\u00edas.<\/p>","protected":false},"featured_media":2015,"comment_status":"open","ping_status":"closed","template":"","meta":{"site-sidebar-layout":"default","site-content-layout":"default","ast-global-header-display":"","ast-banner-title-visibility":"","ast-main-header-display":"","ast-hfb-above-header-display":"","ast-hfb-below-header-display":"","ast-hfb-mobile-header-display":"","site-post-title":"","ast-breadcrumbs-content":"","ast-featured-img":"","footer-sml-layout":"","theme-transparent-header-meta":"default","adv-header-id-meta":"","stick-header-meta":"default","header-above-stick-meta":"","header-main-stick-meta":"","header-below-stick-meta":""},"product_cat":[21,34],"product_tag":[63,64,55,54,66,67,68,65,53],"class_list":{"0":"post-1374","1":"product","2":"type-product","3":"status-publish","4":"has-post-thumbnail","6":"product_cat-all","7":"product_cat-backdrop-stands","8":"product_tag-backdrop","9":"product_tag-backdrop-stand","10":"product_tag-baptism-decor","11":"product_tag-birthday-party-decor","12":"product_tag-cylinder-display-stands","13":"product_tag-dessert-table-decor","14":"product_tag-floral-backdrop-stands","15":"product_tag-gold-pedestal-stands","16":"product_tag-wedding-decorations","17":"desktop-align-left","18":"tablet-align-left","19":"mobile-align-left","21":"first","22":"instock","23":"sale","24":"taxable","25":"shipping-taxable","26":"purchasable","27":"product-type-simple"},"jetpack_sharing_enabled":true,"_links":{"self":[{"href":"https:\/\/partydecordelight.com\/es\/wp-json\/wp\/v2\/product\/1374","targetHints":{"allow":["GET"]}}],"collection":[{"href":"https:\/\/partydecordelight.com\/es\/wp-json\/wp\/v2\/product"}],"about":[{"href":"https:\/\/partydecordelight.com\/es\/wp-json\/wp\/v2\/types\/product"}],"replies":[{"embeddable":true,"href":"https:\/\/partydecordelight.com\/es\/wp-json\/wp\/v2\/comments?post=1374"}],"version-history":[{"count":4,"href":"https:\/\/partydecordelight.com\/es\/wp-json\/wp\/v2\/product\/1374\/revisions"}],"predecessor-version":[{"id":1757,"href":"https:\/\/partydecordelight.com\/es\/wp-json\/wp\/v2\/product\/1374\/revisions\/1757"}],"wp:featuredmedia":[{"embeddable":true,"href":"https:\/\/partydecordelight.com\/es\/wp-json\/wp\/v2\/media\/2015"}],"wp:attachment":[{"href":"https:\/\/partydecordelight.com\/es\/wp-json\/wp\/v2\/media?parent=1374"}],"wp:term":[{"taxonomy":"product_cat","embeddable":true,"href":"https:\/\/partydecordelight.com\/es\/wp-json\/wp\/v2\/product_cat?post=1374"},{"taxonomy":"product_tag","embeddable":true,"href":"https:\/\/partydecordelight.com\/es\/wp-json\/wp\/v2\/product_tag?post=1374"}],"curies":[{"name":"wp","href":"https:\/\/api.w.org\/{rel}","templated":true}]}}